{"id":900,"date":"2018-11-26T22:25:56","date_gmt":"2018-11-26T20:25:56","guid":{"rendered":"http:\/\/tv-hasloch.de\/?page_id=900"},"modified":"2018-11-26T22:33:14","modified_gmt":"2018-11-26T20:33:14","slug":"mitgliederversammlung-2018","status":"publish","type":"page","link":"https:\/\/tv-hasloch.de\/?page_id=900","title":{"rendered":"Mitgliederversammlung 2018"},"content":{"rendered":"<p>&nbsp;<\/p>\n<p>Am Sonntag, 04.11.2018 fand die Mitgliederversammlung des TVH im Feuerwehrger\u00e4tehaus statt. Der Vorstand -Verwaltung\u00a0 &#8211; Katrin Trabold begr\u00fc\u00dfte die ca. 40 anwesenden Vereinsmitglieder. Zum Totengedenken der verstorbenen Vereinsmitglieder erhoben sich die Anwesenden von ihren Pl\u00e4tzen. Katrin Trabold berichete, dass der Verein derzeit 608 Mitglieder hat. Im vergangenen Jahr war ein wesentlicher Punkt der Verwaltung der Datenschutz. Dazu liegen in der Haseltalhalle Hinweise aus, au\u00dferdem sind sie in die Homepage eingepflegt.<\/p>\n<p>Nach ihrem ersten Jahr als Vorsitzende des TVH bedankt sie sich bei allen Vorstandsmitgliedern, \u00dcbungsleitern und Helfern bei Veranstaltungen f\u00fcr die gute Zusammenarbeit. Es folgte der Bericht des Vorstands \u2013 \u00d6ffentlichkeitsarbeit- Christiane Versch. Im letzten Jahr wurden 6 Berichte \u00fcber sportliche Erfolge und Veranstaltungen im Main-Echo bzw. Unser Echo ver\u00f6ffentlicht. Sie dankte Robin Hirsch f\u00fcr die Pflege der TVH-Homepage.<\/p>\n<p>Die Vorsitzende \u2013Wirtschaftsausschuss- Susanne Hollensteiner ist mit 6 Beisitzern f\u00fcr die Durchf\u00fchrung der Veranstaltungen verantwortlich. Alle Veranstaltungen: Weihnachtsfeier 2017, Turnerball und Faschingssamstag wurden von weniger G\u00e4sten besucht als in den Vorjahren. Da am Faschingssamstag nur 140 G\u00e4ste gekommen waren, wird diese Veranstaltung k\u00fcnftig ver\u00e4ndert durchgef\u00fchrt werden. Vorschl\u00e4ge f\u00fcr eine ver\u00e4nderte Faschingsveranstaltung werden gerne entgegengenommen. Sommerfest und Herbstfest waren vom Wetter beg\u00fcnstigt gut besucht, auch die beiden Gauligawettk\u00e4mpfe waren wirtschaftlich ein Erfolg.<\/p>\n<p>J\u00fcrgen Dosch als Vorstand \u2013Turnen- erl\u00e4utert den sportlichen Bereich des TVH:<\/p>\n<p>Die Abteilung Turnen mit Abteilungsleiter Bernd Koch\u00a0 bietet derzeit folgende Gruppen an: Kleine M\u00e4dchen und Buben, Grundlagentraining M\u00e4dchen und Buben, Breitensport Turnen weiblich, Leistungsorientiertes Ger\u00e4teturnen weiblich und m\u00e4nnlich, M\u00e4nner \u00dc30, Jederm\u00e4nner und die Walking-Gruppe. Die Highlights 2018 waren die Teilnahme am Bayernpokal. Dabei traten 4 weibliche Mannschaften an, Von der Jugend E bis zu den Aktiven 18+. Auch 3 m\u00e4nnliche Mannschaften waren am Start: die Jugend D, Jungend A\/B und die Aktiven.<\/p>\n<p>Die Abteilung Tanz und Gymnastik wird geleitet von Karin Graf. Es gibt die Tanzgruppe, Step Aerobik, Pilates, Zumba, Yoga und verschiedene Gymnastikgruppen, sowie das \u00c4lteren- und Seniorenturnen. Zum \u00c4lteren- und Seniorenturnen meldet sich die \u00dcbungsleiterin Lydia Petermann zu Wort. Sie wirbt f\u00fcr neue Teilnehmerinnen, da ihr Training unter dem Motto \u201eFit durch Tanzen\u201c allen viel Spa\u00df an der Bewegung vermittelt.<\/p>\n<p>Beim Volleyball mit Abteilungsleiter Gernot Versch spielt derzeit eine Herrenmannschaft mit 20 gemeldeten Spielern.<\/p>\n<p>Die Abteilung Tennis wird von Andreas B\u00f6kle geleitet. 4 Mannschaften nehmen an der Medenrunde teil, das sind die Jugend, Herren, Herren 30 und Herren 65.<\/p>\n<p>Die Kassenpr\u00fcfer Erich Dressler und Dieter Koch berichten, dass die Kasse einwandfrei gef\u00fchrt wurde. Darauf erfolgte die einstimmige Entlastung der Kassiererin durch die Versammlung.<\/p>\n<p>&nbsp;<\/p>\n<p>Zum Tagesordnungspunkt derzeitige Situation und Zukunftsplanung gab Katrin Trabold folgendes bekannt:<\/p>\n<p>Der Vereinsbus wurde 2018 aus wirtschaftlichen Gr\u00fcnden abgegeben. Es steht an die Renovierung der Au\u00dfenfassade der Lagerhalle sowie des Tanzraums in der alten Schule. Folgende Termine stehen an: am 09.02.2019 der Turnerball, am 06.\/07.07. Sommerfest, am 29.09. Herbstfest und am 05.\/06.10 Gauligawettk\u00e4mpfe, sowie die Weihnachtsfeier am 14.12.2019. Zur diesj\u00e4hrigen Weihnachtsfeier am 08.12.2018 sind alle Mitglieder, Freunde und Sponsoren sowie Eltern und Gro\u00dfeltern der Turnkinder herzlich eingeladen.<\/p>\n<p>Zum Tagesordnungspunkt Antr\u00e4ge wurde ein Antrag von Dieter Koch verlesen, der den Pachtvertrag mit der Gemeinde \u00fcber die Sportplatznutzung betrifft. Da der Sportplatz derzeit von vielen Nichtmitgliedern h\u00e4ufig genutzt wird, wurde auch \u00fcber Haftungsfragen gesprochen. Die Abstimmung der Versammlung erteilte der Vorstandschaft mehrheitlich den Auftrag, \u00fcber den Pachtvertrag neu zu verhandeln.<\/p>\n<p>Abschlie\u00dfend schloss Katrin Trabold die harmonisch verlaufene Veranstaltung.<\/p>\n<p>&nbsp;<\/p>\n<p><img fetchpriority=\"high\" decoding=\"async\" class=\"aligncenter wp-image-905\" src=\"http:\/\/tv-hasloch.de\/wp-content\/uploads\/2018\/11\/2018_Mitgliederversammlung.jpg\" alt=\"\" width=\"400\" height=\"229\" srcset=\"https:\/\/tv-hasloch.de\/wp-content\/uploads\/2018\/11\/2018_Mitgliederversammlung.jpg 741w, https:\/\/tv-hasloch.de\/wp-content\/uploads\/2018\/11\/2018_Mitgliederversammlung-300x172.jpg 300w, https:\/\/tv-hasloch.de\/wp-content\/uploads\/2018\/11\/2018_Mitgliederversammlung-250x143.jpg 250w, https:\/\/tv-hasloch.de\/wp-content\/uploads\/2018\/11\/2018_Mitgliederversammlung-150x86.jpg 150w\" sizes=\"(max-width: 400px) 100vw, 400px\" \/><\/p>\n","protected":false},"excerpt":{"rendered":"<p>&nbsp; Am Sonntag, 04.11.2018 fand die Mitgliederversammlung des TVH im Feuerwehrger\u00e4tehaus statt. Der Vorstand -Verwaltung\u00a0 &#8211; Katrin Trabold begr\u00fc\u00dfte die ca. 40 anwesenden Vereinsmitglieder. Zum Totengedenken der verstorbenen Vereinsmitglieder erhoben sich die Anwesenden von ihren Pl\u00e4tzen. Katrin Trabold berichete, dass der Verein derzeit 608 Mitglieder hat. Im vergangenen Jahr war\u2026 <a class=\"continue-reading-link\" href=\"https:\/\/tv-hasloch.de\/?page_id=900\">Continue reading<\/a><\/p>\n","protected":false},"author":1,"featured_media":0,"parent":32,"menu_order":13,"comment_status":"closed","ping_status":"closed","template":"templates\/template-twocolumns-right.php","meta":{"footnotes":""},"class_list":["post-900","page","type-page","status-publish","hentry"],"_links":{"self":[{"href":"https:\/\/tv-hasloch.de\/index.php?rest_route=\/wp\/v2\/pages\/900","targetHints":{"allow":["GET"]}}],"collection":[{"href":"https:\/\/tv-hasloch.de\/index.php?rest_route=\/wp\/v2\/pages"}],"about":[{"href":"https:\/\/tv-hasloch.de\/index.php?rest_route=\/wp\/v2\/types\/page"}],"author":[{"embeddable":true,"href":"https:\/\/tv-hasloch.de\/index.php?rest_route=\/wp\/v2\/users\/1"}],"replies":[{"embeddable":true,"href":"https:\/\/tv-hasloch.de\/index.php?rest_route=%2Fwp%2Fv2%2Fcomments&post=900"}],"version-history":[{"count":3,"href":"https:\/\/tv-hasloch.de\/index.php?rest_route=\/wp\/v2\/pages\/900\/revisions"}],"predecessor-version":[{"id":906,"href":"https:\/\/tv-hasloch.de\/index.php?rest_route=\/wp\/v2\/pages\/900\/revisions\/906"}],"up":[{"embeddable":true,"href":"https:\/\/tv-hasloch.de\/index.php?rest_route=\/wp\/v2\/pages\/32"}],"wp:attachment":[{"href":"https:\/\/tv-hasloch.de\/index.php?rest_route=%2Fwp%2Fv2%2Fmedia&parent=900"}],"curies":[{"name":"wp","href":"https:\/\/api.w.org\/{rel}","templated":true}]}}