{"id":88,"date":"2016-10-12T20:43:11","date_gmt":"2016-10-12T19:43:11","guid":{"rendered":"http:\/\/tv-hasloch.de\/?page_id=88"},"modified":"2026-03-23T11:52:02","modified_gmt":"2026-03-23T10:52:02","slug":"zumba-kids","status":"publish","type":"page","link":"https:\/\/tv-hasloch.de\/?page_id=88","title":{"rendered":"Zumba Kids"},"content":{"rendered":"<p>Tanzparty f\u00fcr Kinder ab 6 Jahren.<\/p>\n<p>Neuer 10er Block ab Mitte M\u00e4rz 2025<\/p>\n<p>Immer Donnerstags von 17:00 &#8211; 18:00 Uhr<\/p>\n<p>N\u00e4here Infos bei Trainerin Tina Versch<\/p>\n<p>Begrenzte Teilnehmerzahl.<\/p>\n<p><img fetchpriority=\"high\" decoding=\"async\" class=\"aligncenter wp-image-176\" src=\"http:\/\/tv-hasloch.de\/wp-content\/uploads\/2016\/11\/Zumba-Kids2_klein.jpg\" width=\"550\" height=\"275\" srcset=\"https:\/\/tv-hasloch.de\/wp-content\/uploads\/2016\/11\/Zumba-Kids2_klein.jpg 1240w, https:\/\/tv-hasloch.de\/wp-content\/uploads\/2016\/11\/Zumba-Kids2_klein-300x150.jpg 300w, https:\/\/tv-hasloch.de\/wp-content\/uploads\/2016\/11\/Zumba-Kids2_klein-768x385.jpg 768w, https:\/\/tv-hasloch.de\/wp-content\/uploads\/2016\/11\/Zumba-Kids2_klein-1024x513.jpg 1024w, https:\/\/tv-hasloch.de\/wp-content\/uploads\/2016\/11\/Zumba-Kids2_klein-250x125.jpg 250w, https:\/\/tv-hasloch.de\/wp-content\/uploads\/2016\/11\/Zumba-Kids2_klein-150x75.jpg 150w\" sizes=\"(max-width: 550px) 100vw, 550px\" \/><\/p>\n","protected":false},"excerpt":{"rendered":"<p>Tanzparty f\u00fcr Kinder ab 6 Jahren. Neuer 10er Block ab Mitte M\u00e4rz 2025 Immer Donnerstags von 17:00 &#8211; 18:00 Uhr N\u00e4here Infos bei Trainerin Tina Versch Begrenzte Teilnehmerzahl. <a class=\"continue-reading-link\" href=\"https:\/\/tv-hasloch.de\/?page_id=88\">Continue reading<\/a><\/p>\n","protected":false},"author":2,"featured_media":0,"parent":12,"menu_order":0,"comment_status":"closed","ping_status":"closed","template":"","meta":{"footnotes":""},"class_list":["post-88","page","type-page","status-publish","hentry"],"_links":{"self":[{"href":"https:\/\/tv-hasloch.de\/index.php?rest_route=\/wp\/v2\/pages\/88","targetHints":{"allow":["GET"]}}],"collection":[{"href":"https:\/\/tv-hasloch.de\/index.php?rest_route=\/wp\/v2\/pages"}],"about":[{"href":"https:\/\/tv-hasloch.de\/index.php?rest_route=\/wp\/v2\/types\/page"}],"author":[{"embeddable":true,"href":"https:\/\/tv-hasloch.de\/index.php?rest_route=\/wp\/v2\/users\/2"}],"replies":[{"embeddable":true,"href":"https:\/\/tv-hasloch.de\/index.php?rest_route=%2Fwp%2Fv2%2Fcomments&post=88"}],"version-history":[{"count":11,"href":"https:\/\/tv-hasloch.de\/index.php?rest_route=\/wp\/v2\/pages\/88\/revisions"}],"predecessor-version":[{"id":1943,"href":"https:\/\/tv-hasloch.de\/index.php?rest_route=\/wp\/v2\/pages\/88\/revisions\/1943"}],"up":[{"embeddable":true,"href":"https:\/\/tv-hasloch.de\/index.php?rest_route=\/wp\/v2\/pages\/12"}],"wp:attachment":[{"href":"https:\/\/tv-hasloch.de\/index.php?rest_route=%2Fwp%2Fv2%2Fmedia&parent=88"}],"curies":[{"name":"wp","href":"https:\/\/api.w.org\/{rel}","templated":true}]}}