{"id":852,"date":"2018-08-01T18:56:04","date_gmt":"2018-08-01T16:56:04","guid":{"rendered":"http:\/\/tv-hasloch.de\/?page_id=852"},"modified":"2018-08-01T18:57:12","modified_gmt":"2018-08-01T16:57:12","slug":"sommerfest-2018","status":"publish","type":"page","link":"https:\/\/tv-hasloch.de\/?page_id=852","title":{"rendered":"Sommerfest 2018"},"content":{"rendered":"<p>&nbsp;<\/p>\n<p>Turnen, Spa\u00df und Open Air Musik \u2013 all das war wieder angesagt beim Sommerfest des Turnverein Hasloch.<\/p>\n<p>Am Samstag, den 14.Juli 2018 in Hasloch fanden am Vormittag die TVH-Vereinsmeisterschaften der Leistungsturner und \u2013turnerinnen in der Haseltalhalle statt. Bei der anschlie\u00dfenden Siegerehrung wurden die Besten der Leistungsturner des TVHasloch geehrt. Lukas Roos erhielt dar\u00fcber hinaus den Karl-Wiegand-Ged\u00e4chtnispokal. Diese Ehrung wird im j\u00e4hrlichen Wechsel an einen weiblichen bzw. m\u00e4nnlichen Jugendturner, f\u00fcr besondere Leistungen und besonderen Trainingsflei\u00df, erteilt.<\/p>\n<p>Nach der Mittagspause folgten auf dem Festplatz die sportlichen Vorf\u00fchrungen. Die kleinen M\u00e4dchen und Buben, die Breitensportgruppe \u201eTurnen M\u00e4dchen\u201c und die Zumba Gruppen f\u00fcr Kinder und Erwachsene zeigten mit gro\u00dfem Eifer ihr ganzes K\u00f6nnen dem zahlreichen Publikum. Das offizielle Programm wurde von den weiblichen und m\u00e4nnlichen Leistungsturnern des TVH, die eine eindrucksvolle Turnshow mit vielen akrobatischen Elementen zeigten, beendet. F\u00fcr die unterschiedlichsten Turngruppen sparten die vielen Zuschauer nicht mit ihrem Applaus.<\/p>\n<p>Das Basketballturnier fand am Nachmittag ebenfalls gro\u00dfen Zuspruch, genauso wie die Spa\u00dfwettbewerbe im Steinsto\u00dfen und Schleuderball.<\/p>\n<p>Auch die Vereinsmeisterschaften der Tennisabteilung wurden am Wochenende auf den Tennispl\u00e4tzen erfolgreich ausgetragen.<\/p>\n<p>Am Abend sorgte die Band, \u201eMir 2w\u00e4 und Band\u201c mit ihrer unverwechselbarem Live Auftritt beim Open-Air, unter den vielen G\u00e4sten f\u00fcr eine tolle Stimmung. Das wundersch\u00f6ne Sommerwetter und die gute Verpflegung rundeten das Sommerfest des TVH erfolgreich ab.<\/p>\n","protected":false},"excerpt":{"rendered":"<p>&nbsp; Turnen, Spa\u00df und Open Air Musik \u2013 all das war wieder angesagt beim Sommerfest des Turnverein Hasloch. Am Samstag, den 14.Juli 2018 in Hasloch fanden am Vormittag die TVH-Vereinsmeisterschaften der Leistungsturner und \u2013turnerinnen in der Haseltalhalle statt. Bei der anschlie\u00dfenden Siegerehrung wurden die Besten der Leistungsturner des TVHasloch geehrt.\u2026 <a class=\"continue-reading-link\" href=\"https:\/\/tv-hasloch.de\/?page_id=852\">Continue reading<\/a><\/p>\n","protected":false},"author":1,"featured_media":0,"parent":32,"menu_order":11,"comment_status":"closed","ping_status":"closed","template":"templates\/template-twocolumns-right.php","meta":{"footnotes":""},"class_list":["post-852","page","type-page","status-publish","hentry"],"_links":{"self":[{"href":"https:\/\/tv-hasloch.de\/index.php?rest_route=\/wp\/v2\/pages\/852","targetHints":{"allow":["GET"]}}],"collection":[{"href":"https:\/\/tv-hasloch.de\/index.php?rest_route=\/wp\/v2\/pages"}],"about":[{"href":"https:\/\/tv-hasloch.de\/index.php?rest_route=\/wp\/v2\/types\/page"}],"author":[{"embeddable":true,"href":"https:\/\/tv-hasloch.de\/index.php?rest_route=\/wp\/v2\/users\/1"}],"replies":[{"embeddable":true,"href":"https:\/\/tv-hasloch.de\/index.php?rest_route=%2Fwp%2Fv2%2Fcomments&post=852"}],"version-history":[{"count":2,"href":"https:\/\/tv-hasloch.de\/index.php?rest_route=\/wp\/v2\/pages\/852\/revisions"}],"predecessor-version":[{"id":854,"href":"https:\/\/tv-hasloch.de\/index.php?rest_route=\/wp\/v2\/pages\/852\/revisions\/854"}],"up":[{"embeddable":true,"href":"https:\/\/tv-hasloch.de\/index.php?rest_route=\/wp\/v2\/pages\/32"}],"wp:attachment":[{"href":"https:\/\/tv-hasloch.de\/index.php?rest_route=%2Fwp%2Fv2%2Fmedia&parent=852"}],"curies":[{"name":"wp","href":"https:\/\/api.w.org\/{rel}","templated":true}]}}