{"id":58,"date":"2016-09-08T10:53:09","date_gmt":"2016-09-08T10:53:09","guid":{"rendered":"http:\/\/tv-hasloch.de\/?page_id=58"},"modified":"2024-12-23T10:45:50","modified_gmt":"2024-12-23T09:45:50","slug":"kontakte","status":"publish","type":"page","link":"https:\/\/tv-hasloch.de\/?page_id=58","title":{"rendered":"Kontakte"},"content":{"rendered":"<p>Bei allgemeinen Fragen rund um das Thema Verwaltung k\u00f6nnen Sie jederzeit Kontakt zu uns aufnehmen:<\/p>\n<p><strong>Vorstand Verwaltung: <\/strong>Bernd Koch<\/p>\n<p>Email: <a href=\"mailto:Vorstand.Verwaltung@tv-hasloch.de\">Vorstand.Verwaltung@tv-hasloch.de<\/a><\/p>\n<hr \/>\n<p>Bei Fragen zum Thema Sport und Anfragen zu verschiedenen Gruppen ist unser Vorstand Sport zust\u00e4ndig:<\/p>\n<p><strong>Vorstand Sport: <\/strong>J\u00fcrgen Dosch<\/p>\n<p>Email: <a href=\"mailto:vorstand.sport@tv-hasloch.de?cc=info@tv-hasloch.de&amp;subject=Anfrage Turnen&amp;body=Hallo Herr Dosch,%0D%0A%0D%0Aich m\u00f6chte gerne...%0D%0A%0D%0AMeine Telefonnummer ist:\" target=\"_blank\" rel=\"noopener\">Vorstand.Sport@tv-hasloch.de<\/a><\/p>\n<p>(F\u00fcr eine schnelle R\u00fcckmeldung am Besten auch Telefonnummer mit angeben)<\/p>\n<hr \/>\n<p>Bei Fragen zur Homepage und anderen Belangen der \u00d6ffentlichkeitsarbeit, wenden Sie sich bitte an:<\/p>\n<p><strong>Vorstand \u00d6ffentlichkeitsarbeit: <\/strong>Robin Hirsch<\/p>\n<p>Email: <a href=\"mailto:Vorstand.Oeffentlichkeit@tv-hasloch.de\">Vorstand.Oeffentlichkeit@tv-hasloch.de<\/a><\/p>\n<hr \/>\n<p>Bei Fragen zu verschiedenen Veranstaltungen steht unser Vorstand Wirtschaftsausschuss zur Verf\u00fcgung<\/p>\n<p><strong>Vorstand Wirtschaftsausschuss: <\/strong>Simone Patzelt<\/p>\n<p>Email: <a href=\"mailto:Vorstand.Wirtschaft@tv-hasloch.de\">Vorstand.Wirtschaft@tv-hasloch.de<\/a><\/p>\n<hr \/>\n<p>Bei Anfragen f\u00fcr die verschiedenen Turngruppen nutzen Sie bitte das Anfrageformular. Ein Vertreter des Vereins wird sich im Anschluss mit Ihnen in Verbindung setzen.<\/p>\n<p><a href=\"https:\/\/tv-hasloch.de\/?page_id=1693\">Anfrageformular<\/a><\/p>\n<p><strong>\u00a0<\/strong><\/p>\n\n\n<p><\/p>\n","protected":false},"excerpt":{"rendered":"<p>Bei allgemeinen Fragen rund um das Thema Verwaltung k\u00f6nnen Sie jederzeit Kontakt zu uns aufnehmen: Vorstand Verwaltung: Bernd Koch Email: Vorstand.Verwaltung@tv-hasloch.de Bei Fragen zum Thema Sport und Anfragen zu verschiedenen Gruppen ist unser Vorstand Sport zust\u00e4ndig: Vorstand Sport: J\u00fcrgen Dosch Email: Vorstand.Sport@tv-hasloch.de (F\u00fcr eine schnelle R\u00fcckmeldung am Besten auch Telefonnummer\u2026 <a class=\"continue-reading-link\" href=\"https:\/\/tv-hasloch.de\/?page_id=58\">Continue reading<\/a><\/p>\n","protected":false},"author":1,"featured_media":0,"parent":0,"menu_order":10,"comment_status":"closed","ping_status":"closed","template":"templates\/template-twocolumns-right.php","meta":{"footnotes":""},"class_list":["post-58","page","type-page","status-publish","hentry"],"_links":{"self":[{"href":"https:\/\/tv-hasloch.de\/index.php?rest_route=\/wp\/v2\/pages\/58","targetHints":{"allow":["GET"]}}],"collection":[{"href":"https:\/\/tv-hasloch.de\/index.php?rest_route=\/wp\/v2\/pages"}],"about":[{"href":"https:\/\/tv-hasloch.de\/index.php?rest_route=\/wp\/v2\/types\/page"}],"author":[{"embeddable":true,"href":"https:\/\/tv-hasloch.de\/index.php?rest_route=\/wp\/v2\/users\/1"}],"replies":[{"embeddable":true,"href":"https:\/\/tv-hasloch.de\/index.php?rest_route=%2Fwp%2Fv2%2Fcomments&post=58"}],"version-history":[{"count":13,"href":"https:\/\/tv-hasloch.de\/index.php?rest_route=\/wp\/v2\/pages\/58\/revisions"}],"predecessor-version":[{"id":1705,"href":"https:\/\/tv-hasloch.de\/index.php?rest_route=\/wp\/v2\/pages\/58\/revisions\/1705"}],"wp:attachment":[{"href":"https:\/\/tv-hasloch.de\/index.php?rest_route=%2Fwp%2Fv2%2Fmedia&parent=58"}],"curies":[{"name":"wp","href":"https:\/\/api.w.org\/{rel}","templated":true}]}}