{"id":495,"date":"2017-04-26T18:30:54","date_gmt":"2017-04-26T16:30:54","guid":{"rendered":"http:\/\/tv-hasloch.de\/?page_id=495"},"modified":"2017-04-26T18:38:03","modified_gmt":"2017-04-26T16:38:03","slug":"ueber-uns","status":"publish","type":"page","link":"https:\/\/tv-hasloch.de\/?page_id=495","title":{"rendered":"\u00dcber Uns"},"content":{"rendered":"<p>&nbsp;<\/p>\n<p>Unser Turnverein &#8222;Gut Heil von 1903\u201c e.V. Hasloch wurde 1903 gegr\u00fcndet. Der TVH umfasst aktuell zirka 600 Mitglieder.<\/p>\n<p>Wir halten f\u00fcr Jung und Alt ein breites Sport-Angebot bereit. Unsere \u00dcbungsstunden gehen vom Kleinkinder-, Kinder- und Jugend\/Aktiv-Turnen \u00fcber Gymnastik- und Showtanz bis hin zum Nordic-Walking. Dar\u00fcber hinaus gibt es Tennis, Volleyball m\u00e4nnlich und Seniorensport. Bei uns findet jede\/r das passende Angebot.<\/p>\n<p>Unsere zahlreichen \u00dcbungsstunden werden von engagierten ehrenamtlichen Helferinnen und Helfer sowie erfahrenen, lizensierten \u00dcbungsleiterinnen und \u00dcbungsleitern geleitet und betreut.<\/p>\n<p>Ein Fokus des TVH liegt auf dem Breitensport im Kinder- und Jugendbereich. In diesem Bereich haben wir mehrere Gruppen, in denen die Kinder und Jugendlichen turnen und Spa\u00df haben.<\/p>\n<p>Ein weiterer Fokus liegt auf dem Leistungssport, der in unserem Verein sehr intensiv betrieben wird. Diese Gruppen aller Altersklassen m\u00e4nnlich wie weiblich, nehmen regelm\u00e4\u00dfig und sehr erfolgreich an Wettk\u00e4mpfen teil.<\/p>\n<p>Auch das kulturelle Leben in Hasloch wird wie eh und je vom Turnverein aktiv mitgestaltet. Neben den traditionellen Faschingsveranstaltungen wie dem Turnerball und dem Faschingssamstag, den Vereinsmeisterschaften und der Weihnachtsfeier, veranstaltet der TV Hasloch seit einigen Jahren auch ein gut besuchtes Sommerfest.<\/p>\n<p>Als Ziel haben wir uns der F\u00f6rderung und Pflege des Sports verschrieben. Der TV Hasloch ist gemeinn\u00fctzig und selbstlos t\u00e4tig. Der Verein ist politisch und konfessionell neutral. Alle Vereins\u00e4mter werden grunds\u00e4tzlich ehrenamtlich ausge\u00fcbt. Die Vorstandschaft besteht seit 2008 aus vier Vorst\u00e4nden, die f\u00fcr den Bereich Verwaltung, Sport, Wirtschaft und \u00d6ffentlichkeitsarbeit zust\u00e4ndig sind. Der Verein ist dem Turngau Main-Spessart angegliedert und Mitglied beim Bayerischen Landessportverband e.V.<\/p>\n","protected":false},"excerpt":{"rendered":"<p>&nbsp; Unser Turnverein &#8222;Gut Heil von 1903\u201c e.V. Hasloch wurde 1903 gegr\u00fcndet. Der TVH umfasst aktuell zirka 600 Mitglieder. Wir halten f\u00fcr Jung und Alt ein breites Sport-Angebot bereit. Unsere \u00dcbungsstunden gehen vom Kleinkinder-, Kinder- und Jugend\/Aktiv-Turnen \u00fcber Gymnastik- und Showtanz bis hin zum Nordic-Walking. Dar\u00fcber hinaus gibt es Tennis,\u2026 <a class=\"continue-reading-link\" href=\"https:\/\/tv-hasloch.de\/?page_id=495\">Continue reading<\/a><\/p>\n","protected":false},"author":1,"featured_media":0,"parent":30,"menu_order":0,"comment_status":"closed","ping_status":"closed","template":"templates\/template-onecolumn.php","meta":{"footnotes":""},"class_list":["post-495","page","type-page","status-publish","hentry"],"_links":{"self":[{"href":"https:\/\/tv-hasloch.de\/index.php?rest_route=\/wp\/v2\/pages\/495","targetHints":{"allow":["GET"]}}],"collection":[{"href":"https:\/\/tv-hasloch.de\/index.php?rest_route=\/wp\/v2\/pages"}],"about":[{"href":"https:\/\/tv-hasloch.de\/index.php?rest_route=\/wp\/v2\/types\/page"}],"author":[{"embeddable":true,"href":"https:\/\/tv-hasloch.de\/index.php?rest_route=\/wp\/v2\/users\/1"}],"replies":[{"embeddable":true,"href":"https:\/\/tv-hasloch.de\/index.php?rest_route=%2Fwp%2Fv2%2Fcomments&post=495"}],"version-history":[{"count":6,"href":"https:\/\/tv-hasloch.de\/index.php?rest_route=\/wp\/v2\/pages\/495\/revisions"}],"predecessor-version":[{"id":501,"href":"https:\/\/tv-hasloch.de\/index.php?rest_route=\/wp\/v2\/pages\/495\/revisions\/501"}],"up":[{"embeddable":true,"href":"https:\/\/tv-hasloch.de\/index.php?rest_route=\/wp\/v2\/pages\/30"}],"wp:attachment":[{"href":"https:\/\/tv-hasloch.de\/index.php?rest_route=%2Fwp%2Fv2%2Fmedia&parent=495"}],"curies":[{"name":"wp","href":"https:\/\/api.w.org\/{rel}","templated":true}]}}