{"id":486,"date":"2017-04-01T14:10:03","date_gmt":"2017-04-01T12:10:03","guid":{"rendered":"http:\/\/tv-hasloch.de\/?page_id=486"},"modified":"2017-04-01T14:11:49","modified_gmt":"2017-04-01T12:11:49","slug":"1933-1945","status":"publish","type":"page","link":"https:\/\/tv-hasloch.de\/?page_id=486","title":{"rendered":"1933 &#8211; 1945"},"content":{"rendered":"<p>&nbsp;<\/p>\n<p><strong>1933 \u2013 1945 : Der Turnverein in schwieriger Zeit<\/strong><\/p>\n<p>&nbsp;<\/p>\n<p>Das hochpolitische Jahr 1933 bedeutete f\u00fcr Deutschland den Beginn der nationalsozialistischen Regierung. Wie in allen Bereichen des \u00f6ffentlichen Lebens verst\u00e4rkte sich nun auch in den Sport- und Turnvereinen der Einfluss der neuen Machthaber massiv.<\/p>\n<p>Ein Hauptziel der Regierung unter Hitler war die Festigung der eigenen Machtstrukturen durch Ausschaltung der Opposition. Dazu geh\u00f6rte unter anderem auch die Kontrolle \u00fcber Vereine und Verb\u00e4nde.<\/p>\n<p>Als erstes traf es die \u201eFreien Turner\u201c und die Arbeitersportverb\u00e4nde. Diese hatten sich zu Beginn des Jahrhunderts von der Deutschen Turnerschaft abgespalten. Ihre\u00a0 politisch \u201elinke\u201c Ausrichtung f\u00fchrte zu Ihrer sofortigen Aufl\u00f6sung noch im Jahr 1933.<\/p>\n<p>&nbsp;<\/p>\n<p>Die relativ unpolitischen, allgemeinen Turn- und Sportvereine blieben zun\u00e4chst unangetastet. Man begn\u00fcgte sich vorerst mit deren Unterwanderung und Kontrolle durch die NSDAP.<\/p>\n<p>&nbsp;<\/p>\n<p>Am 17. Juni 1933 veranstaltete der Turnverein Hasloch eine sogenannte Gleichschaltungsfeier. Die sportlichen Aktivit\u00e4ten liefen in den Jahren bis 1936 zun\u00e4chst wie gewohnt weiter. Die Haslocher Turnerinnen und Turner \u00fcbten eifrig und zeigten Ihr K\u00f6nnen bei Gel\u00e4ndel\u00e4ufen, Stiftungsfesten und Gauturnfesten.<\/p>\n<p>Doch diese beschauliche und unpolitische Vereinsarbeit durfte nicht mehr von langer Dauer sein.<\/p>\n<p>&nbsp;<\/p>\n<p>Bereits 1934 war in Deutschland der \u201eReichsbund f\u00fcr Leibes\u00fcbungen\u201c (DRL) gegr\u00fcndet worden. Ziel der Machthaber war die endg\u00fcltige Gleichschaltung aller Turn- und Sportvereine. Auch vom sportlichen Aspekt her sollte sich nun einiges \u00e4ndern. Das Turnen verlor seine Eigenst\u00e4ndigkeit und wurde neben die anderen Sportarten wie Schwimmen und Leichtathletik gestellt.<\/p>\n<p>In den Vereinen wurde das sogenannte \u201eWehrturnen\u201c eingef\u00fchrt. Gel\u00e4ndesport und Kleinkaliberschie\u00dfen wurden in das Sportprogramm der Turnvereine aufgenommen.<\/p>\n<p>Auch Mitglieder des TV Hasloch besuchten bereits 1933 entsprechende Einf\u00fchrungslehrg\u00e4nge f\u00fcr dieses Wehrturnen in Aschaffenburg.<\/p>\n<p>&nbsp;<\/p>\n<p>Nachdem der erste Vorstand Konrad Seipel 1935 nach Kassel gezogen war, kam es zu Neuwahlen bei denen Hans Fertig zum ersten Vorstand gew\u00e4hlt wurde.<\/p>\n<p>&nbsp;<\/p>\n<p>Im Jahre 1936 kam es schlie\u00dflich zur offiziellen Aufl\u00f6sung des TV Hasloch und dessen \u00dcbergang zum DRL.<\/p>\n<p>Eine Mitgliederversammlung wurde abgehalten. Zu dieser war ein NSDAP-Funktion\u00e4r aus dem Raum Aschaffenburg angereist. Im Verlauf dieser Sitzung trat der bisherige 1. Vorstand Hans Fertig von seinem Amt zur\u00fcck. Daraufhin empfahl die Versammlung dem NSDAP-Funktion\u00e4r den kurz zuvor Zur\u00fcckgetretenen als neuen Vorstand. Nach dessen Zustimmung konnte Hans Fertig erneut zum ersten Vorsitzenden gew\u00e4hlt werden. Er trug von nun an die offizielle Bezeichnung \u201eVereinsf\u00fchrer\u201c. Die Turner erhielten jetzt Mitgliedausweise des DRL.<\/p>\n<p>&nbsp;<\/p>\n<p>Von anderen Turnvereinen in der Umgebung ist bekannt, dass sie ihre\u00a0 Vereinsfahnen herausgeben mussten und diese dann vernichtet wurden. F\u00fcr parteifremde Symbole wie Turnerfahnen mit dem Motto \u201eFrisch, Fromm, Fr\u00f6hlich, Frei\u201c war von nun an kein Platz mehr in Deutschland.<\/p>\n<p>&nbsp;<\/p>\n<p>Ab diesem Zeitpunkt ging es ebenfalls im sportlichen Bereich bergab. Die Vereinsmitglieder waren nat\u00fcrlich auch in andere NS-Organisationen eingebunden. Und so lie\u00df die Turnarbeit immer mehr nach. Das Turnen erhielt im Ort immer mehr Konkurrenz. Da war zum einen nat\u00fcrlich die Hitlerjugend f\u00fcr die in den Jahren 1938\/39 ein eigenes H.J.-Heim errichtet wurde. Zum anderen gab es auch noch Gruppen des Roten Kreuzes und ein Gr\u00fcppchen Segelflieger, die ebenfalls das Geb\u00e4ude des Kindergartens nutzten. Ab 1938 durfte dieses Geb\u00e4ude dann nicht mehr vom Turnverein in Anspruch genommen werden. Als Alternative wurde von den Vereinsmitgliedern am sogenannten \u201eHeimst\u00e4ttenwerk\u201c mit viel Eigenleistung ein neuer Turnplatz mit Ger\u00e4teschuppen errichtet.<\/p>\n<p>&nbsp;<\/p>\n<p>Trotz all dieser Schwierigkeiten resignierte man nicht und nahm weiterhin an den Turn- und Sportfesten in Stadtprozelten, B\u00fcrgstadt sowie am Kreisturnfest 1936 in Kleinheubach teil. Auch am Kreisturnfest im Jahr 1937 in Lohr beteiligten sich viele Haslocher Turner und Fritz Wiegand konnte einen 1. Platz erreichen.<\/p>\n<p>&nbsp;<\/p>\n<p>In den Jahren 1938 und 1939 ging das Vereinsleben jedoch immer weiter zur\u00fcck und kam mit dem Ausbruch des zweiten Weltkrieges endg\u00fcltig zum Erliegen. Viele j\u00fcngere und \u00e4ltere Vereinsmitglieder wurden zur Wehrmacht eingezogen und eine ganze Reihe von ihnen kehrte nicht mehr aus diesem unseligen Krieg zur\u00fcck.<\/p>\n<p>&nbsp;<\/p>\n<p>Es schien fast so, als ob die Turntradition in Hasloch hier zum Ende kommen sollte.<\/p>\n<p>&nbsp;<\/p>\n","protected":false},"excerpt":{"rendered":"<p>&nbsp; 1933 \u2013 1945 : Der Turnverein in schwieriger Zeit &nbsp; Das hochpolitische Jahr 1933 bedeutete f\u00fcr Deutschland den Beginn der nationalsozialistischen Regierung. Wie in allen Bereichen des \u00f6ffentlichen Lebens verst\u00e4rkte sich nun auch in den Sport- und Turnvereinen der Einfluss der neuen Machthaber massiv. Ein Hauptziel der Regierung unter\u2026 <a class=\"continue-reading-link\" href=\"https:\/\/tv-hasloch.de\/?page_id=486\">Continue reading<\/a><\/p>\n","protected":false},"author":1,"featured_media":0,"parent":482,"menu_order":2,"comment_status":"closed","ping_status":"closed","template":"","meta":{"footnotes":""},"class_list":["post-486","page","type-page","status-publish","hentry"],"_links":{"self":[{"href":"https:\/\/tv-hasloch.de\/index.php?rest_route=\/wp\/v2\/pages\/486","targetHints":{"allow":["GET"]}}],"collection":[{"href":"https:\/\/tv-hasloch.de\/index.php?rest_route=\/wp\/v2\/pages"}],"about":[{"href":"https:\/\/tv-hasloch.de\/index.php?rest_route=\/wp\/v2\/types\/page"}],"author":[{"embeddable":true,"href":"https:\/\/tv-hasloch.de\/index.php?rest_route=\/wp\/v2\/users\/1"}],"replies":[{"embeddable":true,"href":"https:\/\/tv-hasloch.de\/index.php?rest_route=%2Fwp%2Fv2%2Fcomments&post=486"}],"version-history":[{"count":2,"href":"https:\/\/tv-hasloch.de\/index.php?rest_route=\/wp\/v2\/pages\/486\/revisions"}],"predecessor-version":[{"id":489,"href":"https:\/\/tv-hasloch.de\/index.php?rest_route=\/wp\/v2\/pages\/486\/revisions\/489"}],"up":[{"embeddable":true,"href":"https:\/\/tv-hasloch.de\/index.php?rest_route=\/wp\/v2\/pages\/482"}],"wp:attachment":[{"href":"https:\/\/tv-hasloch.de\/index.php?rest_route=%2Fwp%2Fv2%2Fmedia&parent=486"}],"curies":[{"name":"wp","href":"https:\/\/api.w.org\/{rel}","templated":true}]}}