{"id":36,"date":"2016-09-08T10:44:40","date_gmt":"2016-09-08T10:44:40","guid":{"rendered":"http:\/\/tv-hasloch.de\/?page_id=36"},"modified":"2025-02-03T20:39:58","modified_gmt":"2025-02-03T19:39:58","slug":"mitgliedsbeitraege","status":"publish","type":"page","link":"https:\/\/tv-hasloch.de\/?page_id=36","title":{"rendered":"Mitgliedsbeitr\u00e4ge"},"content":{"rendered":"\n<p>Jahresbeitr\u00e4ge des TV Hasloch (Stand 30.01.2023):<\/p>\n\n\n\n<ul class=\"wp-block-list\">\n<li>Kinder bis zur Vollendung des 4. Lebensjahres: <strong>24 \u20ac<\/strong><\/li>\n\n\n\n<li>Senioren (ab 60 Jahre) und Passive: <strong>38 \u20ac<\/strong><\/li>\n\n\n\n<li>Einzelbeitrag: <strong>60 \u20ac<br><\/strong><\/li>\n\n\n\n<li>Familienbeitrag:<strong> 135 \u20ac<\/strong><\/li>\n\n\n\n<li>Sonderbeitrag Eltern- und Kind-Turnen<br>falls nicht in <span class=\"text\">einer anderen Gruppe aktiv: <strong>55 \u20ac<\/strong><\/span><\/li>\n<\/ul>\n\n\n\n<p><\/p>\n\n\n\n<hr class=\"wp-block-separator has-alpha-channel-opacity is-style-wide\"\/>\n\n\n\n<h1 class=\"wp-block-heading\">Zusatzbeitr\u00e4ge Tennis<\/h1>\n\n\n\n<p>Die Zusatzbeitr\u00e4ge fallen zus\u00e4tzlich zur normalen Jahresmitgliedschaft an.<\/p>\n\n\n\n<ul class=\"wp-block-list\">\n<li>Kinder bis zur Vollendung des 18. Lebensjahres: <strong>26 \u20ac<\/strong><\/li>\n\n\n\n<li>Erwachsene : <strong>52 \u20ac<\/strong><\/li>\n<\/ul>\n\n\n\n<hr class=\"wp-block-separator has-alpha-channel-opacity is-style-wide\"\/>\n\n\n\n<h1 class=\"wp-block-heading\">Beitr\u00e4ge Zumba<\/h1>\n\n\n\n<p>Die Beitr\u00e4ge f\u00fcr Zumba und Yoga werden vom TVH subventioniert, es fallen jedoch zus\u00e4tzliche Kosten an.<\/p>\n\n\n\n<ul class=\"wp-block-list\">\n<li>10er Blockkurs f\u00fcr Mitglieder: <strong>30 \u20ac<\/strong><\/li>\n<\/ul>\n\n\n\n<hr class=\"wp-block-separator has-alpha-channel-opacity is-style-wide\"\/>\n\n\n\n<p><strong>Achtung:<\/strong> Auch bei Familienbeitr\u00e4gen muss f\u00fcr jedes Familienmitglied ein Aufnahmeantrag ausgef\u00fcllt werden! Es wird jedoch der Familienbeitrag verrechnet.<\/p>\n","protected":false},"excerpt":{"rendered":"<p>Jahresbeitr\u00e4ge des TV Hasloch (Stand 30.01.2023): Zusatzbeitr\u00e4ge Tennis Die Zusatzbeitr\u00e4ge fallen zus\u00e4tzlich zur normalen Jahresmitgliedschaft an. Beitr\u00e4ge Zumba Die Beitr\u00e4ge f\u00fcr Zumba und Yoga werden vom TVH subventioniert, es fallen jedoch zus\u00e4tzliche Kosten an. Achtung: Auch bei Familienbeitr\u00e4gen muss f\u00fcr jedes Familienmitglied ein Aufnahmeantrag ausgef\u00fcllt werden! Es wird jedoch der\u2026 <a class=\"continue-reading-link\" href=\"https:\/\/tv-hasloch.de\/?page_id=36\">Continue reading<\/a><\/p>\n","protected":false},"author":1,"featured_media":0,"parent":30,"menu_order":3,"comment_status":"closed","ping_status":"closed","template":"templates\/template-twocolumns-right.php","meta":{"footnotes":""},"class_list":["post-36","page","type-page","status-publish","hentry"],"_links":{"self":[{"href":"https:\/\/tv-hasloch.de\/index.php?rest_route=\/wp\/v2\/pages\/36","targetHints":{"allow":["GET"]}}],"collection":[{"href":"https:\/\/tv-hasloch.de\/index.php?rest_route=\/wp\/v2\/pages"}],"about":[{"href":"https:\/\/tv-hasloch.de\/index.php?rest_route=\/wp\/v2\/types\/page"}],"author":[{"embeddable":true,"href":"https:\/\/tv-hasloch.de\/index.php?rest_route=\/wp\/v2\/users\/1"}],"replies":[{"embeddable":true,"href":"https:\/\/tv-hasloch.de\/index.php?rest_route=%2Fwp%2Fv2%2Fcomments&post=36"}],"version-history":[{"count":31,"href":"https:\/\/tv-hasloch.de\/index.php?rest_route=\/wp\/v2\/pages\/36\/revisions"}],"predecessor-version":[{"id":1760,"href":"https:\/\/tv-hasloch.de\/index.php?rest_route=\/wp\/v2\/pages\/36\/revisions\/1760"}],"up":[{"embeddable":true,"href":"https:\/\/tv-hasloch.de\/index.php?rest_route=\/wp\/v2\/pages\/30"}],"wp:attachment":[{"href":"https:\/\/tv-hasloch.de\/index.php?rest_route=%2Fwp%2Fv2%2Fmedia&parent=36"}],"curies":[{"name":"wp","href":"https:\/\/api.w.org\/{rel}","templated":true}]}}