{"id":280,"date":"2016-11-16T23:15:32","date_gmt":"2016-11-16T21:15:32","guid":{"rendered":"http:\/\/tv-hasloch.de\/?page_id=280"},"modified":"2018-10-21T17:53:33","modified_gmt":"2018-10-21T15:53:33","slug":"jedermaenner-der-neuzeit-ue30","status":"publish","type":"page","link":"https:\/\/tv-hasloch.de\/?page_id=280","title":{"rendered":"Jederm\u00e4nner der Neuzeit (\u00dc30)"},"content":{"rendered":"<p>&nbsp;<\/p>\n<p>Die Jederm\u00e4nner der Neuzeit freuen sich \u00fcber Teilnehmer ab 30 Jahren<\/p>\n<p class=\"ueberschrift2\">Der Trainingsablauf sieht folgenderma\u00dfen aus:<\/p>\n<ul class=\"text\">\n<li>\n<div align=\"left\">Aufw\u00e4rmtraining<\/div>\n<\/li>\n<li>\n<div align=\"left\">Gymnastik<\/div>\n<\/li>\n<li>\n<div align=\"left\">Leichtatletik \/ Turnen (z.B. Schleuderball, Sperrwurf, Barren, Boden)<\/div>\n<\/li>\n<li>\n<div align=\"left\">Ballspiele (z.B. Vollyball, Basketball)<\/div>\n<\/li>\n<\/ul>\n<p><span class=\"text\">Im Sommer wird auch der Sportplatz f\u00fcr Leichtathletik mitgenutzt.<strong><br \/>\n<\/strong><\/span><\/p>\n<p>&nbsp;<\/p>\n<p>Die Trainingszeiten in der Haseltalhalle sind:<\/p>\n<p>Dienstag 20:30 &#8211; 22:00<\/p>\n","protected":false},"excerpt":{"rendered":"<p>&nbsp; Die Jederm\u00e4nner der Neuzeit freuen sich \u00fcber Teilnehmer ab 30 Jahren Der Trainingsablauf sieht folgenderma\u00dfen aus: Aufw\u00e4rmtraining Gymnastik Leichtatletik \/ Turnen (z.B. Schleuderball, Sperrwurf, Barren, Boden) Ballspiele (z.B. Vollyball, Basketball) Im Sommer wird auch der Sportplatz f\u00fcr Leichtathletik mitgenutzt. &nbsp; Die Trainingszeiten in der Haseltalhalle sind: Dienstag 20:30 &#8211;\u2026 <a class=\"continue-reading-link\" href=\"https:\/\/tv-hasloch.de\/?page_id=280\">Continue reading<\/a><\/p>\n","protected":false},"author":2,"featured_media":0,"parent":196,"menu_order":5,"comment_status":"closed","ping_status":"closed","template":"templates\/template-twocolumns-right.php","meta":{"footnotes":""},"class_list":["post-280","page","type-page","status-publish","hentry"],"_links":{"self":[{"href":"https:\/\/tv-hasloch.de\/index.php?rest_route=\/wp\/v2\/pages\/280","targetHints":{"allow":["GET"]}}],"collection":[{"href":"https:\/\/tv-hasloch.de\/index.php?rest_route=\/wp\/v2\/pages"}],"about":[{"href":"https:\/\/tv-hasloch.de\/index.php?rest_route=\/wp\/v2\/types\/page"}],"author":[{"embeddable":true,"href":"https:\/\/tv-hasloch.de\/index.php?rest_route=\/wp\/v2\/users\/2"}],"replies":[{"embeddable":true,"href":"https:\/\/tv-hasloch.de\/index.php?rest_route=%2Fwp%2Fv2%2Fcomments&post=280"}],"version-history":[{"count":5,"href":"https:\/\/tv-hasloch.de\/index.php?rest_route=\/wp\/v2\/pages\/280\/revisions"}],"predecessor-version":[{"id":870,"href":"https:\/\/tv-hasloch.de\/index.php?rest_route=\/wp\/v2\/pages\/280\/revisions\/870"}],"up":[{"embeddable":true,"href":"https:\/\/tv-hasloch.de\/index.php?rest_route=\/wp\/v2\/pages\/196"}],"wp:attachment":[{"href":"https:\/\/tv-hasloch.de\/index.php?rest_route=%2Fwp%2Fv2%2Fmedia&parent=280"}],"curies":[{"name":"wp","href":"https:\/\/api.w.org\/{rel}","templated":true}]}}