{"id":238,"date":"2016-11-09T23:02:15","date_gmt":"2016-11-09T21:02:15","guid":{"rendered":"http:\/\/tv-hasloch.de\/?page_id=238"},"modified":"2018-10-21T17:52:12","modified_gmt":"2018-10-21T15:52:12","slug":"aktive-maennlich","status":"publish","type":"page","link":"https:\/\/tv-hasloch.de\/?page_id=238","title":{"rendered":"Aktive m\u00e4nnlich"},"content":{"rendered":"<p>&nbsp;<\/p>\n<p>Die Gruppe Aktive m\u00e4nnlich ist f\u00fcr M\u00e4nner ab 14 Jahren.<\/p>\n<p>Der Trainingsablauf sieht folgenderma\u00dfen aus:<\/p>\n<ul>\n<li>\n<div align=\"left\">Aufw\u00e4rmtraining (Lauftraining oder Ballspiel)<strong>\u00a0\u00a0\u00a0\u00a0\u00a0\u00a0 <\/strong><\/div>\n<\/li>\n<li>\n<div align=\"left\">Gymnastik mit Dehn,- und Spannungs\u00fcbungen<\/div>\n<\/li>\n<li>\n<div align=\"left\">Gemeinsamer Ger\u00e4teaufbau<\/div>\n<\/li>\n<li>\n<div align=\"left\">Training an 2-3 Ger\u00e4ten pro \u00dcbungseinheit<\/div>\n<\/li>\n<li>\n<div align=\"left\">Ger\u00e4teabbau<\/div>\n<\/li>\n<\/ul>\n<p>&nbsp;<\/p>\n<p>Diese Gruppe nimmt an folgenden Wettk\u00e4mpfen teil:<\/p>\n<div align=\"left\">\n<ul>\n<li class=\"text\">3 Wettk\u00e4mpfe\u00a0(Landesliga 2) mit m\u00f6glicher Qualifikation zum Gauentscheid, Regionalentscheid und Landesentscheid<\/li>\n<li class=\"text\">Gaujugendtreffen mit \u00dcbernachtung<\/li>\n<li class=\"text\">Gauturnfest<\/li>\n<li class=\"text\">Deutsches Turnfest (alle 4 Jahre)<\/li>\n<li class=\"text\">Vereinsmeisterschaften<\/li>\n<\/ul>\n<\/div>\n<p>&nbsp;<\/p>\n<p>Die Trainingszeiten in der Haseltalhalle sind:<\/p>\n<p>Dienstag 19:00\u00a0 &#8211; 20:30 Uhr<\/p>\n<p>Donnerstag 19:00\u00a0 &#8211; 20:30 Uhr<\/p>\n","protected":false},"excerpt":{"rendered":"<p>&nbsp; Die Gruppe Aktive m\u00e4nnlich ist f\u00fcr M\u00e4nner ab 14 Jahren. Der Trainingsablauf sieht folgenderma\u00dfen aus: Aufw\u00e4rmtraining (Lauftraining oder Ballspiel)\u00a0\u00a0\u00a0\u00a0\u00a0\u00a0 Gymnastik mit Dehn,- und Spannungs\u00fcbungen Gemeinsamer Ger\u00e4teaufbau Training an 2-3 Ger\u00e4ten pro \u00dcbungseinheit Ger\u00e4teabbau &nbsp; Diese Gruppe nimmt an folgenden Wettk\u00e4mpfen teil: 3 Wettk\u00e4mpfe\u00a0(Landesliga 2) mit m\u00f6glicher Qualifikation zum Gauentscheid,\u2026 <a class=\"continue-reading-link\" href=\"https:\/\/tv-hasloch.de\/?page_id=238\">Continue reading<\/a><\/p>\n","protected":false},"author":1,"featured_media":0,"parent":181,"menu_order":5,"comment_status":"closed","ping_status":"closed","template":"templates\/template-twocolumns-right.php","meta":{"footnotes":""},"class_list":["post-238","page","type-page","status-publish","hentry"],"_links":{"self":[{"href":"https:\/\/tv-hasloch.de\/index.php?rest_route=\/wp\/v2\/pages\/238","targetHints":{"allow":["GET"]}}],"collection":[{"href":"https:\/\/tv-hasloch.de\/index.php?rest_route=\/wp\/v2\/pages"}],"about":[{"href":"https:\/\/tv-hasloch.de\/index.php?rest_route=\/wp\/v2\/types\/page"}],"author":[{"embeddable":true,"href":"https:\/\/tv-hasloch.de\/index.php?rest_route=\/wp\/v2\/users\/1"}],"replies":[{"embeddable":true,"href":"https:\/\/tv-hasloch.de\/index.php?rest_route=%2Fwp%2Fv2%2Fcomments&post=238"}],"version-history":[{"count":3,"href":"https:\/\/tv-hasloch.de\/index.php?rest_route=\/wp\/v2\/pages\/238\/revisions"}],"predecessor-version":[{"id":866,"href":"https:\/\/tv-hasloch.de\/index.php?rest_route=\/wp\/v2\/pages\/238\/revisions\/866"}],"up":[{"embeddable":true,"href":"https:\/\/tv-hasloch.de\/index.php?rest_route=\/wp\/v2\/pages\/181"}],"wp:attachment":[{"href":"https:\/\/tv-hasloch.de\/index.php?rest_route=%2Fwp%2Fv2%2Fmedia&parent=238"}],"curies":[{"name":"wp","href":"https:\/\/api.w.org\/{rel}","templated":true}]}}