{"id":236,"date":"2016-11-09T23:08:26","date_gmt":"2016-11-09T21:08:26","guid":{"rendered":"http:\/\/tv-hasloch.de\/?page_id=236"},"modified":"2024-12-23T10:49:02","modified_gmt":"2024-12-23T09:49:02","slug":"breitensport-maennlich","status":"publish","type":"page","link":"https:\/\/tv-hasloch.de\/?page_id=236","title":{"rendered":"Breitensport m\u00e4nnlich"},"content":{"rendered":"<p class=\"ueberschrift2\">Das Breitensporttraining ist f\u00fcr Kinder von 6-12 Jahren<\/p>\n<p class=\"ueberschrift2\">Der Trainingsablauf sieht folgenderma\u00dfen aus:<\/p>\n<ul>\n<li>\n<div align=\"left\">Aufw\u00e4rmen mit Gymnastik und Handger\u00e4ten (z.B. Ball, Seil)\u00a0<strong>\u00a0\u00a0\u00a0\u00a0\u00a0 <\/strong><\/div>\n<\/li>\n<li>\n<div align=\"left\">Turnen an verschiedenen Turnger\u00e4ten<\/div>\n<\/li>\n<li>\n<div align=\"left\">Als Abschluss meist Ballspiele (z.B. V\u00f6lkerball, Brennball, J\u00e4gerball)<\/div>\n<\/li>\n<\/ul>\n<p><span class=\"text\">Im Sommer wird auch der Sportplatz f\u00fcr Leichtathletik mitgenutzt.<strong><br \/>\n<\/strong><\/span><\/p>\n<p>Die Trainingszeiten in der Haseltalhalle sind:<\/p>\n<p>Mittwoch 17:30 &#8211; 19:00 (6-12 Jahre)<\/p>\n<p>Sie haben Interesse an dieser Turngruppe? Hier gehts zum <a href=\"https:\/\/tv-hasloch.de\/?page_id=1693\">Anfrageformular<\/a>.<\/p>\n","protected":false},"excerpt":{"rendered":"<p>Das Breitensporttraining ist f\u00fcr Kinder von 6-12 Jahren Der Trainingsablauf sieht folgenderma\u00dfen aus: Aufw\u00e4rmen mit Gymnastik und Handger\u00e4ten (z.B. Ball, Seil)\u00a0\u00a0\u00a0\u00a0\u00a0\u00a0 Turnen an verschiedenen Turnger\u00e4ten Als Abschluss meist Ballspiele (z.B. V\u00f6lkerball, Brennball, J\u00e4gerball) Im Sommer wird auch der Sportplatz f\u00fcr Leichtathletik mitgenutzt. Die Trainingszeiten in der Haseltalhalle sind: Mittwoch 17:30\u2026 <a class=\"continue-reading-link\" href=\"https:\/\/tv-hasloch.de\/?page_id=236\">Continue reading<\/a><\/p>\n","protected":false},"author":2,"featured_media":0,"parent":196,"menu_order":3,"comment_status":"closed","ping_status":"closed","template":"templates\/template-twocolumns-right.php","meta":{"footnotes":""},"class_list":["post-236","page","type-page","status-publish","hentry"],"_links":{"self":[{"href":"https:\/\/tv-hasloch.de\/index.php?rest_route=\/wp\/v2\/pages\/236","targetHints":{"allow":["GET"]}}],"collection":[{"href":"https:\/\/tv-hasloch.de\/index.php?rest_route=\/wp\/v2\/pages"}],"about":[{"href":"https:\/\/tv-hasloch.de\/index.php?rest_route=\/wp\/v2\/types\/page"}],"author":[{"embeddable":true,"href":"https:\/\/tv-hasloch.de\/index.php?rest_route=\/wp\/v2\/users\/2"}],"replies":[{"embeddable":true,"href":"https:\/\/tv-hasloch.de\/index.php?rest_route=%2Fwp%2Fv2%2Fcomments&post=236"}],"version-history":[{"count":9,"href":"https:\/\/tv-hasloch.de\/index.php?rest_route=\/wp\/v2\/pages\/236\/revisions"}],"predecessor-version":[{"id":1712,"href":"https:\/\/tv-hasloch.de\/index.php?rest_route=\/wp\/v2\/pages\/236\/revisions\/1712"}],"up":[{"embeddable":true,"href":"https:\/\/tv-hasloch.de\/index.php?rest_route=\/wp\/v2\/pages\/196"}],"wp:attachment":[{"href":"https:\/\/tv-hasloch.de\/index.php?rest_route=%2Fwp%2Fv2%2Fmedia&parent=236"}],"curies":[{"name":"wp","href":"https:\/\/api.w.org\/{rel}","templated":true}]}}