{"id":221,"date":"2016-11-09T22:55:03","date_gmt":"2016-11-09T20:55:03","guid":{"rendered":"http:\/\/tv-hasloch.de\/?page_id=221"},"modified":"2024-12-23T10:47:31","modified_gmt":"2024-12-23T09:47:31","slug":"jugendturnen-maennlich","status":"publish","type":"page","link":"https:\/\/tv-hasloch.de\/?page_id=221","title":{"rendered":"Jugendturnen m\u00e4nnlich"},"content":{"rendered":"<p>Die Gruppe Jugendturnen m\u00e4nnlich ist f\u00fcr Jungs im Alter von 6-13 Jahren.<\/p>\n<p>Der Trainingsablauf sieht folgenderma\u00dfen aus:<\/p>\n<ul>\n<li>\n<div align=\"left\">Aufw\u00e4rmtraining (Lauftraining oder Ballspiel)<strong>\u00a0\u00a0\u00a0\u00a0\u00a0\u00a0 <\/strong><\/div>\n<\/li>\n<li>\n<div align=\"left\">Gymnastik mit Dehn,- und Spannungs\u00fcbungen<\/div>\n<\/li>\n<li>\n<div align=\"left\">Gemeinsamer Ger\u00e4teaufbau<\/div>\n<\/li>\n<li>\n<div align=\"left\">Training an 2-3 Ger\u00e4ten pro \u00dcbungseinheit<\/div>\n<\/li>\n<li>\n<div align=\"left\">Ger\u00e4teabbau<\/div>\n<\/li>\n<\/ul>\n<p>Diese Gruppe nimmt an folgenden Wettk\u00e4mpfen teil:<\/p>\n<div align=\"left\">\n<ul>\n<li class=\"text\">3 Wettk\u00e4mpfe\u00a0(Landesliga 2) mit m\u00f6glicher Qualifikation zum Gauentscheid<\/li>\n<li class=\"text\">Gaujugendtreffen mit \u00dcbernachtung<\/li>\n<li class=\"text\">Gaukinderturnfest<\/li>\n<li class=\"text\">Vereinsmeisterschaften<\/li>\n<\/ul>\n<\/div>\n<p>Einen \u00f6ffentlichen Auftritt gibt es an der Weihnachtsfeier.<\/p>\n<p>Die Trainingszeiten in der Haseltalhalle sind:<\/p>\n<p>Dienstag 17:30\u00a0 &#8211; 19:00 Uhr<\/p>\n<p>Donnerstag 17:30\u00a0 &#8211; 19:00 Uhr<\/p>\n<p>Sie haben Interesse an dieser Turngruppe? Hier gehts zum <a href=\"https:\/\/tv-hasloch.de\/?page_id=1693\">Anfrageformular<\/a>.<\/p>\n","protected":false},"excerpt":{"rendered":"<p>Die Gruppe Jugendturnen m\u00e4nnlich ist f\u00fcr Jungs im Alter von 6-13 Jahren. Der Trainingsablauf sieht folgenderma\u00dfen aus: Aufw\u00e4rmtraining (Lauftraining oder Ballspiel)\u00a0\u00a0\u00a0\u00a0\u00a0\u00a0 Gymnastik mit Dehn,- und Spannungs\u00fcbungen Gemeinsamer Ger\u00e4teaufbau Training an 2-3 Ger\u00e4ten pro \u00dcbungseinheit Ger\u00e4teabbau Diese Gruppe nimmt an folgenden Wettk\u00e4mpfen teil: 3 Wettk\u00e4mpfe\u00a0(Landesliga 2) mit m\u00f6glicher Qualifikation zum Gauentscheid\u2026 <a class=\"continue-reading-link\" href=\"https:\/\/tv-hasloch.de\/?page_id=221\">Continue reading<\/a><\/p>\n","protected":false},"author":1,"featured_media":0,"parent":181,"menu_order":3,"comment_status":"closed","ping_status":"closed","template":"templates\/template-twocolumns-right.php","meta":{"footnotes":""},"class_list":["post-221","page","type-page","status-publish","hentry"],"_links":{"self":[{"href":"https:\/\/tv-hasloch.de\/index.php?rest_route=\/wp\/v2\/pages\/221","targetHints":{"allow":["GET"]}}],"collection":[{"href":"https:\/\/tv-hasloch.de\/index.php?rest_route=\/wp\/v2\/pages"}],"about":[{"href":"https:\/\/tv-hasloch.de\/index.php?rest_route=\/wp\/v2\/types\/page"}],"author":[{"embeddable":true,"href":"https:\/\/tv-hasloch.de\/index.php?rest_route=\/wp\/v2\/users\/1"}],"replies":[{"embeddable":true,"href":"https:\/\/tv-hasloch.de\/index.php?rest_route=%2Fwp%2Fv2%2Fcomments&post=221"}],"version-history":[{"count":6,"href":"https:\/\/tv-hasloch.de\/index.php?rest_route=\/wp\/v2\/pages\/221\/revisions"}],"predecessor-version":[{"id":1708,"href":"https:\/\/tv-hasloch.de\/index.php?rest_route=\/wp\/v2\/pages\/221\/revisions\/1708"}],"up":[{"embeddable":true,"href":"https:\/\/tv-hasloch.de\/index.php?rest_route=\/wp\/v2\/pages\/181"}],"wp:attachment":[{"href":"https:\/\/tv-hasloch.de\/index.php?rest_route=%2Fwp%2Fv2%2Fmedia&parent=221"}],"curies":[{"name":"wp","href":"https:\/\/api.w.org\/{rel}","templated":true}]}}