{"id":205,"date":"2016-11-09T22:43:54","date_gmt":"2016-11-09T20:43:54","guid":{"rendered":"http:\/\/tv-hasloch.de\/?page_id=205"},"modified":"2024-12-23T10:46:57","modified_gmt":"2024-12-23T09:46:57","slug":"aufbau-geraeteturnen","status":"publish","type":"page","link":"https:\/\/tv-hasloch.de\/?page_id=205","title":{"rendered":"Aufbau Ger\u00e4teturnen"},"content":{"rendered":"<p>Die Gruppe Aufbau Ger\u00e4teturnen ist f\u00fcr Kinder von 5-6 Jahren m\u00e4nnlich und weiblich. Sie ist die Vorgruppe zum Ger\u00e4teturnen.<\/p>\n<p>Der Trainingsablauf sieht folgenderma\u00dfen aus:<\/p>\n<ul>\n<li>\n<div align=\"left\">Aufw\u00e4rmtraining<\/div>\n<\/li>\n<li>\n<div align=\"left\">Gymnastik mit Dehn,- und Spannungs\u00fcbungen<\/div>\n<\/li>\n<li>\n<div align=\"left\">Gemeinsamer Ger\u00e4teaufbau<\/div>\n<\/li>\n<li>\n<div align=\"left\">Training an 1-2 Ger\u00e4ten<\/div>\n<\/li>\n<li>\n<div align=\"left\">Ger\u00e4teabbau<strong><br \/>\n<\/strong><\/div>\n<\/li>\n<\/ul>\n<p>Einen \u00f6ffentlichen Auftritt gibt es an der Weihnachtsfeier.<\/p>\n<p>Die Trainingszeiten in der Haseltalhalle sind:<\/p>\n<p>Montags 17:15\u00a0 &#8211; 18:30 Uhr<\/p>\n<p>Sie haben Interesse an dieser Turngruppe? Hier gehts zum <a href=\"https:\/\/tv-hasloch.de\/?page_id=1693\">Anfrageformular<\/a>.<\/p>\n","protected":false},"excerpt":{"rendered":"<p>Die Gruppe Aufbau Ger\u00e4teturnen ist f\u00fcr Kinder von 5-6 Jahren m\u00e4nnlich und weiblich. Sie ist die Vorgruppe zum Ger\u00e4teturnen. Der Trainingsablauf sieht folgenderma\u00dfen aus: Aufw\u00e4rmtraining Gymnastik mit Dehn,- und Spannungs\u00fcbungen Gemeinsamer Ger\u00e4teaufbau Training an 1-2 Ger\u00e4ten Ger\u00e4teabbau Einen \u00f6ffentlichen Auftritt gibt es an der Weihnachtsfeier. Die Trainingszeiten in der Haseltalhalle\u2026 <a class=\"continue-reading-link\" href=\"https:\/\/tv-hasloch.de\/?page_id=205\">Continue reading<\/a><\/p>\n","protected":false},"author":1,"featured_media":0,"parent":181,"menu_order":1,"comment_status":"closed","ping_status":"closed","template":"templates\/template-twocolumns-right.php","meta":{"footnotes":""},"class_list":["post-205","page","type-page","status-publish","hentry"],"_links":{"self":[{"href":"https:\/\/tv-hasloch.de\/index.php?rest_route=\/wp\/v2\/pages\/205","targetHints":{"allow":["GET"]}}],"collection":[{"href":"https:\/\/tv-hasloch.de\/index.php?rest_route=\/wp\/v2\/pages"}],"about":[{"href":"https:\/\/tv-hasloch.de\/index.php?rest_route=\/wp\/v2\/types\/page"}],"author":[{"embeddable":true,"href":"https:\/\/tv-hasloch.de\/index.php?rest_route=\/wp\/v2\/users\/1"}],"replies":[{"embeddable":true,"href":"https:\/\/tv-hasloch.de\/index.php?rest_route=%2Fwp%2Fv2%2Fcomments&post=205"}],"version-history":[{"count":6,"href":"https:\/\/tv-hasloch.de\/index.php?rest_route=\/wp\/v2\/pages\/205\/revisions"}],"predecessor-version":[{"id":1706,"href":"https:\/\/tv-hasloch.de\/index.php?rest_route=\/wp\/v2\/pages\/205\/revisions\/1706"}],"up":[{"embeddable":true,"href":"https:\/\/tv-hasloch.de\/index.php?rest_route=\/wp\/v2\/pages\/181"}],"wp:attachment":[{"href":"https:\/\/tv-hasloch.de\/index.php?rest_route=%2Fwp%2Fv2%2Fmedia&parent=205"}],"curies":[{"name":"wp","href":"https:\/\/api.w.org\/{rel}","templated":true}]}}