{"id":196,"date":"2016-11-09T22:30:28","date_gmt":"2016-11-09T20:30:28","guid":{"rendered":"http:\/\/tv-hasloch.de\/?page_id=196"},"modified":"2016-11-09T22:59:18","modified_gmt":"2016-11-09T20:59:18","slug":"breitensport","status":"publish","type":"page","link":"https:\/\/tv-hasloch.de\/?page_id=196","title":{"rendered":"Breitensport"},"content":{"rendered":"<p>&nbsp;<\/p>\n<p><span class=\"text\">Der Begriff Breitensport (auch <em>Freizeitsport<\/em>) bezeichnet sportliche Aktivit\u00e4ten, die haupts\u00e4chlich der k\u00f6rperlichen Fitness, dem Ausgleich von Bewegungsmangel, sowie dem Spa\u00df am Sport dienen. Damit grenzt sich der Breitensport vom wettkampforientierten und trainingsintensiveren Leistungssport ab.<\/span><\/p>\n<p>&nbsp;<\/p>\n<p><span class=\"text\">Im Sommer wird <\/span><span class=\"text\"> der Sportplatz f\u00fcr Spiele und Aktivit\u00e4ten mitbenutzt.<\/span><\/p>\n","protected":false},"excerpt":{"rendered":"<p>&nbsp; Der Begriff Breitensport (auch Freizeitsport) bezeichnet sportliche Aktivit\u00e4ten, die haupts\u00e4chlich der k\u00f6rperlichen Fitness, dem Ausgleich von Bewegungsmangel, sowie dem Spa\u00df am Sport dienen. Damit grenzt sich der Breitensport vom wettkampforientierten und trainingsintensiveren Leistungssport ab. &nbsp; Im Sommer wird der Sportplatz f\u00fcr Spiele und Aktivit\u00e4ten mitbenutzt. <a class=\"continue-reading-link\" href=\"https:\/\/tv-hasloch.de\/?page_id=196\">Continue reading<\/a><\/p>\n","protected":false},"author":2,"featured_media":0,"parent":16,"menu_order":2,"comment_status":"closed","ping_status":"closed","template":"templates\/template-twocolumns-right.php","meta":{"footnotes":""},"class_list":["post-196","page","type-page","status-publish","hentry"],"_links":{"self":[{"href":"https:\/\/tv-hasloch.de\/index.php?rest_route=\/wp\/v2\/pages\/196","targetHints":{"allow":["GET"]}}],"collection":[{"href":"https:\/\/tv-hasloch.de\/index.php?rest_route=\/wp\/v2\/pages"}],"about":[{"href":"https:\/\/tv-hasloch.de\/index.php?rest_route=\/wp\/v2\/types\/page"}],"author":[{"embeddable":true,"href":"https:\/\/tv-hasloch.de\/index.php?rest_route=\/wp\/v2\/users\/2"}],"replies":[{"embeddable":true,"href":"https:\/\/tv-hasloch.de\/index.php?rest_route=%2Fwp%2Fv2%2Fcomments&post=196"}],"version-history":[{"count":4,"href":"https:\/\/tv-hasloch.de\/index.php?rest_route=\/wp\/v2\/pages\/196\/revisions"}],"predecessor-version":[{"id":214,"href":"https:\/\/tv-hasloch.de\/index.php?rest_route=\/wp\/v2\/pages\/196\/revisions\/214"}],"up":[{"embeddable":true,"href":"https:\/\/tv-hasloch.de\/index.php?rest_route=\/wp\/v2\/pages\/16"}],"wp:attachment":[{"href":"https:\/\/tv-hasloch.de\/index.php?rest_route=%2Fwp%2Fv2%2Fmedia&parent=196"}],"curies":[{"name":"wp","href":"https:\/\/api.w.org\/{rel}","templated":true}]}}