{"id":1945,"date":"2026-03-26T10:37:54","date_gmt":"2026-03-26T09:37:54","guid":{"rendered":"https:\/\/tv-hasloch.de\/?page_id=1945"},"modified":"2026-03-26T10:39:25","modified_gmt":"2026-03-26T09:39:25","slug":"mitgliederversammlung-2026","status":"publish","type":"page","link":"https:\/\/tv-hasloch.de\/?page_id=1945","title":{"rendered":"Mitgliederversammlung 2026"},"content":{"rendered":"\n<p><\/p>\n\n\n\n<p>Am 22.03.2026 fand im Feuerwehrhaus in Hasloch die Mitgliederversammlung des TV Hasloch \u201eGut Heil\u201c von 1903 statt. Vorstand Verwaltung Bernd Koch erl\u00e4uterte die aktuellen Mitgliederzahlen und gab Informationen zur Anzahl der Sitzungen von Vereinsleitung und -ausschuss.<\/p>\n\n\n\n<p>Im Anschluss folgte der Bericht von J\u00fcrgen Dosch in seiner Funktion als Vorstand Sport. Besonders das allj\u00e4hrlich vom TVH durchgef\u00fchrte Sommerfest war das Highlight im Jahr 2025. Das Erfolgsrezept \u201eHoasler-Hasen-Olympiade\u201c konnte wieder durch alle Altersgruppen hinweg Teilnehmer motivieren.<\/p>\n\n\n\n<p>Der anhaltend gro\u00dfe Ansturm an Anfragen f\u00fcr den Bereich Kinderturnen hat auch im letzten Jahr nicht nachgelassen. Die Anfragen sind so zahlreich, dass leider weiterhin Wartelisten bestehen, da die vorhandenen Gruppen voll sind keine Hallenzeiten und \u00dcbungsleiter f\u00fcr weitere Gruppen zur Verf\u00fcgung stehen.<\/p>\n\n\n\n<p>F\u00fcr die Abteilung Tanz &amp; Gymnastik wurde verk\u00fcndet, dass wieder eine Yoga Lehrerin gefunden wurde. Neue Yoga Kurse k\u00f6nnen bald wieder angeboten werden.<\/p>\n\n\n\n<p>Einen guten 3. Platz belegte die Herren-30-Mannschaft aus der Abteilung Tennis. Au\u00dferdem gab es im vergangenen Jahr wieder ein Jugendturnier.<\/p>\n\n\n\n<p>Aus dem Bereich \u00d6ffentlichkeitsarbeit informierte Robin Hirsch \u00fcber Spendenaktionen und Projekte bei denen teilgenommen wurde. Als anstehende Aufgabe f\u00fcr das kommende bezeichnete er die Modernisierung der Vereinshomepage.<\/p>\n\n\n\n<p>Auch f\u00fcr Vorsitzende Wirtschaft Simone Patzelt war das Sommerfest das wichtigste Event. Zu der Live-Band Happy Musik wurde es zu einem gelungenen Fest von Gro\u00df bis Klein. Nicht einmal ein Regenschauer konnte die Laune der G\u00e4ste tr\u00fcben. Bei allen Veranstaltungen konnte ein Gewinn erwirtschaftet werden, lediglich der 2026 ausgerichtete Turnerball war diesmal kein voller Erfolg.<\/p>\n\n\n\n<p>Der Kassenpr\u00fcfer Markus Werner dankte Schatzmeisterin Patricia Trabold f\u00fcr ihre sehr gute Arbeit und die super gef\u00fchrte Kasse. Dem Antrag auf Entlastung wurde durch die Mitgliederversammlung zugestimmt.<\/p>\n\n\n\n<p>N\u00e4chster Punkt der Veranstaltung waren Neuwahlen. Die Vereinsleitung stellte sich erneut zur Wahl. Bernd Koch (Verwaltung), J\u00fcrgen Dosch (Sport), Simone Patzelt (Wirtschaft), Robin Hirsch (\u00d6ffentlichkeitsarbeit) und Patricia Trabold (Schatzmeisterin) wurden alle in ihre \u00c4mter wiedergew\u00e4hlt. Schriftf\u00fchrerin bleibt Sophia Graf. Neue Abteilungsleiterin Turnen wurde Mona Kirchner, die Runa Kraft beerbt. Zur weiteren Unterst\u00fctzung wurde Jonas Roos als Mitarbeiter Turnen gew\u00e4hlt. Tina Versch (Tanz &amp; Gymnastik) und Andreas B\u00f6kle (Tennis) blieben Abteilungsleiter, w\u00e4hrend Gernot Versch Bastian Graf (Volleyball) abl\u00f6st. Auch Frank Hollensteiner (Mitarbeiter Verwaltung) behielt seinen Posten. \u00c4nderungen gab es im Wirtschaftsausschuss. Isabell Scheurich, Anke Hirsch, Laura Je\u00dfberger und Felix Kirchner erkl\u00e4rten sich erneut bereit und fanden mit Susanne Hollensteiner, sowie Alexandra Sauer weitere Helfer. Neue Kassenpr\u00fcfer sind Markus Werner und Norbert Tretter. Zum Schluss der Versammlung wurde das im Jahr 2028 anstehende Jubil\u00e4um (125 Jahre) diskutiert.<\/p>\n","protected":false},"excerpt":{"rendered":"<p>Am 22.03.2026 fand im Feuerwehrhaus in Hasloch die Mitgliederversammlung des TV Hasloch \u201eGut Heil\u201c von 1903 statt. Vorstand Verwaltung Bernd Koch erl\u00e4uterte die aktuellen Mitgliederzahlen und gab Informationen zur Anzahl der Sitzungen von Vereinsleitung und -ausschuss. Im Anschluss folgte der Bericht von J\u00fcrgen Dosch in seiner Funktion als Vorstand Sport.\u2026 <a class=\"continue-reading-link\" href=\"https:\/\/tv-hasloch.de\/?page_id=1945\">Continue reading<\/a><\/p>\n","protected":false},"author":1,"featured_media":0,"parent":32,"menu_order":34,"comment_status":"closed","ping_status":"closed","template":"","meta":{"footnotes":""},"class_list":["post-1945","page","type-page","status-publish","hentry"],"_links":{"self":[{"href":"https:\/\/tv-hasloch.de\/index.php?rest_route=\/wp\/v2\/pages\/1945","targetHints":{"allow":["GET"]}}],"collection":[{"href":"https:\/\/tv-hasloch.de\/index.php?rest_route=\/wp\/v2\/pages"}],"about":[{"href":"https:\/\/tv-hasloch.de\/index.php?rest_route=\/wp\/v2\/types\/page"}],"author":[{"embeddable":true,"href":"https:\/\/tv-hasloch.de\/index.php?rest_route=\/wp\/v2\/users\/1"}],"replies":[{"embeddable":true,"href":"https:\/\/tv-hasloch.de\/index.php?rest_route=%2Fwp%2Fv2%2Fcomments&post=1945"}],"version-history":[{"count":1,"href":"https:\/\/tv-hasloch.de\/index.php?rest_route=\/wp\/v2\/pages\/1945\/revisions"}],"predecessor-version":[{"id":1946,"href":"https:\/\/tv-hasloch.de\/index.php?rest_route=\/wp\/v2\/pages\/1945\/revisions\/1946"}],"up":[{"embeddable":true,"href":"https:\/\/tv-hasloch.de\/index.php?rest_route=\/wp\/v2\/pages\/32"}],"wp:attachment":[{"href":"https:\/\/tv-hasloch.de\/index.php?rest_route=%2Fwp%2Fv2%2Fmedia&parent=1945"}],"curies":[{"name":"wp","href":"https:\/\/api.w.org\/{rel}","templated":true}]}}