{"id":1915,"date":"2025-12-17T17:13:39","date_gmt":"2025-12-17T16:13:39","guid":{"rendered":"https:\/\/tv-hasloch.de\/?page_id=1915"},"modified":"2025-12-17T17:17:34","modified_gmt":"2025-12-17T16:17:34","slug":"weihnachtsfeier-2025","status":"publish","type":"page","link":"https:\/\/tv-hasloch.de\/?page_id=1915","title":{"rendered":"Weihnachtsfeier 2025"},"content":{"rendered":"\n<p><\/p>\n\n\n\n<p>Am Samstag 13.12. fand die traditionelle Weihnachtsfeier des TVH in der voll besetzten Haseltalhalle statt. Wie immer zeigten die Kindergruppen turnerische \u00dcbungen aus ihrem Trainingsprogramm. Insgesamt waren ca. 130 junge Sportler und Sportlerinnen am Programm beteiligt, diese werden von 33 ehrenamtlichen \u00dcbungsleitern betreut. Er\u00f6ffnet wurde die Veranstaltung mit dem von allen Kindern gesungenen Lied \u201eWir sind die Kinder vom TVH\u201c und der Begr\u00fc\u00dfungsansprache vom Vorsitzenden \u00d6ffentlichkeitsarbeit Robin Hirsch.<\/p>\n\n\n\n<p>Sportlich ging es weiter mit der Moderation vom Vorsitzenden Sport J\u00fcrgen Dosch. Die j\u00fcngsten Kinder beim TVH im Alter ab 1 Jahr zeigten aus dem Eltern-Kind-Turnen Bewegungen in Ger\u00e4telandschaften.&nbsp; Anschlie\u00dfend h\u00fcpften und sprangen die kleinen M\u00e4dchen und Buben im Alter von 3 \u2013 6 Jahren nach dem&nbsp;&nbsp; Lied \u201eSportinator\u201c, dann folgten Rutschen und Springen \u00fcber Bank und Kasten. Die Kinder vom Grundlagentraining von 5 \u2013 6 Jahren balancierten \u00fcber K\u00e4sten und B\u00e4nke. Es folgte die Gruppe vom weiblichen Breitensport unter dem Motto \u201eJump &amp; Fun \u2013 wir heben ab.&nbsp; Die M\u00e4dchen sprangen \u00fcber Bank, Boden und Trampolin. Der Breitensport weiblich von 6 \u2013 12 Jahren hatten das Motto \u201eKasten mit Handger\u00e4ten\u201c gew\u00e4hlt. Die 16 M\u00e4dchen bewegten sich auf einer Reihe von K\u00e4sten mit Reifen und B\u00e4llen in 4er Gruppen. Die Jungs vom Breitensport zeigten Trampolinturnen. Die m\u00e4nnlichen Leistungsturner im Alter von 6 \u2013 10 Jahren hatten Bodenturnen gew\u00e4hlt, dabei wurden Standwaagen, Flugrollen, R\u00e4der, Radwenden, Handstand\u00fcberschlag geturnt.<\/p>\n\n\n\n<p>Nach der Pause folgte wieder ein gemeinsames Lied, das die auf der B\u00fchne versammelten Kinder gemeinsam sangen. Es folgte der Dank an die langj\u00e4hrigen \u00dcbungsleiter, die ihre ehrenamtliche T\u00e4tigkeit f\u00fcr den TVH nicht mehr aus\u00fcben k\u00f6nnen. F\u00fcr ihren Einsatz erhielten Florian Geyer, Runa Kraft und Alexandra Ott jeweils ein Pr\u00e4sent.<\/p>\n\n\n\n<p>Turnerisch ging es weiter mit den Leistungsturnerinnen im Alter von 6 \u2013 10 Jahren mit dem Titel \u201eGirls in Motion\u201c. Die 14 M\u00e4dchen hatten auch K\u00e4sten in verschiedenen Formationen aufgestellt und turnten darauf beeindruckende Spr\u00fcnge und Rollen in gro\u00dfer H\u00f6he. Zum Schluss bauten sie eine Pyramide. Es folgte die schwungvolle Vorstellung von Zumba-Teilnehmerinnen und den Zumba Kids zu mitrei\u00dfender Musik.<\/p>\n\n\n\n<p>Die Leistungsturner m\u00e4nnliche Jugend\/Aktive zeigten ihr K\u00f6nnen mit Turnen vom St\u00fctzreck zum Hochreck. Die weiblichen Leistungsturner der Jugend und Aktiven waren dran. Die 14 jungen Damen boten ein wundersch\u00f6nes Bild zum Anfang und turnten am Stufenbarren \u00dcbungen aus dem Wettkampfprogramm. Die Gruppen der Leistungsturner zeigten herausragende turnerische Leistungen, die von den Zuschauern begeistert mit Applaus bedacht wurden.<\/p>\n\n\n\n<p>Zum Anschluss der Veranstaltung wurde der Nikolaus wie jedes Jahr mit einem Lied der Kinder begr\u00fc\u00dft. Nach der kurzen Ansprache vom Nikolaus erhielt jedes Kind ein P\u00e4ckchen.<\/p>\n\n\n\n<figure class=\"wp-block-gallery has-nested-images columns-default is-cropped wp-block-gallery-1 is-layout-flex wp-block-gallery-is-layout-flex\">\n<figure class=\"wp-block-image size-large\"><img fetchpriority=\"high\" decoding=\"async\" width=\"683\" height=\"1024\" data-id=\"1925\" src=\"https:\/\/tv-hasloch.de\/wp-content\/uploads\/2025\/12\/2025_Bilder-Weihnachtsfeier-8-683x1024.jpg\" alt=\"\" class=\"wp-image-1925\" srcset=\"https:\/\/tv-hasloch.de\/wp-content\/uploads\/2025\/12\/2025_Bilder-Weihnachtsfeier-8-683x1024.jpg 683w, https:\/\/tv-hasloch.de\/wp-content\/uploads\/2025\/12\/2025_Bilder-Weihnachtsfeier-8-200x300.jpg 200w, https:\/\/tv-hasloch.de\/wp-content\/uploads\/2025\/12\/2025_Bilder-Weihnachtsfeier-8-768x1152.jpg 768w, https:\/\/tv-hasloch.de\/wp-content\/uploads\/2025\/12\/2025_Bilder-Weihnachtsfeier-8-512x768.jpg 512w, https:\/\/tv-hasloch.de\/wp-content\/uploads\/2025\/12\/2025_Bilder-Weihnachtsfeier-8-1024x1536.jpg 1024w, https:\/\/tv-hasloch.de\/wp-content\/uploads\/2025\/12\/2025_Bilder-Weihnachtsfeier-8-1365x2048.jpg 1365w, https:\/\/tv-hasloch.de\/wp-content\/uploads\/2025\/12\/2025_Bilder-Weihnachtsfeier-8-100x150.jpg 100w, https:\/\/tv-hasloch.de\/wp-content\/uploads\/2025\/12\/2025_Bilder-Weihnachtsfeier-8-scaled.jpg 1707w\" sizes=\"(max-width: 683px) 100vw, 683px\" \/><\/figure>\n\n\n\n<figure class=\"wp-block-image size-large\"><img decoding=\"async\" width=\"1024\" height=\"717\" data-id=\"1924\" src=\"https:\/\/tv-hasloch.de\/wp-content\/uploads\/2025\/12\/2025_Bilder-Weihnachtsfeier-7-1024x717.jpg\" alt=\"\" class=\"wp-image-1924\" srcset=\"https:\/\/tv-hasloch.de\/wp-content\/uploads\/2025\/12\/2025_Bilder-Weihnachtsfeier-7-1024x717.jpg 1024w, https:\/\/tv-hasloch.de\/wp-content\/uploads\/2025\/12\/2025_Bilder-Weihnachtsfeier-7-300x210.jpg 300w, https:\/\/tv-hasloch.de\/wp-content\/uploads\/2025\/12\/2025_Bilder-Weihnachtsfeier-7-768x538.jpg 768w, https:\/\/tv-hasloch.de\/wp-content\/uploads\/2025\/12\/2025_Bilder-Weihnachtsfeier-7-1536x1076.jpg 1536w, https:\/\/tv-hasloch.de\/wp-content\/uploads\/2025\/12\/2025_Bilder-Weihnachtsfeier-7-2048x1435.jpg 2048w, https:\/\/tv-hasloch.de\/wp-content\/uploads\/2025\/12\/2025_Bilder-Weihnachtsfeier-7-214x150.jpg 214w, https:\/\/tv-hasloch.de\/wp-content\/uploads\/2025\/12\/2025_Bilder-Weihnachtsfeier-7-150x105.jpg 150w\" sizes=\"(max-width: 1024px) 100vw, 1024px\" \/><\/figure>\n\n\n\n<figure class=\"wp-block-image size-large\"><img decoding=\"async\" width=\"683\" height=\"1024\" data-id=\"1923\" src=\"https:\/\/tv-hasloch.de\/wp-content\/uploads\/2025\/12\/2025_Bilder-Weihnachtsfeier-6-683x1024.jpg\" alt=\"\" class=\"wp-image-1923\" srcset=\"https:\/\/tv-hasloch.de\/wp-content\/uploads\/2025\/12\/2025_Bilder-Weihnachtsfeier-6-683x1024.jpg 683w, https:\/\/tv-hasloch.de\/wp-content\/uploads\/2025\/12\/2025_Bilder-Weihnachtsfeier-6-200x300.jpg 200w, https:\/\/tv-hasloch.de\/wp-content\/uploads\/2025\/12\/2025_Bilder-Weihnachtsfeier-6-768x1152.jpg 768w, https:\/\/tv-hasloch.de\/wp-content\/uploads\/2025\/12\/2025_Bilder-Weihnachtsfeier-6-512x768.jpg 512w, https:\/\/tv-hasloch.de\/wp-content\/uploads\/2025\/12\/2025_Bilder-Weihnachtsfeier-6-1024x1536.jpg 1024w, https:\/\/tv-hasloch.de\/wp-content\/uploads\/2025\/12\/2025_Bilder-Weihnachtsfeier-6-1365x2048.jpg 1365w, https:\/\/tv-hasloch.de\/wp-content\/uploads\/2025\/12\/2025_Bilder-Weihnachtsfeier-6-100x150.jpg 100w, https:\/\/tv-hasloch.de\/wp-content\/uploads\/2025\/12\/2025_Bilder-Weihnachtsfeier-6-scaled.jpg 1707w\" sizes=\"(max-width: 683px) 100vw, 683px\" \/><\/figure>\n\n\n\n<figure class=\"wp-block-image size-large\"><img loading=\"lazy\" decoding=\"async\" width=\"870\" height=\"1024\" data-id=\"1922\" src=\"https:\/\/tv-hasloch.de\/wp-content\/uploads\/2025\/12\/2025_Bilder-Weihnachtsfeier-5-870x1024.jpg\" alt=\"\" class=\"wp-image-1922\" srcset=\"https:\/\/tv-hasloch.de\/wp-content\/uploads\/2025\/12\/2025_Bilder-Weihnachtsfeier-5-870x1024.jpg 870w, https:\/\/tv-hasloch.de\/wp-content\/uploads\/2025\/12\/2025_Bilder-Weihnachtsfeier-5-255x300.jpg 255w, https:\/\/tv-hasloch.de\/wp-content\/uploads\/2025\/12\/2025_Bilder-Weihnachtsfeier-5-768x904.jpg 768w, https:\/\/tv-hasloch.de\/wp-content\/uploads\/2025\/12\/2025_Bilder-Weihnachtsfeier-5-652x768.jpg 652w, https:\/\/tv-hasloch.de\/wp-content\/uploads\/2025\/12\/2025_Bilder-Weihnachtsfeier-5-1305x1536.jpg 1305w, https:\/\/tv-hasloch.de\/wp-content\/uploads\/2025\/12\/2025_Bilder-Weihnachtsfeier-5-1739x2048.jpg 1739w, https:\/\/tv-hasloch.de\/wp-content\/uploads\/2025\/12\/2025_Bilder-Weihnachtsfeier-5-127x150.jpg 127w\" sizes=\"(max-width: 870px) 100vw, 870px\" \/><\/figure>\n\n\n\n<figure class=\"wp-block-image size-large\"><img loading=\"lazy\" decoding=\"async\" width=\"683\" height=\"1024\" data-id=\"1921\" src=\"https:\/\/tv-hasloch.de\/wp-content\/uploads\/2025\/12\/2025_Bilder-Weihnachtsfeier-4-683x1024.jpg\" alt=\"\" class=\"wp-image-1921\" srcset=\"https:\/\/tv-hasloch.de\/wp-content\/uploads\/2025\/12\/2025_Bilder-Weihnachtsfeier-4-683x1024.jpg 683w, https:\/\/tv-hasloch.de\/wp-content\/uploads\/2025\/12\/2025_Bilder-Weihnachtsfeier-4-200x300.jpg 200w, https:\/\/tv-hasloch.de\/wp-content\/uploads\/2025\/12\/2025_Bilder-Weihnachtsfeier-4-768x1152.jpg 768w, https:\/\/tv-hasloch.de\/wp-content\/uploads\/2025\/12\/2025_Bilder-Weihnachtsfeier-4-512x768.jpg 512w, https:\/\/tv-hasloch.de\/wp-content\/uploads\/2025\/12\/2025_Bilder-Weihnachtsfeier-4-1024x1536.jpg 1024w, https:\/\/tv-hasloch.de\/wp-content\/uploads\/2025\/12\/2025_Bilder-Weihnachtsfeier-4-1365x2048.jpg 1365w, https:\/\/tv-hasloch.de\/wp-content\/uploads\/2025\/12\/2025_Bilder-Weihnachtsfeier-4-100x150.jpg 100w, https:\/\/tv-hasloch.de\/wp-content\/uploads\/2025\/12\/2025_Bilder-Weihnachtsfeier-4-scaled.jpg 1707w\" sizes=\"(max-width: 683px) 100vw, 683px\" \/><\/figure>\n\n\n\n<figure class=\"wp-block-image size-large\"><img loading=\"lazy\" decoding=\"async\" width=\"683\" height=\"1024\" data-id=\"1920\" src=\"https:\/\/tv-hasloch.de\/wp-content\/uploads\/2025\/12\/2025_Bilder-Weihnachtsfeier-3-683x1024.jpg\" alt=\"\" class=\"wp-image-1920\" srcset=\"https:\/\/tv-hasloch.de\/wp-content\/uploads\/2025\/12\/2025_Bilder-Weihnachtsfeier-3-683x1024.jpg 683w, https:\/\/tv-hasloch.de\/wp-content\/uploads\/2025\/12\/2025_Bilder-Weihnachtsfeier-3-200x300.jpg 200w, https:\/\/tv-hasloch.de\/wp-content\/uploads\/2025\/12\/2025_Bilder-Weihnachtsfeier-3-768x1152.jpg 768w, https:\/\/tv-hasloch.de\/wp-content\/uploads\/2025\/12\/2025_Bilder-Weihnachtsfeier-3-512x768.jpg 512w, https:\/\/tv-hasloch.de\/wp-content\/uploads\/2025\/12\/2025_Bilder-Weihnachtsfeier-3-1024x1536.jpg 1024w, https:\/\/tv-hasloch.de\/wp-content\/uploads\/2025\/12\/2025_Bilder-Weihnachtsfeier-3-1365x2048.jpg 1365w, https:\/\/tv-hasloch.de\/wp-content\/uploads\/2025\/12\/2025_Bilder-Weihnachtsfeier-3-100x150.jpg 100w, https:\/\/tv-hasloch.de\/wp-content\/uploads\/2025\/12\/2025_Bilder-Weihnachtsfeier-3-scaled.jpg 1707w\" sizes=\"(max-width: 683px) 100vw, 683px\" \/><\/figure>\n\n\n\n<figure class=\"wp-block-image size-large\"><img loading=\"lazy\" decoding=\"async\" width=\"1024\" height=\"683\" data-id=\"1919\" src=\"https:\/\/tv-hasloch.de\/wp-content\/uploads\/2025\/12\/2025_Bilder-Weihnachtsfeier-2-1024x683.jpg\" alt=\"\" class=\"wp-image-1919\" srcset=\"https:\/\/tv-hasloch.de\/wp-content\/uploads\/2025\/12\/2025_Bilder-Weihnachtsfeier-2-1024x683.jpg 1024w, https:\/\/tv-hasloch.de\/wp-content\/uploads\/2025\/12\/2025_Bilder-Weihnachtsfeier-2-300x200.jpg 300w, https:\/\/tv-hasloch.de\/wp-content\/uploads\/2025\/12\/2025_Bilder-Weihnachtsfeier-2-768x512.jpg 768w, https:\/\/tv-hasloch.de\/wp-content\/uploads\/2025\/12\/2025_Bilder-Weihnachtsfeier-2-1536x1024.jpg 1536w, https:\/\/tv-hasloch.de\/wp-content\/uploads\/2025\/12\/2025_Bilder-Weihnachtsfeier-2-2048x1365.jpg 2048w, https:\/\/tv-hasloch.de\/wp-content\/uploads\/2025\/12\/2025_Bilder-Weihnachtsfeier-2-225x150.jpg 225w, https:\/\/tv-hasloch.de\/wp-content\/uploads\/2025\/12\/2025_Bilder-Weihnachtsfeier-2-150x100.jpg 150w\" sizes=\"(max-width: 1024px) 100vw, 1024px\" \/><\/figure>\n\n\n\n<figure class=\"wp-block-image size-large\"><img loading=\"lazy\" decoding=\"async\" width=\"1024\" height=\"683\" data-id=\"1918\" src=\"https:\/\/tv-hasloch.de\/wp-content\/uploads\/2025\/12\/2025_Bilder-Weihnachtsfeier-1-1024x683.jpg\" alt=\"\" class=\"wp-image-1918\" srcset=\"https:\/\/tv-hasloch.de\/wp-content\/uploads\/2025\/12\/2025_Bilder-Weihnachtsfeier-1-1024x683.jpg 1024w, https:\/\/tv-hasloch.de\/wp-content\/uploads\/2025\/12\/2025_Bilder-Weihnachtsfeier-1-300x200.jpg 300w, https:\/\/tv-hasloch.de\/wp-content\/uploads\/2025\/12\/2025_Bilder-Weihnachtsfeier-1-768x512.jpg 768w, https:\/\/tv-hasloch.de\/wp-content\/uploads\/2025\/12\/2025_Bilder-Weihnachtsfeier-1-1536x1024.jpg 1536w, https:\/\/tv-hasloch.de\/wp-content\/uploads\/2025\/12\/2025_Bilder-Weihnachtsfeier-1-2048x1365.jpg 2048w, https:\/\/tv-hasloch.de\/wp-content\/uploads\/2025\/12\/2025_Bilder-Weihnachtsfeier-1-225x150.jpg 225w, https:\/\/tv-hasloch.de\/wp-content\/uploads\/2025\/12\/2025_Bilder-Weihnachtsfeier-1-150x100.jpg 150w\" sizes=\"(max-width: 1024px) 100vw, 1024px\" \/><\/figure>\n<\/figure>\n","protected":false},"excerpt":{"rendered":"<p>Am Samstag 13.12. fand die traditionelle Weihnachtsfeier des TVH in der voll besetzten Haseltalhalle statt. Wie immer zeigten die Kindergruppen turnerische \u00dcbungen aus ihrem Trainingsprogramm. Insgesamt waren ca. 130 junge Sportler und Sportlerinnen am Programm beteiligt, diese werden von 33 ehrenamtlichen \u00dcbungsleitern betreut. Er\u00f6ffnet wurde die Veranstaltung mit dem von\u2026 <a class=\"continue-reading-link\" href=\"https:\/\/tv-hasloch.de\/?page_id=1915\">Continue reading<\/a><\/p>\n","protected":false},"author":1,"featured_media":0,"parent":32,"menu_order":33,"comment_status":"closed","ping_status":"closed","template":"","meta":{"footnotes":""},"class_list":["post-1915","page","type-page","status-publish","hentry"],"_links":{"self":[{"href":"https:\/\/tv-hasloch.de\/index.php?rest_route=\/wp\/v2\/pages\/1915","targetHints":{"allow":["GET"]}}],"collection":[{"href":"https:\/\/tv-hasloch.de\/index.php?rest_route=\/wp\/v2\/pages"}],"about":[{"href":"https:\/\/tv-hasloch.de\/index.php?rest_route=\/wp\/v2\/types\/page"}],"author":[{"embeddable":true,"href":"https:\/\/tv-hasloch.de\/index.php?rest_route=\/wp\/v2\/users\/1"}],"replies":[{"embeddable":true,"href":"https:\/\/tv-hasloch.de\/index.php?rest_route=%2Fwp%2Fv2%2Fcomments&post=1915"}],"version-history":[{"count":3,"href":"https:\/\/tv-hasloch.de\/index.php?rest_route=\/wp\/v2\/pages\/1915\/revisions"}],"predecessor-version":[{"id":1926,"href":"https:\/\/tv-hasloch.de\/index.php?rest_route=\/wp\/v2\/pages\/1915\/revisions\/1926"}],"up":[{"embeddable":true,"href":"https:\/\/tv-hasloch.de\/index.php?rest_route=\/wp\/v2\/pages\/32"}],"wp:attachment":[{"href":"https:\/\/tv-hasloch.de\/index.php?rest_route=%2Fwp%2Fv2%2Fmedia&parent=1915"}],"curies":[{"name":"wp","href":"https:\/\/api.w.org\/{rel}","templated":true}]}}