{"id":181,"date":"2016-11-09T22:02:10","date_gmt":"2016-11-09T20:02:10","guid":{"rendered":"http:\/\/tv-hasloch.de\/?page_id=181"},"modified":"2024-03-06T07:24:04","modified_gmt":"2024-03-06T06:24:04","slug":"geraetturnen","status":"publish","type":"page","link":"https:\/\/tv-hasloch.de\/?page_id=181","title":{"rendered":"Ger\u00e4tturnen"},"content":{"rendered":"<p align=\"left\"><span class=\"text\">Ger\u00e4tturnen<\/span><span class=\"text\"> ist eine olympische Individualsportart. Ziel ist es, an Turnger\u00e4ten \u00dcbungen nach vorgegebenen Kriterien (Technik und Haltung), auch in Verbindungen, auszuf\u00fchren. Durch das Ger\u00e4tturnen werden vor allem koordinative und konditionelle F\u00e4higkeiten entwickelt, aber auch Mut, Willensqualit\u00e4ten und Selbstbeherrschung.<\/span><\/p>\n<p align=\"left\"><span class=\"text\">Das Ger\u00e4tturnen ist charakterisiert durch die Verwendung folgender Turnger\u00e4te (in olympischer Reihenfolge): <\/span><\/p>\n<p align=\"left\">M\u00e4nnlich:<\/p>\n<ul>\n<li><span class=\"text\">Boden<\/span><\/li>\n<li><span class=\"text\">Pauschenpferd<\/span><\/li>\n<li><span class=\"text\">Ringe<\/span><\/li>\n<li><span class=\"text\">Sprung (Bock, Kasten, Sprungtisch)<\/span><\/li>\n<li><span class=\"text\">Barren<\/span><\/li>\n<li><span class=\"text\">Reck<\/span><\/li>\n<\/ul>\n<p>Weiblich:<\/p>\n<ul>\n<li><span class=\"text\">Sprung (Bock, Kasten, Sprungtisch)<\/span><\/li>\n<li><span class=\"text\">Stufenbarren<\/span><\/li>\n<li><span class=\"text\">Schwebebalken<\/span><\/li>\n<li><span class=\"text\">Boden<\/span><\/li>\n<\/ul>\n<p>Seit dem 01.01.2015 gilt die aktualisierte Version des Pflicht\u00fcbungssystems, der sog. P-\u00dcbungen. Dabei muss der Turner eine vorgegebene Folge von Elementen zeigen. Die modifizierten K\u00fcr\u00fcbungen (KM) sind nicht Gegenstand des Trainings.<\/p>\n<p>Bei den P-\u00dcbungen werden an allen Ger\u00e4ten \u00dcbungen der Schwierigkeitsstufen P1 bis P9 angeboten, wobei sich dabei der Ausgangswert aus der D-Note (Grundwert der \u00dcbung) und dem E-Wert (Ausf\u00fchrung der \u00dcbung) zusammensetzt. Von diesem Ausgangswert werden zur Endwertung Ausf\u00fchrungs- und Technikfehler abgezogen.<\/p>\n<p>Der TV Hasloch nimmt aktiv an Wettk\u00e4mpfen der Landesliga II &#8211; &#8222;Ger\u00e4tturnen im Verein&#8220; teil.<\/p>\n<a href=\"https:\/\/tv-hasloch.de\/?ddownload=1396\" title=\"Termine 2023\" rel=\"nofollow\" class=\"ddownload-link id-1396 ext-pdf\">Termine 2023<\/a>\n\n\n<p><\/p>\n","protected":false},"excerpt":{"rendered":"<p>Ger\u00e4tturnen ist eine olympische Individualsportart. Ziel ist es, an Turnger\u00e4ten \u00dcbungen nach vorgegebenen Kriterien (Technik und Haltung), auch in Verbindungen, auszuf\u00fchren. Durch das Ger\u00e4tturnen werden vor allem koordinative und konditionelle F\u00e4higkeiten entwickelt, aber auch Mut, Willensqualit\u00e4ten und Selbstbeherrschung. Das Ger\u00e4tturnen ist charakterisiert durch die Verwendung folgender Turnger\u00e4te (in olympischer Reihenfolge):\u2026 <a class=\"continue-reading-link\" href=\"https:\/\/tv-hasloch.de\/?page_id=181\">Continue reading<\/a><\/p>\n","protected":false},"author":2,"featured_media":4,"parent":16,"menu_order":1,"comment_status":"closed","ping_status":"closed","template":"templates\/template-twocolumns-right.php","meta":{"footnotes":""},"class_list":["post-181","page","type-page","status-publish","has-post-thumbnail","hentry"],"_links":{"self":[{"href":"https:\/\/tv-hasloch.de\/index.php?rest_route=\/wp\/v2\/pages\/181","targetHints":{"allow":["GET"]}}],"collection":[{"href":"https:\/\/tv-hasloch.de\/index.php?rest_route=\/wp\/v2\/pages"}],"about":[{"href":"https:\/\/tv-hasloch.de\/index.php?rest_route=\/wp\/v2\/types\/page"}],"author":[{"embeddable":true,"href":"https:\/\/tv-hasloch.de\/index.php?rest_route=\/wp\/v2\/users\/2"}],"replies":[{"embeddable":true,"href":"https:\/\/tv-hasloch.de\/index.php?rest_route=%2Fwp%2Fv2%2Fcomments&post=181"}],"version-history":[{"count":16,"href":"https:\/\/tv-hasloch.de\/index.php?rest_route=\/wp\/v2\/pages\/181\/revisions"}],"predecessor-version":[{"id":1573,"href":"https:\/\/tv-hasloch.de\/index.php?rest_route=\/wp\/v2\/pages\/181\/revisions\/1573"}],"up":[{"embeddable":true,"href":"https:\/\/tv-hasloch.de\/index.php?rest_route=\/wp\/v2\/pages\/16"}],"wp:featuredmedia":[{"embeddable":true,"href":"https:\/\/tv-hasloch.de\/index.php?rest_route=\/wp\/v2\/media\/4"}],"wp:attachment":[{"href":"https:\/\/tv-hasloch.de\/index.php?rest_route=%2Fwp%2Fv2%2Fmedia&parent=181"}],"curies":[{"name":"wp","href":"https:\/\/api.w.org\/{rel}","templated":true}]}}