{"id":1796,"date":"2025-03-17T19:23:41","date_gmt":"2025-03-17T18:23:41","guid":{"rendered":"https:\/\/tv-hasloch.de\/?page_id=1796"},"modified":"2025-04-18T09:56:29","modified_gmt":"2025-04-18T08:56:29","slug":"bericht-der-mitgliederversammlung-des-tv-hasloch","status":"publish","type":"page","link":"https:\/\/tv-hasloch.de\/?page_id=1796","title":{"rendered":"Mitgliederversammlung 2025"},"content":{"rendered":"\n<p><\/p>\n\n\n\n<p>Am 17.03.2025 fand im Feuerwehrhaus in Hasloch die Mitgliederversammlung des TV Hasloch \u201eGut Heil\u201c von 1903 statt. Wie im Bericht vom Vorstand Verwaltung Bernd Koch ausgef\u00fchrt ist der Turnverein dabei sich digitaler aufzustellen. Dies ben\u00f6tigt jedoch noch etwas mehr Zeit. Au\u00dferdem wurde berichtet, dass das im Jahr 2024 verputzte TVH Geb\u00e4ude nun endlich wettergesch\u00fctzt ist.<\/p>\n\n\n\n<p>Im Anschluss folgte der Bericht von J\u00fcrgen Dosch in seiner Funktion als Vorstand Sport. Besonders das allj\u00e4hrlich vom TVH durchgef\u00fchrte Sommerfest war das Highlight im Jahr 2024. Am neu erfundenen Wettstreit \u201eHoasler-Hasen-Olympiade\u201c nahmen \u00fcber 100 Personen durch alle Altersgruppen hinweg teil.<\/p>\n\n\n\n<p>Einen gro\u00dfen Ansturm an neuen Mitgliedern hat der TVH im Bereich Kinderturnen. Die Anfragen sind so zahlreich, dass leider 55 Kinder auf Wartelisten stehen, da die vorhandenen Gruppen voll sind keine Hallenzeiten und \u00dcbungsleiter f\u00fcr weitere Gruppen zur Verf\u00fcgung stehen. Auch die zweite Breitensportgruppe von Monika Sch\u00fcler hat nur wenig Entlastung gebracht.<\/p>\n\n\n\n<p>F\u00fcr die Abteilung Tanz &amp; Gymnastik wurde verk\u00fcndet, dass wieder eine Yoga Lehrerin gefunden wurde. Neue Yoga Kurse k\u00f6nnen bald wieder angeboten werden. Au\u00dferdem er\u00f6ffnet schon bald eine \u201eZumba Kids\u201c Gruppe geleitet von Abteilungsleiterin Tina Versch.<\/p>\n\n\n\n<p>Einen guten Platz im Mittelfeld belegt momentan die Mannschaft aus der Abteilung Tennis. Au\u00dferdem gab es im vergangenen Jahr wieder ein Jugendturnier.<\/p>\n\n\n\n<p>Aus dem Bereich \u00d6ffentlichkeitsarbeit informierte Robin Hirsch \u00fcber Spendenaktionen und Projekte bei denen teilgenommen wurde. J\u00fcrgen Dosch hob noch einmal hervor, dass durch das sammeln der \u201eScheine f\u00fcr Vereine\u201c Aktion Trainingsgegenst\u00e4nde im Wert von \u00fcber 400\u20ac eingel\u00f6st werden konnte.<\/p>\n\n\n\n<p>Auch f\u00fcr Vorsitzende Wirtschaft Simone Patzelt war das Sommerfest das wichtigste Event. Auch ohne Live-Band wurde es zu einem gelungenen Fest von Gro\u00df bis Klein. Im Herbst gab es das allj\u00e4hrliche Suppenfest in Verbindung mit den Vereinsmeisterschaften im Ger\u00e4tturnen. Insgesamt konnte bei allen Veranstaltungen ein Gewinn erwirtschaftet werden. Auch der 2025 ausgerichtete Turnerball war ein voller Erfolg und soll nun wieder regelm\u00e4\u00dfig stattfinden.<\/p>\n\n\n\n<p>Die beiden Kassenpr\u00fcfer Frank Wei\u00df und Markus Werner dankten Schatzmeisterin Patricia Trabold f\u00fcr ihre sehr gute Arbeit und die super gef\u00fchrte Kasse. Dem Antrag auf Entlastung wurde durch die Mitgliederversammlung zugestimmt.<\/p>\n\n\n\n<p>Konkrete Planungen zur Zukunft des Vereins stehen momentan nicht an. Aktuelle Termine f\u00fcr das Jahr h\u00e4ngen aus und sind auf der Homepage zu finden. Zum Schluss wurde das immer noch bestehende Helferproblem von Markus Werner angesprochen. J\u00fcrgen Dosch erl\u00e4uterte, dass besonders bei Neuanmeldungen auf die Notwendigkeit der Mitarbeit und Durchf\u00fchrung von Helferdiensten hingewiesen wird.<\/p>\n","protected":false},"excerpt":{"rendered":"<p>Am 17.03.2025 fand im Feuerwehrhaus in Hasloch die Mitgliederversammlung des TV Hasloch \u201eGut Heil\u201c von 1903 statt. Wie im Bericht vom Vorstand Verwaltung Bernd Koch ausgef\u00fchrt ist der Turnverein dabei sich digitaler aufzustellen. Dies ben\u00f6tigt jedoch noch etwas mehr Zeit. Au\u00dferdem wurde berichtet, dass das im Jahr 2024 verputzte TVH\u2026 <a class=\"continue-reading-link\" href=\"https:\/\/tv-hasloch.de\/?page_id=1796\">Continue reading<\/a><\/p>\n","protected":false},"author":1,"featured_media":0,"parent":32,"menu_order":32,"comment_status":"closed","ping_status":"closed","template":"","meta":{"footnotes":""},"class_list":["post-1796","page","type-page","status-publish","hentry"],"_links":{"self":[{"href":"https:\/\/tv-hasloch.de\/index.php?rest_route=\/wp\/v2\/pages\/1796","targetHints":{"allow":["GET"]}}],"collection":[{"href":"https:\/\/tv-hasloch.de\/index.php?rest_route=\/wp\/v2\/pages"}],"about":[{"href":"https:\/\/tv-hasloch.de\/index.php?rest_route=\/wp\/v2\/types\/page"}],"author":[{"embeddable":true,"href":"https:\/\/tv-hasloch.de\/index.php?rest_route=\/wp\/v2\/users\/1"}],"replies":[{"embeddable":true,"href":"https:\/\/tv-hasloch.de\/index.php?rest_route=%2Fwp%2Fv2%2Fcomments&post=1796"}],"version-history":[{"count":5,"href":"https:\/\/tv-hasloch.de\/index.php?rest_route=\/wp\/v2\/pages\/1796\/revisions"}],"predecessor-version":[{"id":1862,"href":"https:\/\/tv-hasloch.de\/index.php?rest_route=\/wp\/v2\/pages\/1796\/revisions\/1862"}],"up":[{"embeddable":true,"href":"https:\/\/tv-hasloch.de\/index.php?rest_route=\/wp\/v2\/pages\/32"}],"wp:attachment":[{"href":"https:\/\/tv-hasloch.de\/index.php?rest_route=%2Fwp%2Fv2%2Fmedia&parent=1796"}],"curies":[{"name":"wp","href":"https:\/\/api.w.org\/{rel}","templated":true}]}}