{"id":1661,"date":"2024-10-02T15:34:29","date_gmt":"2024-10-02T14:34:29","guid":{"rendered":"https:\/\/tv-hasloch.de\/?page_id=1661"},"modified":"2024-10-02T15:34:29","modified_gmt":"2024-10-02T14:34:29","slug":"herbstfest-vereinsmeisterschaften-turnen-2024","status":"publish","type":"page","link":"https:\/\/tv-hasloch.de\/?page_id=1661","title":{"rendered":"Herbstfest \/ Vereinsmeisterschaften Turnen 2024"},"content":{"rendered":"\n<p>Am 29.09.2024 wurden im Rahmen des Herbstfestes die Vereinsmeisterschaften 2024 im Ger\u00e4teturnen ausgetragen.<\/p>\n\n\n\n<p><\/p>\n\n\n\n<p>38 Turnerinnen und Turner bestritten den Wettkampf in der Haseltalhalle am Sonntagmorgen. Die m\u00e4nnlichen Wettk\u00e4mpfer turnten ihre \u00dcbungen an Boden, Pauschenpferd, Ringen, beim Sprung, an Barren und Reck. Die Turnerinnen mussten am Boden, Schwebebalken, Sprung und Stufenbarren ihre \u00dcbungen zeigen.<\/p>\n\n\n\n<p><\/p>\n\n\n\n<p>Bei den j\u00fcngsten M\u00e4dchen der Altersklasse F wurde Vereinsmeisterin Elisabeth Lasarenko. In der Altersklasse E gewann Ella Ulbrich. In der Altersklasse M\u00e4dchen D siegte Lisa Franz und Amelie Nagy setzte sich in der Klasse C durch. Bei der Jugend AB siegte Kim Schwarzmeier und bei den Aktiven Frauen wurde 1. Patricia Trabold.<\/p>\n\n\n\n<p><\/p>\n\n\n\n<p>Bei den m\u00e4nnlichen Turnern in der Altersklasse F wurde Vereinsmeister Leopold Linke, in der Altersklasse E war es Henri Rauch und Silas Kegelmann siegte bei den Sch\u00fclern der Klasse D. Bei den Jugendturnern der Klasse A\/B gewann Julius Wei\u00df und bei den \u00fcber 18-j\u00e4hrigen holte Robin Hirsch den Sieg.<\/p>\n\n\n\n<p><\/p>\n\n\n\n<p>Zum Abschluss der Siegerehrung wurde der Karl Wiegand Ged\u00e4chtnispokal verliehen. Bei dem Pokal handelt es sich um einen Wanderpokal, der vor vielen Jahren vom Ehrenvorsitzenden Karl-Heinz Versch gestiftet wurde, um die Jugendarbeit im Verein zu f\u00f6rdern. Der Pokal wird im j\u00e4hrlichen Wechsel an die weibliche bzw. den m\u00e4nnlichen Vereinsmeister aus der Altersklasse Jugend A\/B verliehen. In diesem Jahr ging der Pokal an Kim Schwarzmeier.<\/p>\n\n\n\n<p><\/p>\n\n\n\n<p>Im Anschluss an die Siegerehrung gab es am TVH-Geb\u00e4ude, bei gutem Herbstfestwetter, Federwei\u00dfer, K\u00fcrbissuppe und Zwiebelbloatz.<\/p>\n\n\n\n<figure class=\"wp-block-image size-large\"><img fetchpriority=\"high\" decoding=\"async\" width=\"1024\" height=\"461\" src=\"https:\/\/tv-hasloch.de\/wp-content\/uploads\/2024\/10\/2024_Herbstfest-11-1024x461.jpg\" alt=\"\" class=\"wp-image-1662\" srcset=\"https:\/\/tv-hasloch.de\/wp-content\/uploads\/2024\/10\/2024_Herbstfest-11-1024x461.jpg 1024w, https:\/\/tv-hasloch.de\/wp-content\/uploads\/2024\/10\/2024_Herbstfest-11-300x135.jpg 300w, https:\/\/tv-hasloch.de\/wp-content\/uploads\/2024\/10\/2024_Herbstfest-11-768x346.jpg 768w, https:\/\/tv-hasloch.de\/wp-content\/uploads\/2024\/10\/2024_Herbstfest-11-1536x691.jpg 1536w, https:\/\/tv-hasloch.de\/wp-content\/uploads\/2024\/10\/2024_Herbstfest-11-250x113.jpg 250w, https:\/\/tv-hasloch.de\/wp-content\/uploads\/2024\/10\/2024_Herbstfest-11-150x68.jpg 150w, https:\/\/tv-hasloch.de\/wp-content\/uploads\/2024\/10\/2024_Herbstfest-11.jpg 2000w\" sizes=\"(max-width: 1024px) 100vw, 1024px\" \/><\/figure>\n","protected":false},"excerpt":{"rendered":"<p>Am 29.09.2024 wurden im Rahmen des Herbstfestes die Vereinsmeisterschaften 2024 im Ger\u00e4teturnen ausgetragen. 38 Turnerinnen und Turner bestritten den Wettkampf in der Haseltalhalle am Sonntagmorgen. Die m\u00e4nnlichen Wettk\u00e4mpfer turnten ihre \u00dcbungen an Boden, Pauschenpferd, Ringen, beim Sprung, an Barren und Reck. Die Turnerinnen mussten am Boden, Schwebebalken, Sprung und Stufenbarren\u2026 <a class=\"continue-reading-link\" href=\"https:\/\/tv-hasloch.de\/?page_id=1661\">Continue reading<\/a><\/p>\n","protected":false},"author":1,"featured_media":0,"parent":32,"menu_order":31,"comment_status":"closed","ping_status":"closed","template":"","meta":{"footnotes":""},"class_list":["post-1661","page","type-page","status-publish","hentry"],"_links":{"self":[{"href":"https:\/\/tv-hasloch.de\/index.php?rest_route=\/wp\/v2\/pages\/1661","targetHints":{"allow":["GET"]}}],"collection":[{"href":"https:\/\/tv-hasloch.de\/index.php?rest_route=\/wp\/v2\/pages"}],"about":[{"href":"https:\/\/tv-hasloch.de\/index.php?rest_route=\/wp\/v2\/types\/page"}],"author":[{"embeddable":true,"href":"https:\/\/tv-hasloch.de\/index.php?rest_route=\/wp\/v2\/users\/1"}],"replies":[{"embeddable":true,"href":"https:\/\/tv-hasloch.de\/index.php?rest_route=%2Fwp%2Fv2%2Fcomments&post=1661"}],"version-history":[{"count":1,"href":"https:\/\/tv-hasloch.de\/index.php?rest_route=\/wp\/v2\/pages\/1661\/revisions"}],"predecessor-version":[{"id":1663,"href":"https:\/\/tv-hasloch.de\/index.php?rest_route=\/wp\/v2\/pages\/1661\/revisions\/1663"}],"up":[{"embeddable":true,"href":"https:\/\/tv-hasloch.de\/index.php?rest_route=\/wp\/v2\/pages\/32"}],"wp:attachment":[{"href":"https:\/\/tv-hasloch.de\/index.php?rest_route=%2Fwp%2Fv2%2Fmedia&parent=1661"}],"curies":[{"name":"wp","href":"https:\/\/api.w.org\/{rel}","templated":true}]}}