{"id":1595,"date":"2024-07-17T20:18:19","date_gmt":"2024-07-17T19:18:19","guid":{"rendered":"https:\/\/tv-hasloch.de\/?page_id=1595"},"modified":"2025-03-17T19:22:29","modified_gmt":"2025-03-17T18:22:29","slug":"tv-hasloch-sommerfest-2024","status":"publish","type":"page","link":"https:\/\/tv-hasloch.de\/?page_id=1595","title":{"rendered":"Sommerfest 2024"},"content":{"rendered":"\n<p>Am 13. Juli 2024 fand in Hasloch das Sommerfest des Turnverein Hasloch statt. Das Fest begann um 14:30 Uhr mit der Hoasler Hasen-Olympiade. Alle Teilnehmer mussten sich durch einen Hindernisparcours k\u00e4mpfen, ihre Kraft und Ausdauer beim Standweitsprung und Sprint unter Beweis stellen und um die Wette M\u00f6hren essen.<\/p>\n\n\n\n<p><\/p>\n\n\n\n<figure class=\"wp-block-image size-medium\"><img fetchpriority=\"high\" decoding=\"async\" width=\"300\" height=\"225\" src=\"https:\/\/tv-hasloch.de\/wp-content\/uploads\/2024\/07\/2024_Sommerfest-22-300x225.jpg\" alt=\"\" class=\"wp-image-1601\" srcset=\"https:\/\/tv-hasloch.de\/wp-content\/uploads\/2024\/07\/2024_Sommerfest-22-300x225.jpg 300w, https:\/\/tv-hasloch.de\/wp-content\/uploads\/2024\/07\/2024_Sommerfest-22-1024x768.jpg 1024w, https:\/\/tv-hasloch.de\/wp-content\/uploads\/2024\/07\/2024_Sommerfest-22-768x576.jpg 768w, https:\/\/tv-hasloch.de\/wp-content\/uploads\/2024\/07\/2024_Sommerfest-22-1536x1152.jpg 1536w, https:\/\/tv-hasloch.de\/wp-content\/uploads\/2024\/07\/2024_Sommerfest-22-200x150.jpg 200w, https:\/\/tv-hasloch.de\/wp-content\/uploads\/2024\/07\/2024_Sommerfest-22-150x113.jpg 150w, https:\/\/tv-hasloch.de\/wp-content\/uploads\/2024\/07\/2024_Sommerfest-22.jpg 1920w\" sizes=\"(max-width: 300px) 100vw, 300px\" \/><\/figure>\n\n\n\n<p><\/p>\n\n\n\n<p>Im Vordergrund stand vor allem der Gaudi Gedanke und Spa\u00df an der Bewegung. Bereits ab dem Alter von 3 Jahren durfte jeder mitmachen. Nach oben hin war keine Grenze gesetzt. \u00dcber 110 Teilnehmer trauten sich an die Herausforderung heran und sorgten somit f\u00fcr einen guten Besuch. Bis in die Abendstunden hinein dauerte es die Sieger zu ermitteln.<\/p>\n\n\n\n<p><\/p>\n\n\n\n<figure class=\"wp-block-image size-medium is-resized\"><img decoding=\"async\" width=\"225\" height=\"300\" src=\"https:\/\/tv-hasloch.de\/wp-content\/uploads\/2024\/07\/2024_Sommerfest-27-225x300.jpg\" alt=\"\" class=\"wp-image-1598\" style=\"width:245px;height:auto\" srcset=\"https:\/\/tv-hasloch.de\/wp-content\/uploads\/2024\/07\/2024_Sommerfest-27-225x300.jpg 225w, https:\/\/tv-hasloch.de\/wp-content\/uploads\/2024\/07\/2024_Sommerfest-27-768x1024.jpg 768w, https:\/\/tv-hasloch.de\/wp-content\/uploads\/2024\/07\/2024_Sommerfest-27-576x768.jpg 576w, https:\/\/tv-hasloch.de\/wp-content\/uploads\/2024\/07\/2024_Sommerfest-27-1152x1536.jpg 1152w, https:\/\/tv-hasloch.de\/wp-content\/uploads\/2024\/07\/2024_Sommerfest-27-113x150.jpg 113w, https:\/\/tv-hasloch.de\/wp-content\/uploads\/2024\/07\/2024_Sommerfest-27.jpg 1440w\" sizes=\"(max-width: 225px) 100vw, 225px\" \/><\/figure>\n\n\n\n<p><\/p>\n\n\n\n<p>Im Anschluss an die Hasen-Olympiade zeigten die Gruppen des TV Hasloch einstudierte Auff\u00fchrung in der Haseltalhalle. Mit dabei waren wieder das Eltern- und Kind Turnen mit einem Hindernisparcours, gefolgt von den kleinen M\u00e4dchen und Buben, die einfache Turnelemente an Weichbodenmatten vorf\u00fchrten Die Breitensportgruppe weiblich und auch die Sch\u00fcler aus dem Leistungsturnen m\u00e4nnlich pr\u00e4sentierten im Anschluss Spr\u00fcnge mit dem Trampolin auf und \u00fcber K\u00e4sten. Den Abschluss bildete die Gemischte Riege, die eine eindrucksvolle Turnshow mit vielen akrobatischen Spr\u00fcngen, und Hebe\u00fcbungen am Boden auff\u00fchrten.<\/p>\n\n\n\n<p><\/p>\n\n\n\n<figure class=\"wp-block-image size-large is-resized\"><img decoding=\"async\" width=\"1024\" height=\"768\" src=\"https:\/\/tv-hasloch.de\/wp-content\/uploads\/2024\/07\/2024_Sommerfest-20-1024x768.jpg\" alt=\"\" class=\"wp-image-1597\" style=\"width:395px;height:auto\" srcset=\"https:\/\/tv-hasloch.de\/wp-content\/uploads\/2024\/07\/2024_Sommerfest-20-1024x768.jpg 1024w, https:\/\/tv-hasloch.de\/wp-content\/uploads\/2024\/07\/2024_Sommerfest-20-300x225.jpg 300w, https:\/\/tv-hasloch.de\/wp-content\/uploads\/2024\/07\/2024_Sommerfest-20-768x576.jpg 768w, https:\/\/tv-hasloch.de\/wp-content\/uploads\/2024\/07\/2024_Sommerfest-20-1536x1152.jpg 1536w, https:\/\/tv-hasloch.de\/wp-content\/uploads\/2024\/07\/2024_Sommerfest-20-200x150.jpg 200w, https:\/\/tv-hasloch.de\/wp-content\/uploads\/2024\/07\/2024_Sommerfest-20-150x113.jpg 150w, https:\/\/tv-hasloch.de\/wp-content\/uploads\/2024\/07\/2024_Sommerfest-20.jpg 1920w\" sizes=\"(max-width: 1024px) 100vw, 1024px\" \/><\/figure>\n\n\n\n<p><\/p>\n\n\n\n<figure class=\"wp-block-image size-large is-resized\"><img loading=\"lazy\" decoding=\"async\" width=\"1024\" height=\"768\" src=\"https:\/\/tv-hasloch.de\/wp-content\/uploads\/2024\/07\/2024_Sommerfest-12-1024x768.jpg\" alt=\"\" class=\"wp-image-1596\" style=\"width:397px;height:auto\" srcset=\"https:\/\/tv-hasloch.de\/wp-content\/uploads\/2024\/07\/2024_Sommerfest-12-1024x768.jpg 1024w, https:\/\/tv-hasloch.de\/wp-content\/uploads\/2024\/07\/2024_Sommerfest-12-300x225.jpg 300w, https:\/\/tv-hasloch.de\/wp-content\/uploads\/2024\/07\/2024_Sommerfest-12-768x576.jpg 768w, https:\/\/tv-hasloch.de\/wp-content\/uploads\/2024\/07\/2024_Sommerfest-12-1536x1152.jpg 1536w, https:\/\/tv-hasloch.de\/wp-content\/uploads\/2024\/07\/2024_Sommerfest-12-200x150.jpg 200w, https:\/\/tv-hasloch.de\/wp-content\/uploads\/2024\/07\/2024_Sommerfest-12-150x113.jpg 150w, https:\/\/tv-hasloch.de\/wp-content\/uploads\/2024\/07\/2024_Sommerfest-12.jpg 1920w\" sizes=\"(max-width: 1024px) 100vw, 1024px\" \/><\/figure>\n\n\n\n<p><\/p>\n\n\n\n<p>Auch danach war noch nicht Schluss mit dem sportlichen Angebot. W\u00e4hrend die einen den Abend gem\u00fctlich im Liegestuhl bei etwas Musik ausklingen lie\u00dfen, folgte f\u00fcr alle Interessierten die allj\u00e4hrliche Herausforderung beim Steinsto\u00dfen und Schleuderball. Nochmals 40 Teilnehmer erhielten bei der finalen Siegerehrung ihre Urkunden f\u00fcr die Teilnahme.<\/p>\n\n\n\n<p>Neben einem Foodtruck sorgte auch der Wirtschaftsausschuss des TVH mit Kaffee und verschiedenen Kuchen f\u00fcr das leibliche Wohl der G\u00e4ste.<\/p>\n\n\n\n<p>Hier gehts zur <a href=\"https:\/\/tv-hasloch.de\/?page_id=1650\">Bildergallerie<\/a>.<\/p>\n","protected":false},"excerpt":{"rendered":"<p>Am 13. Juli 2024 fand in Hasloch das Sommerfest des Turnverein Hasloch statt. Das Fest begann um 14:30 Uhr mit der Hoasler Hasen-Olympiade. Alle Teilnehmer mussten sich durch einen Hindernisparcours k\u00e4mpfen, ihre Kraft und Ausdauer beim Standweitsprung und Sprint unter Beweis stellen und um die Wette M\u00f6hren essen. Im Vordergrund\u2026 <a class=\"continue-reading-link\" href=\"https:\/\/tv-hasloch.de\/?page_id=1595\">Continue reading<\/a><\/p>\n","protected":false},"author":1,"featured_media":0,"parent":32,"menu_order":30,"comment_status":"closed","ping_status":"closed","template":"","meta":{"footnotes":""},"class_list":["post-1595","page","type-page","status-publish","hentry"],"_links":{"self":[{"href":"https:\/\/tv-hasloch.de\/index.php?rest_route=\/wp\/v2\/pages\/1595","targetHints":{"allow":["GET"]}}],"collection":[{"href":"https:\/\/tv-hasloch.de\/index.php?rest_route=\/wp\/v2\/pages"}],"about":[{"href":"https:\/\/tv-hasloch.de\/index.php?rest_route=\/wp\/v2\/types\/page"}],"author":[{"embeddable":true,"href":"https:\/\/tv-hasloch.de\/index.php?rest_route=\/wp\/v2\/users\/1"}],"replies":[{"embeddable":true,"href":"https:\/\/tv-hasloch.de\/index.php?rest_route=%2Fwp%2Fv2%2Fcomments&post=1595"}],"version-history":[{"count":15,"href":"https:\/\/tv-hasloch.de\/index.php?rest_route=\/wp\/v2\/pages\/1595\/revisions"}],"predecessor-version":[{"id":1795,"href":"https:\/\/tv-hasloch.de\/index.php?rest_route=\/wp\/v2\/pages\/1595\/revisions\/1795"}],"up":[{"embeddable":true,"href":"https:\/\/tv-hasloch.de\/index.php?rest_route=\/wp\/v2\/pages\/32"}],"wp:attachment":[{"href":"https:\/\/tv-hasloch.de\/index.php?rest_route=%2Fwp%2Fv2%2Fmedia&parent=1595"}],"curies":[{"name":"wp","href":"https:\/\/api.w.org\/{rel}","templated":true}]}}