{"id":1525,"date":"2023-07-17T18:03:58","date_gmt":"2023-07-17T17:03:58","guid":{"rendered":"https:\/\/tv-hasloch.de\/?page_id=1525"},"modified":"2023-07-17T18:05:13","modified_gmt":"2023-07-17T17:05:13","slug":"sommerfest-gaukinderturnfest-2023","status":"publish","type":"page","link":"https:\/\/tv-hasloch.de\/?page_id=1525","title":{"rendered":"Sommerfest \/ Gaukinderturnfest 2023"},"content":{"rendered":"\n<p>Am Wochenende des 08. + 09. Juli 2023 fand in Hasloch das Sommerfest des Turnverein Hasloch, sowie das Gaukinderturnfest des Turngau Main-Spessart statt.<\/p>\n\n\n\n<p>Der Samstag startete am Mittag mit einem Fu\u00dfball-Dart Turnier auf dem Sportplatz. In Zweiergruppen wurde mit einem Klettball auf eine \u00fcberdimensionale Dartscheibe geschossen. Bis in die Abendstunden hinein dauerte es, um die Sieger zu ermitteln. Am Nachmittag zeigten die verschiedenen Turn- und Tanzgruppen einstudierte Auff\u00fchrungen. Mit dabei waren wieder das Eltern- und Kind Turnen mit einem Hindernisparcours, gefolgt von den kleinen M\u00e4dchen und Buben, die einfache Turnelemente an Weichbodenmatten vorf\u00fchrten. Die Breitensportgruppe m\u00e4nnlich pr\u00e4sentierte im Anschluss \u00dcbungen auf dem Bodenl\u00e4ufer. Die Gruppe Breitensport weiblich pr\u00e4sentierte danach einen dynamischen Auftritt mit Springseilen, Bodenl\u00e4ufer und Minitrampolin, bevor die Tanzeinlage der Zumba Gruppe dem Publikum einheizte. Den Abschluss bildeten die Leistungsturnerinnen, die eine eindrucksvolle Turnshow mit vielen akrobatischen Spr\u00fcngen, und Hebe\u00fcbungen am Boden zeigten.<\/p>\n\n\n\n<figure class=\"wp-block-image size-large\"><img fetchpriority=\"high\" decoding=\"async\" width=\"1024\" height=\"768\" src=\"https:\/\/tv-hasloch.de\/wp-content\/uploads\/2023\/07\/2023_Sommerfest-2-1024x768.jpg\" alt=\"\" class=\"wp-image-1504\" srcset=\"https:\/\/tv-hasloch.de\/wp-content\/uploads\/2023\/07\/2023_Sommerfest-2-1024x768.jpg 1024w, https:\/\/tv-hasloch.de\/wp-content\/uploads\/2023\/07\/2023_Sommerfest-2-300x225.jpg 300w, https:\/\/tv-hasloch.de\/wp-content\/uploads\/2023\/07\/2023_Sommerfest-2-768x576.jpg 768w, https:\/\/tv-hasloch.de\/wp-content\/uploads\/2023\/07\/2023_Sommerfest-2-1536x1152.jpg 1536w, https:\/\/tv-hasloch.de\/wp-content\/uploads\/2023\/07\/2023_Sommerfest-2-200x150.jpg 200w, https:\/\/tv-hasloch.de\/wp-content\/uploads\/2023\/07\/2023_Sommerfest-2-150x113.jpg 150w, https:\/\/tv-hasloch.de\/wp-content\/uploads\/2023\/07\/2023_Sommerfest-2.jpg 1920w\" sizes=\"(max-width: 1024px) 100vw, 1024px\" \/><\/figure>\n\n\n\n<p>Auch nach den vielen Auff\u00fchrungen war das offizielle Programm noch nicht beendet. Bis in die sp\u00e4te Nacht hinein sorgte ein Open-Air-Konzert der Band \u201eBill and the Practicants\u201c f\u00fcr reichlich Stimmung.<\/p>\n\n\n\n<figure class=\"wp-block-image size-large\"><img decoding=\"async\" width=\"1024\" height=\"768\" src=\"https:\/\/tv-hasloch.de\/wp-content\/uploads\/2023\/07\/2023_Sommerfest-16-1024x768.jpg\" alt=\"\" class=\"wp-image-1518\" srcset=\"https:\/\/tv-hasloch.de\/wp-content\/uploads\/2023\/07\/2023_Sommerfest-16-1024x768.jpg 1024w, https:\/\/tv-hasloch.de\/wp-content\/uploads\/2023\/07\/2023_Sommerfest-16-300x225.jpg 300w, https:\/\/tv-hasloch.de\/wp-content\/uploads\/2023\/07\/2023_Sommerfest-16-768x576.jpg 768w, https:\/\/tv-hasloch.de\/wp-content\/uploads\/2023\/07\/2023_Sommerfest-16-1536x1152.jpg 1536w, https:\/\/tv-hasloch.de\/wp-content\/uploads\/2023\/07\/2023_Sommerfest-16-200x150.jpg 200w, https:\/\/tv-hasloch.de\/wp-content\/uploads\/2023\/07\/2023_Sommerfest-16-150x113.jpg 150w, https:\/\/tv-hasloch.de\/wp-content\/uploads\/2023\/07\/2023_Sommerfest-16.jpg 1920w\" sizes=\"(max-width: 1024px) 100vw, 1024px\" \/><\/figure>\n\n\n\n<p>Der Sonntag stand ganz unter dem Zeichen des Gaukinderturnfestes vom Turngau Main-Spessart. Der TV Hasloch richtete dieses Event bereits zum vierten Mal aus, zuletzt geschah dies im Jahr 2017. Der Wettkampf richtete sich an alle Kinder und Jugendliche bis 12 Jahre aus den Bereichen Gymnastik und Tanz, Rh\u00f6nradturnen, Leichtathletik und Kinderturnen.<\/p>\n\n\n\n<figure class=\"wp-block-image size-large\"><img decoding=\"async\" width=\"1024\" height=\"576\" src=\"https:\/\/tv-hasloch.de\/wp-content\/uploads\/2023\/07\/2023_Sommerfest-20-1024x576.jpg\" alt=\"\" class=\"wp-image-1522\" srcset=\"https:\/\/tv-hasloch.de\/wp-content\/uploads\/2023\/07\/2023_Sommerfest-20-1024x576.jpg 1024w, https:\/\/tv-hasloch.de\/wp-content\/uploads\/2023\/07\/2023_Sommerfest-20-300x169.jpg 300w, https:\/\/tv-hasloch.de\/wp-content\/uploads\/2023\/07\/2023_Sommerfest-20-768x432.jpg 768w, https:\/\/tv-hasloch.de\/wp-content\/uploads\/2023\/07\/2023_Sommerfest-20-1536x864.jpg 1536w, https:\/\/tv-hasloch.de\/wp-content\/uploads\/2023\/07\/2023_Sommerfest-20-250x141.jpg 250w, https:\/\/tv-hasloch.de\/wp-content\/uploads\/2023\/07\/2023_Sommerfest-20-150x84.jpg 150w, https:\/\/tv-hasloch.de\/wp-content\/uploads\/2023\/07\/2023_Sommerfest-20.jpg 1599w\" sizes=\"(max-width: 1024px) 100vw, 1024px\" \/><\/figure>\n\n\n\n<p>Aufgrund der sonnigen Temperaturen konnten die Wettk\u00e4mpfe wie geplant auf dem Sportplatzgel\u00e4nde stattfinden. Die Ausnahme bildete der Bereich Gymnastik und Tanz, der seinen Wettkampf in Erlenbach austrug. Am Mittag sorgte die Feuerwehr auf dem Sportplatz f\u00fcr etwas Abk\u00fchlung. Gleichzeitig startete auch der Family &amp; Friends Wettkampf und verschiedene Mitmachangebote. Neben einem Foodtruck sorgte auch der Wirtschaftsausschuss des TVH mit einem selbst gekochten Mittagstisch f\u00fcr das leibliche Wohl der G\u00e4ste.<\/p>\n","protected":false},"excerpt":{"rendered":"<p>Am Wochenende des 08. + 09. Juli 2023 fand in Hasloch das Sommerfest des Turnverein Hasloch, sowie das Gaukinderturnfest des Turngau Main-Spessart statt. Der Samstag startete am Mittag mit einem Fu\u00dfball-Dart Turnier auf dem Sportplatz. In Zweiergruppen wurde mit einem Klettball auf eine \u00fcberdimensionale Dartscheibe geschossen. Bis in die Abendstunden\u2026 <a class=\"continue-reading-link\" href=\"https:\/\/tv-hasloch.de\/?page_id=1525\">Continue reading<\/a><\/p>\n","protected":false},"author":1,"featured_media":0,"parent":32,"menu_order":28,"comment_status":"closed","ping_status":"closed","template":"","meta":{"footnotes":""},"class_list":["post-1525","page","type-page","status-publish","hentry"],"_links":{"self":[{"href":"https:\/\/tv-hasloch.de\/index.php?rest_route=\/wp\/v2\/pages\/1525","targetHints":{"allow":["GET"]}}],"collection":[{"href":"https:\/\/tv-hasloch.de\/index.php?rest_route=\/wp\/v2\/pages"}],"about":[{"href":"https:\/\/tv-hasloch.de\/index.php?rest_route=\/wp\/v2\/types\/page"}],"author":[{"embeddable":true,"href":"https:\/\/tv-hasloch.de\/index.php?rest_route=\/wp\/v2\/users\/1"}],"replies":[{"embeddable":true,"href":"https:\/\/tv-hasloch.de\/index.php?rest_route=%2Fwp%2Fv2%2Fcomments&post=1525"}],"version-history":[{"count":2,"href":"https:\/\/tv-hasloch.de\/index.php?rest_route=\/wp\/v2\/pages\/1525\/revisions"}],"predecessor-version":[{"id":1528,"href":"https:\/\/tv-hasloch.de\/index.php?rest_route=\/wp\/v2\/pages\/1525\/revisions\/1528"}],"up":[{"embeddable":true,"href":"https:\/\/tv-hasloch.de\/index.php?rest_route=\/wp\/v2\/pages\/32"}],"wp:attachment":[{"href":"https:\/\/tv-hasloch.de\/index.php?rest_route=%2Fwp%2Fv2%2Fmedia&parent=1525"}],"curies":[{"name":"wp","href":"https:\/\/api.w.org\/{rel}","templated":true}]}}