{"id":1427,"date":"2023-03-20T20:01:08","date_gmt":"2023-03-20T19:01:08","guid":{"rendered":"https:\/\/tv-hasloch.de\/?page_id=1427"},"modified":"2023-03-20T20:01:56","modified_gmt":"2023-03-20T19:01:56","slug":"mitgliederversammlung-2023","status":"publish","type":"page","link":"https:\/\/tv-hasloch.de\/?page_id=1427","title":{"rendered":"Mitgliederversammlung 2023"},"content":{"rendered":"\n<p><\/p>\n\n\n\n<p>Am 12.03.2023 fand im Feuerwehrhaus in Hasloch die Mitgliederversammlung des TV Hasloch \u201eGut Heil\u201c von 1903 statt. Wie im Bericht vom Vorstand Verwaltung Bernd Koch ausgef\u00fchrt konnte der Verein seine Mitgliederzahl leicht auf 583 Mitglieder erh\u00f6hen. Insgesamt gab es 14 mehr Neuanmeldungen als Austritte. Als gr\u00f6\u00dfter Fortschritt im vergangenen Jahr berichtete Bernd Koch \u00fcber einen gemeinsam abgestimmten Vertragsentwurf bez\u00fcglich des Sportplatzes, der dem Gemeinderat vorgestellt werden soll.<\/p>\n\n\n\n<p>Im Anschluss folgte der Bericht von J\u00fcrgen Dosch in seiner Funktion als Vorstand Sport. Besonders die aktiven Mannschaften \u00dc18 im Bereich Ger\u00e4teturnen wurden als Highlights vorgestellt. W\u00e4hrend die Turnerinnen zum dritten Mal in Folge den Wanderpokal als erfolgreichste Mannschaft im Turnkreis Miltenberg erlangten, erreichten die Turner das Landesfinale und belegten dort den 6. Platz. Auch aus der Abteilung Tanz &amp; Gymnastik gab es positives zu vermelden. So brachte Helga Koch den Seniorengruppen neue Attraktivit\u00e4t durch das zusammenf\u00fchren einer Frauengruppe mit den Jederm\u00e4nnern. Auch die Volleyballer \u00fcberzeugten in der aktuellen Runde mit einem 1. Platz und dem Aufstieg in die Bezirksliga Unterfranken. Die Mannschaft Herren 30 belegten in der Tennis Nordliga 2 den 4. Platz. Da diese Abteilung aktuell r\u00fcckl\u00e4ufige Mitgliederzahlen hat, wurde am vergangenen Sommerfest ein Schnuppertennis f\u00fcr alle Altersklassen angeboten.<\/p>\n\n\n\n<p>Der Abteilungsleiter Volleyball Gernot Versch und die Abteilungsleiterin Tanz &amp; Gymnastik Isabell G\u00f6tz legten mit der Mitgliederversammlung ihr Amt aus pers\u00f6nlichen Gr\u00fcnden nieder. Als Nachfolger wurden Bastian Graf (Volleyball) und Tina Versch (Tanz &amp; Gymnastik) kommissarisch eingesetzt.<\/p>\n\n\n\n<p>Aus dem Bereich \u00d6ffentlichkeitsarbeit informierte Robin Hirsch \u00fcber die verschiedenen Spendenaktionen und Projekte bei denen der Verein im vergangenen Jahr teilgenommen hat. Insgesamt wurden knapp 1.000\u20ac in Geldwert und Sachwerte erreicht. F\u00fcr die rege Teilnahme und Unterst\u00fctzung der Mitglieder wurde gedankt und auf die neuen Aktionen im laufenden Jahr hingewiesen.<\/p>\n\n\n\n<p>Vorsitzende Wirtschaft Simone Patzelt beklagte in Ihrem Bericht die wenigen Besucher am vergangenen Sommerfest, weshalb viele Lebensmittel \u00fcbriggeblieben sind. Auch die Helfersuche f\u00fcr das Event wurde beklagt. Hier wurde von seitens des Wirtschaftsausschusses gr\u00f6\u00dferes Engagement besonders der Eltern aus dem Kinderturnen gew\u00fcnscht. Auch an der Weihnachtsfeier blieben Sitzpl\u00e4tze in der Turnhalle leer und wichtige Einnahmen f\u00fcr den Turnverein wurden geschm\u00e4lert. Nichtsdestotrotz konnten im vergangenen Jahr ein Plus erwirtschaftet werden.<\/p>\n\n\n\n<p>Die beiden Kassenpr\u00fcfer Frank Wei\u00df und Markus Werner dankten Schatzmeisterin Patricia Trabold f\u00fcr ihre sehr gute Arbeit und die super gef\u00fchrte Kasse. Dem Antrag auf Entlastung wurde durch die Mitgliederversammlung zugestimmt.<\/p>\n\n\n\n<p>Zum Abschluss der Versammlung wies Bernd Koch auf die kommenden Veranstaltungen \u201e150 Jahre Feuerwehrfest + 50 Jahre Musikzug\u201c und das diesj\u00e4hrige Gaukinderturnfest in Kombination mit dem Sommerfest des TVH hin. Aufgrund des Jubil\u00e4ums der Feuerwehr (150 Jahre) wird das Jubil\u00e4um des Turnvereins (120 Jahre) im kommenden Jahr nachgeholt.<\/p>\n","protected":false},"excerpt":{"rendered":"<p>Am 12.03.2023 fand im Feuerwehrhaus in Hasloch die Mitgliederversammlung des TV Hasloch \u201eGut Heil\u201c von 1903 statt. Wie im Bericht vom Vorstand Verwaltung Bernd Koch ausgef\u00fchrt konnte der Verein seine Mitgliederzahl leicht auf 583 Mitglieder erh\u00f6hen. Insgesamt gab es 14 mehr Neuanmeldungen als Austritte. Als gr\u00f6\u00dfter Fortschritt im vergangenen Jahr\u2026 <a class=\"continue-reading-link\" href=\"https:\/\/tv-hasloch.de\/?page_id=1427\">Continue reading<\/a><\/p>\n","protected":false},"author":1,"featured_media":0,"parent":32,"menu_order":26,"comment_status":"closed","ping_status":"closed","template":"","meta":{"footnotes":""},"class_list":["post-1427","page","type-page","status-publish","hentry"],"_links":{"self":[{"href":"https:\/\/tv-hasloch.de\/index.php?rest_route=\/wp\/v2\/pages\/1427","targetHints":{"allow":["GET"]}}],"collection":[{"href":"https:\/\/tv-hasloch.de\/index.php?rest_route=\/wp\/v2\/pages"}],"about":[{"href":"https:\/\/tv-hasloch.de\/index.php?rest_route=\/wp\/v2\/types\/page"}],"author":[{"embeddable":true,"href":"https:\/\/tv-hasloch.de\/index.php?rest_route=\/wp\/v2\/users\/1"}],"replies":[{"embeddable":true,"href":"https:\/\/tv-hasloch.de\/index.php?rest_route=%2Fwp%2Fv2%2Fcomments&post=1427"}],"version-history":[{"count":2,"href":"https:\/\/tv-hasloch.de\/index.php?rest_route=\/wp\/v2\/pages\/1427\/revisions"}],"predecessor-version":[{"id":1429,"href":"https:\/\/tv-hasloch.de\/index.php?rest_route=\/wp\/v2\/pages\/1427\/revisions\/1429"}],"up":[{"embeddable":true,"href":"https:\/\/tv-hasloch.de\/index.php?rest_route=\/wp\/v2\/pages\/32"}],"wp:attachment":[{"href":"https:\/\/tv-hasloch.de\/index.php?rest_route=%2Fwp%2Fv2%2Fmedia&parent=1427"}],"curies":[{"name":"wp","href":"https:\/\/api.w.org\/{rel}","templated":true}]}}