{"id":14,"date":"2016-09-08T10:37:59","date_gmt":"2016-09-08T10:37:59","guid":{"rendered":"http:\/\/tv-hasloch.de\/?page_id=14"},"modified":"2023-09-17T09:20:19","modified_gmt":"2023-09-17T08:20:19","slug":"tennis","status":"publish","type":"page","link":"https:\/\/tv-hasloch.de\/?page_id=14","title":{"rendered":"Tennis"},"content":{"rendered":"\n<p><\/p>\n\n\n\n<p>Die Abteilung Tennis wurde im Jahr 1987 gegr\u00fcndet.<\/p>\n\n\n\n<p>Der Abteilungsleiter ist <strong>Andreas B\u00f6kle<\/strong><\/p>\n\n\n\n<p><br><\/p>\n\n\n\n<p><\/p>\n\n\n\n<p><strong>Platzbelegung und Trainingszeiten in den Sommermonaten<\/strong><\/p>\n\n\n\n<figure class=\"wp-block-table\"><table><tbody><tr><td>Dienstag<\/td><td>17:00 bis ca. 19:00 Uhr<\/td><td>Training Herren 60<\/td><\/tr><tr><td>Mittwoch<\/td><td>17:30 bis ca. 19:30 Uhr<\/td><td>Training Herren \/ Herren 30<\/td><\/tr><tr><td>Freitag<\/td><td>15:00 bis 18:00 Uhr<\/td><td>Training f\u00fcr Kinder und Jugendliche<\/td><\/tr><tr><td>Freitag<\/td><td>17:00 bis 19:00 Uhr<\/td><td>Gruppentraining f\u00fcr Erwachsene<\/td><\/tr><\/tbody><\/table><\/figure>\n\n\n\n<p><br><\/p>\n\n\n\n<p><strong>Trainingszeiten in den Wintermonaten in der Tennishalle Wartberg<\/strong><\/p>\n\n\n\n<figure class=\"wp-block-table\"><table><tbody><tr><td>Mittwoch<\/td><td>18:00 bis 20:00 Uhr<\/td><td>Training Herren \/ Herren 30<\/td><\/tr><tr><td>Freitag<\/td><td>16:00 bis 19:00 Uhr<\/td><td>Training f\u00fcr Kinder und Jugendliche<\/td><\/tr><\/tbody><\/table><\/figure>\n\n\n\n<p><\/p>\n\n\n\n<p>&#8222;\u00dcber das gesamte Jahr werden verschiedene sportliche, sowie einige gesellschaftliche Aktivit\u00e4ten angeboten:<\/p>\n\n\n\n<p>(Saisoner\u00f6ffnung, Vereinsmeisterschaften, Spassturnier, Medenrunde, Saisonabschluss usw.)&#8220;<\/p>\n\n\n\n<p>F\u00fcr gesellige Stunden bietet die Au\u00dfenanlage und das Vereinsheim viele M\u00f6glichkeiten<\/p>\n\n\n\n<p><br><\/p>\n\n\n\n<p><strong>Bei Fragen und Interesse k\u00f6nnt Ihr euch gerne mit uns in Verbindung setzten<\/strong>:<\/p>\n\n\n\n<figure class=\"wp-block-table\"><table><tbody><tr><td>Abteilungsleiter Andreas B\u00f6kle<\/td><td>0172 \/ 6230326<\/td><td>andreas_boekle@hotmail.com<\/td><\/tr><tr><td>Trainer Kai Greulich<\/td><td>0172 \/ 1475296<\/td><td>kaigreulich@aol.com<\/td><\/tr><\/tbody><\/table><\/figure>\n\n\n\n<p><br><\/p>\n\n\n\n<p><strong>Zusatzbeitr\u00e4ge Tennis<\/strong><\/p>\n\n\n\n<p>Die Zusatzbeitr\u00e4ge fallen zus\u00e4tzlich zur normalen Jahresmitgliedschaft an.<\/p>\n\n\n\n<p>Kinder bis zur Vollendung des 18. Lebensjahres:&nbsp;26 \u20ac<\/p>\n\n\n\n<p>Erwachsene:&nbsp;52 \u20ac<\/p>\n\n\n\n<p><br><\/p>\n\n\n\n<p>Hier geht es zu den vollst\u00e4ndigen <a href=\"https:\/\/tv-hasloch.de\/?page_id=36\" data-type=\"link\" data-id=\"https:\/\/tv-hasloch.de\/?page_id=36\">Mitgliedsbeitr\u00e4gen<\/a>.<\/p>\n\n\n\n<p>Hier gehts zum <a href=\"https:\/\/tv-hasloch.de\/?ddownload=913\" title=\"Aufnahmeantrag\" rel=\"nofollow\" class=\"ddownload-button button-blue id-913 ext-pdf\">Aufnahmeantrag<\/a><\/p>\n\n\n\n<p><\/p>\n","protected":false},"excerpt":{"rendered":"<p>Die Abteilung Tennis wurde im Jahr 1987 gegr\u00fcndet. Der Abteilungsleiter ist Andreas B\u00f6kle Platzbelegung und Trainingszeiten in den Sommermonaten Dienstag 17:00 bis ca. 19:00 Uhr Training Herren 60 Mittwoch 17:30 bis ca. 19:30 Uhr Training Herren \/ Herren 30 Freitag 15:00 bis 18:00 Uhr Training f\u00fcr Kinder und Jugendliche Freitag\u2026 <a class=\"continue-reading-link\" href=\"https:\/\/tv-hasloch.de\/?page_id=14\">Continue reading<\/a><\/p>\n","protected":false},"author":1,"featured_media":0,"parent":10,"menu_order":2,"comment_status":"closed","ping_status":"closed","template":"templates\/template-twocolumns-right.php","meta":{"footnotes":""},"class_list":["post-14","page","type-page","status-publish","hentry"],"_links":{"self":[{"href":"https:\/\/tv-hasloch.de\/index.php?rest_route=\/wp\/v2\/pages\/14","targetHints":{"allow":["GET"]}}],"collection":[{"href":"https:\/\/tv-hasloch.de\/index.php?rest_route=\/wp\/v2\/pages"}],"about":[{"href":"https:\/\/tv-hasloch.de\/index.php?rest_route=\/wp\/v2\/types\/page"}],"author":[{"embeddable":true,"href":"https:\/\/tv-hasloch.de\/index.php?rest_route=\/wp\/v2\/users\/1"}],"replies":[{"embeddable":true,"href":"https:\/\/tv-hasloch.de\/index.php?rest_route=%2Fwp%2Fv2%2Fcomments&post=14"}],"version-history":[{"count":30,"href":"https:\/\/tv-hasloch.de\/index.php?rest_route=\/wp\/v2\/pages\/14\/revisions"}],"predecessor-version":[{"id":1556,"href":"https:\/\/tv-hasloch.de\/index.php?rest_route=\/wp\/v2\/pages\/14\/revisions\/1556"}],"up":[{"embeddable":true,"href":"https:\/\/tv-hasloch.de\/index.php?rest_route=\/wp\/v2\/pages\/10"}],"wp:attachment":[{"href":"https:\/\/tv-hasloch.de\/index.php?rest_route=%2Fwp%2Fv2%2Fmedia&parent=14"}],"curies":[{"name":"wp","href":"https:\/\/api.w.org\/{rel}","templated":true}]}}