{"id":1385,"date":"2022-12-12T18:37:10","date_gmt":"2022-12-12T17:37:10","guid":{"rendered":"https:\/\/tv-hasloch.de\/?page_id=1385"},"modified":"2022-12-12T18:40:01","modified_gmt":"2022-12-12T17:40:01","slug":"weihnachtsfeier-2022","status":"publish","type":"page","link":"https:\/\/tv-hasloch.de\/?page_id=1385","title":{"rendered":"Weihnachtsfeier 2022"},"content":{"rendered":"\n<p>Nach zwei Jahren Pause konnte der Turnverein Hasloch am 10. Dezember 2022 wieder eine Weihnachtsfeier veranstalten. Besonders die Kinder mit ihren Angeh\u00f6rigen, aber auch die Trainer\/\u00dcbungsleiter und die Verantwortlichen des Vereins haben sich sehr gefreut.<\/p>\n\n\n\n<p>Er\u00f6ffnet wurde die Feier mit dem Lied: \u201eWir sind die Kinder vom TVH\u201c. Anschlie\u00dfend begr\u00fc\u00dfte der Vorsitzende \u00d6ffentlichkeitsarbeit die G\u00e4ste in einer kurzen Ansprache.<\/p>\n\n\n\n<p><\/p>\n\n\n<div class=\"wp-block-image\">\n<figure class=\"aligncenter size-large is-resized\"><img decoding=\"async\" src=\"https:\/\/tv-hasloch.de\/wp-content\/uploads\/2022\/12\/2022_Weihnachtsfeier-4-1024x470.jpeg\" alt=\"\" class=\"wp-image-1386\" width=\"512\" srcset=\"https:\/\/tv-hasloch.de\/wp-content\/uploads\/2022\/12\/2022_Weihnachtsfeier-4-1024x470.jpeg 1024w, https:\/\/tv-hasloch.de\/wp-content\/uploads\/2022\/12\/2022_Weihnachtsfeier-4-300x138.jpeg 300w, https:\/\/tv-hasloch.de\/wp-content\/uploads\/2022\/12\/2022_Weihnachtsfeier-4-768x353.jpeg 768w, https:\/\/tv-hasloch.de\/wp-content\/uploads\/2022\/12\/2022_Weihnachtsfeier-4-1536x705.jpeg 1536w, https:\/\/tv-hasloch.de\/wp-content\/uploads\/2022\/12\/2022_Weihnachtsfeier-4-250x115.jpeg 250w, https:\/\/tv-hasloch.de\/wp-content\/uploads\/2022\/12\/2022_Weihnachtsfeier-4-150x69.jpeg 150w, https:\/\/tv-hasloch.de\/wp-content\/uploads\/2022\/12\/2022_Weihnachtsfeier-4.jpeg 2048w\" sizes=\"(max-width: 1024px) 100vw, 1024px\" \/><\/figure>\n<\/div>\n\n\n<p><\/p>\n\n\n\n<p>Der Vorsitzende Sport J\u00fcrgen Dosch moderierte den Abend, der mit einem Auftritt des Eltern-Kind-Turnens fortfuhr. Gezeigt wurden Bewegungen in einer vielseitigen Ger\u00e4telandschaft. Anschlie\u00dfend h\u00fcpften und rutschten die kleinen M\u00e4dchen und Buben im Alter von 3 \u2013 6 Jahren \u00fcber K\u00e4sten und B\u00e4nke. Die Turner beim Grundlagentraining sind 5 \u2013 6 Jahre alt. Sie zeigten am Reck ihr K\u00f6nnen. Trampolinturnen war bei den 6-11-j\u00e4hrigen M\u00e4dchen vom Breitensport zu sehen. Die gleichaltrigen Buben vom Breitensport balancierten auf dem Schwebebalken. Die m\u00e4nnliche Jugend vom Leistungsturnen im Alter von 6 \u2013 10 Jahren turnte auch am Reck. Anschlie\u00dfend gab es eine Zumba-Fitness-Vorf\u00fchrung.<\/p>\n\n\n\n<p><\/p>\n\n\n<div class=\"wp-block-image\">\n<figure class=\"aligncenter size-full is-resized\"><img decoding=\"async\" src=\"https:\/\/tv-hasloch.de\/wp-content\/uploads\/2022\/12\/2022_Weihnachtsfeier-1.jpeg\" alt=\"\" class=\"wp-image-1387\" width=\"512\" srcset=\"https:\/\/tv-hasloch.de\/wp-content\/uploads\/2022\/12\/2022_Weihnachtsfeier-1.jpeg 1024w, https:\/\/tv-hasloch.de\/wp-content\/uploads\/2022\/12\/2022_Weihnachtsfeier-1-300x229.jpeg 300w, https:\/\/tv-hasloch.de\/wp-content\/uploads\/2022\/12\/2022_Weihnachtsfeier-1-768x587.jpeg 768w, https:\/\/tv-hasloch.de\/wp-content\/uploads\/2022\/12\/2022_Weihnachtsfeier-1-196x150.jpeg 196w, https:\/\/tv-hasloch.de\/wp-content\/uploads\/2022\/12\/2022_Weihnachtsfeier-1-150x115.jpeg 150w\" sizes=\"(max-width: 1024px) 100vw, 1024px\" \/><\/figure>\n<\/div>\n\n\n<p><\/p>\n\n\n\n<p>Nach der Pause sangen alle das Lied von der Weihnachtsb\u00e4ckerei. Es folgten die weiblichen Leistungsturner im Alter von 6 \u2013 10 Jahren mit fortgeschrittenen \u00dcbungen am Boden und einer langen Reihe K\u00e4sten. Die M\u00e4nner \u00fc 30 bezeichnen sich als die \u201eJederm\u00e4nner der Neuzeit\u201c. Ihr Turnen mit dem Pezziball trug zur allgemeinen Erheiterung bei. Die Riege vom Leistungsturnen m\u00e4nnliche Jugend\/Aktive zeigte am Pauschenpferd und Turnpilz herausragende Leistungen. Als H\u00f6hepunkt beeindruckten die weiblichen Leistungsturner Jugend\/Aktive mit einer Auff\u00fchrung am Stufenbarren und beendeten das sportliche Programm.<\/p>\n\n\n\n<p><\/p>\n\n\n<div class=\"wp-block-image\">\n<figure class=\"aligncenter size-large is-resized\"><img fetchpriority=\"high\" decoding=\"async\" src=\"https:\/\/tv-hasloch.de\/wp-content\/uploads\/2022\/12\/2022_Weihnachtsfeier-2-1024x461.jpg\" alt=\"\" class=\"wp-image-1388\" width=\"512\" height=\"231\" srcset=\"https:\/\/tv-hasloch.de\/wp-content\/uploads\/2022\/12\/2022_Weihnachtsfeier-2-1024x461.jpg 1024w, https:\/\/tv-hasloch.de\/wp-content\/uploads\/2022\/12\/2022_Weihnachtsfeier-2-300x135.jpg 300w, https:\/\/tv-hasloch.de\/wp-content\/uploads\/2022\/12\/2022_Weihnachtsfeier-2-768x346.jpg 768w, https:\/\/tv-hasloch.de\/wp-content\/uploads\/2022\/12\/2022_Weihnachtsfeier-2-1536x691.jpg 1536w, https:\/\/tv-hasloch.de\/wp-content\/uploads\/2022\/12\/2022_Weihnachtsfeier-2-250x113.jpg 250w, https:\/\/tv-hasloch.de\/wp-content\/uploads\/2022\/12\/2022_Weihnachtsfeier-2-150x68.jpg 150w, https:\/\/tv-hasloch.de\/wp-content\/uploads\/2022\/12\/2022_Weihnachtsfeier-2.jpg 1920w\" sizes=\"(max-width: 512px) 100vw, 512px\" \/><\/figure>\n<\/div>\n\n\n<p><\/p>\n\n\n\n<p>Alle Leistungsturner zeigten Ausz\u00fcge aus Ihrem Wettkampf\u00fcbungen.<\/p>\n\n\n\n<p>Zum Abschluss wurde der Nikolaus mit einem Lied begr\u00fc\u00dft, der allen Kindern ein kleines Pr\u00e4sent \u00fcberreichte. Der Nikolaus w\u00fcnschte allen Anwesenden eine sch\u00f6ne Adventszeit.<\/p>\n\n\n\n<p><\/p>\n\n\n<div class=\"wp-block-image\">\n<figure class=\"aligncenter size-large is-resized\"><img decoding=\"async\" src=\"https:\/\/tv-hasloch.de\/wp-content\/uploads\/2022\/12\/2022_Weihnachtsfeier-7-1024x499.jpeg\" alt=\"\" class=\"wp-image-1389\" width=\"512\" height=\"250\" srcset=\"https:\/\/tv-hasloch.de\/wp-content\/uploads\/2022\/12\/2022_Weihnachtsfeier-7-1024x499.jpeg 1024w, https:\/\/tv-hasloch.de\/wp-content\/uploads\/2022\/12\/2022_Weihnachtsfeier-7-300x146.jpeg 300w, https:\/\/tv-hasloch.de\/wp-content\/uploads\/2022\/12\/2022_Weihnachtsfeier-7-768x374.jpeg 768w, https:\/\/tv-hasloch.de\/wp-content\/uploads\/2022\/12\/2022_Weihnachtsfeier-7-1536x749.jpeg 1536w, https:\/\/tv-hasloch.de\/wp-content\/uploads\/2022\/12\/2022_Weihnachtsfeier-7-250x122.jpeg 250w, https:\/\/tv-hasloch.de\/wp-content\/uploads\/2022\/12\/2022_Weihnachtsfeier-7-150x73.jpeg 150w, https:\/\/tv-hasloch.de\/wp-content\/uploads\/2022\/12\/2022_Weihnachtsfeier-7.jpeg 2048w\" sizes=\"(max-width: 512px) 100vw, 512px\" \/><\/figure>\n<\/div>","protected":false},"excerpt":{"rendered":"<p>Nach zwei Jahren Pause konnte der Turnverein Hasloch am 10. Dezember 2022 wieder eine Weihnachtsfeier veranstalten. Besonders die Kinder mit ihren Angeh\u00f6rigen, aber auch die Trainer\/\u00dcbungsleiter und die Verantwortlichen des Vereins haben sich sehr gefreut. Er\u00f6ffnet wurde die Feier mit dem Lied: \u201eWir sind die Kinder vom TVH\u201c. Anschlie\u00dfend begr\u00fc\u00dfte\u2026 <a class=\"continue-reading-link\" href=\"https:\/\/tv-hasloch.de\/?page_id=1385\">Continue reading<\/a><\/p>\n","protected":false},"author":1,"featured_media":0,"parent":32,"menu_order":25,"comment_status":"closed","ping_status":"closed","template":"templates\/template-twocolumns-right.php","meta":{"footnotes":""},"class_list":["post-1385","page","type-page","status-publish","hentry"],"_links":{"self":[{"href":"https:\/\/tv-hasloch.de\/index.php?rest_route=\/wp\/v2\/pages\/1385","targetHints":{"allow":["GET"]}}],"collection":[{"href":"https:\/\/tv-hasloch.de\/index.php?rest_route=\/wp\/v2\/pages"}],"about":[{"href":"https:\/\/tv-hasloch.de\/index.php?rest_route=\/wp\/v2\/types\/page"}],"author":[{"embeddable":true,"href":"https:\/\/tv-hasloch.de\/index.php?rest_route=\/wp\/v2\/users\/1"}],"replies":[{"embeddable":true,"href":"https:\/\/tv-hasloch.de\/index.php?rest_route=%2Fwp%2Fv2%2Fcomments&post=1385"}],"version-history":[{"count":3,"href":"https:\/\/tv-hasloch.de\/index.php?rest_route=\/wp\/v2\/pages\/1385\/revisions"}],"predecessor-version":[{"id":1392,"href":"https:\/\/tv-hasloch.de\/index.php?rest_route=\/wp\/v2\/pages\/1385\/revisions\/1392"}],"up":[{"embeddable":true,"href":"https:\/\/tv-hasloch.de\/index.php?rest_route=\/wp\/v2\/pages\/32"}],"wp:attachment":[{"href":"https:\/\/tv-hasloch.de\/index.php?rest_route=%2Fwp%2Fv2%2Fmedia&parent=1385"}],"curies":[{"name":"wp","href":"https:\/\/api.w.org\/{rel}","templated":true}]}}