{"id":1144,"date":"2019-12-31T16:19:55","date_gmt":"2019-12-31T14:19:55","guid":{"rendered":"http:\/\/tv-hasloch.de\/?page_id=1144"},"modified":"2019-12-31T16:19:55","modified_gmt":"2019-12-31T14:19:55","slug":"uebungsleiterassistenausbildung-2019","status":"publish","type":"page","link":"https:\/\/tv-hasloch.de\/?page_id=1144","title":{"rendered":"\u00dcbungsleiterassistenausbildung 2019"},"content":{"rendered":"\n<p>Heute konnte J\u00fcrgen Dosch\n(Vorsitzender Sport) auch im Namen des Turngaues Main-Spessart 27 Teilnehmern\nzu ihrer bestandenen Pr\u00fcfung zum Trainerassistenten gratulieren. Sie\nabsolvierten an zwei Wochenenden einen 30-st\u00fcndigen Lehrgang in Hasloch in der\nHaseltalhalle. Vom TV Hasloch nahmen teil Mia Frazzitta, Alina Sauer, Hanna\nGast, Mona Kirchner, Victoria Trabold, Marie D\u00fcrr, Max D\u00fcrr, Jonas Roos und\nOliver Jucht.<\/p>\n\n\n\n<p>Die Trainerassistenten unterst\u00fctzen die verantwortlichen \u00dcbungsleiter bzw. Trainer in der \u00dcbungs- und Trainingsstunde. Daher eignet sich diese Ausbildung f\u00fcr alle ab 14 Jahren, die einen Einblick in die p\u00e4dagogische Arbeit mit Trainingsgruppen erhalten wollen und f\u00fcr Turner\/innen, die schon erste Erfahrung sammeln konnten. Die Ausbildung zum Trainerassistent\/in wird als 1. Ausbildungsstufe der Ausbildungen zum Trainer C Breitensport Ger\u00e4tturnen oder zum Trainer C Wettkampf- und Leistungssport Ger\u00e4tturnen anerkannt.<\/p>\n\n\n\n<figure class=\"wp-block-gallery columns-3 is-cropped wp-block-gallery-1 is-layout-flex wp-block-gallery-is-layout-flex\"><ul class=\"blocks-gallery-grid\"><li class=\"blocks-gallery-item\"><figure><img fetchpriority=\"high\" decoding=\"async\" width=\"1024\" height=\"768\" src=\"http:\/\/tv-hasloch.de\/wp-content\/uploads\/2019\/12\/2019_\u00dcbungsleiterasisstenten-1-1024x768.jpg\" alt=\"\" data-id=\"1145\" data-full-url=\"http:\/\/tv-hasloch.de\/wp-content\/uploads\/2019\/12\/2019_\u00dcbungsleiterasisstenten-1.jpg\" data-link=\"http:\/\/tv-hasloch.de\/?attachment_id=1145\" class=\"wp-image-1145\" srcset=\"https:\/\/tv-hasloch.de\/wp-content\/uploads\/2019\/12\/2019_\u00dcbungsleiterasisstenten-1-1024x768.jpg 1024w, https:\/\/tv-hasloch.de\/wp-content\/uploads\/2019\/12\/2019_\u00dcbungsleiterasisstenten-1-300x225.jpg 300w, https:\/\/tv-hasloch.de\/wp-content\/uploads\/2019\/12\/2019_\u00dcbungsleiterasisstenten-1-768x576.jpg 768w, https:\/\/tv-hasloch.de\/wp-content\/uploads\/2019\/12\/2019_\u00dcbungsleiterasisstenten-1-1536x1152.jpg 1536w, https:\/\/tv-hasloch.de\/wp-content\/uploads\/2019\/12\/2019_\u00dcbungsleiterasisstenten-1-200x150.jpg 200w, https:\/\/tv-hasloch.de\/wp-content\/uploads\/2019\/12\/2019_\u00dcbungsleiterasisstenten-1-150x113.jpg 150w, https:\/\/tv-hasloch.de\/wp-content\/uploads\/2019\/12\/2019_\u00dcbungsleiterasisstenten-1.jpg 1920w\" sizes=\"(max-width: 1024px) 100vw, 1024px\" \/><\/figure><\/li><li class=\"blocks-gallery-item\"><figure><img decoding=\"async\" width=\"1024\" height=\"768\" src=\"http:\/\/tv-hasloch.de\/wp-content\/uploads\/2019\/12\/2019_\u00dcbungsleiterasisstenten-4-1024x768.jpg\" alt=\"\" data-id=\"1148\" data-full-url=\"http:\/\/tv-hasloch.de\/wp-content\/uploads\/2019\/12\/2019_\u00dcbungsleiterasisstenten-4.jpg\" data-link=\"http:\/\/tv-hasloch.de\/?attachment_id=1148\" class=\"wp-image-1148\" srcset=\"https:\/\/tv-hasloch.de\/wp-content\/uploads\/2019\/12\/2019_\u00dcbungsleiterasisstenten-4-1024x768.jpg 1024w, https:\/\/tv-hasloch.de\/wp-content\/uploads\/2019\/12\/2019_\u00dcbungsleiterasisstenten-4-300x225.jpg 300w, https:\/\/tv-hasloch.de\/wp-content\/uploads\/2019\/12\/2019_\u00dcbungsleiterasisstenten-4-768x576.jpg 768w, https:\/\/tv-hasloch.de\/wp-content\/uploads\/2019\/12\/2019_\u00dcbungsleiterasisstenten-4-1536x1152.jpg 1536w, https:\/\/tv-hasloch.de\/wp-content\/uploads\/2019\/12\/2019_\u00dcbungsleiterasisstenten-4-200x150.jpg 200w, https:\/\/tv-hasloch.de\/wp-content\/uploads\/2019\/12\/2019_\u00dcbungsleiterasisstenten-4-150x113.jpg 150w, https:\/\/tv-hasloch.de\/wp-content\/uploads\/2019\/12\/2019_\u00dcbungsleiterasisstenten-4.jpg 1920w\" sizes=\"(max-width: 1024px) 100vw, 1024px\" \/><\/figure><\/li><li class=\"blocks-gallery-item\"><figure><img decoding=\"async\" width=\"1024\" height=\"768\" src=\"http:\/\/tv-hasloch.de\/wp-content\/uploads\/2019\/12\/2019_\u00dcbungsleiterasisstenten-3-1024x768.jpg\" alt=\"\" data-id=\"1147\" data-full-url=\"http:\/\/tv-hasloch.de\/wp-content\/uploads\/2019\/12\/2019_\u00dcbungsleiterasisstenten-3.jpg\" data-link=\"http:\/\/tv-hasloch.de\/?attachment_id=1147\" class=\"wp-image-1147\" srcset=\"https:\/\/tv-hasloch.de\/wp-content\/uploads\/2019\/12\/2019_\u00dcbungsleiterasisstenten-3-1024x768.jpg 1024w, https:\/\/tv-hasloch.de\/wp-content\/uploads\/2019\/12\/2019_\u00dcbungsleiterasisstenten-3-300x225.jpg 300w, https:\/\/tv-hasloch.de\/wp-content\/uploads\/2019\/12\/2019_\u00dcbungsleiterasisstenten-3-768x576.jpg 768w, https:\/\/tv-hasloch.de\/wp-content\/uploads\/2019\/12\/2019_\u00dcbungsleiterasisstenten-3-1536x1152.jpg 1536w, https:\/\/tv-hasloch.de\/wp-content\/uploads\/2019\/12\/2019_\u00dcbungsleiterasisstenten-3-200x150.jpg 200w, https:\/\/tv-hasloch.de\/wp-content\/uploads\/2019\/12\/2019_\u00dcbungsleiterasisstenten-3-150x113.jpg 150w, https:\/\/tv-hasloch.de\/wp-content\/uploads\/2019\/12\/2019_\u00dcbungsleiterasisstenten-3.jpg 1920w\" sizes=\"(max-width: 1024px) 100vw, 1024px\" \/><\/figure><\/li><li class=\"blocks-gallery-item\"><figure><img loading=\"lazy\" decoding=\"async\" width=\"1024\" height=\"768\" src=\"http:\/\/tv-hasloch.de\/wp-content\/uploads\/2019\/12\/2019_\u00dcbungsleiterasisstenten-2-1024x768.jpg\" alt=\"\" data-id=\"1146\" data-full-url=\"http:\/\/tv-hasloch.de\/wp-content\/uploads\/2019\/12\/2019_\u00dcbungsleiterasisstenten-2.jpg\" data-link=\"http:\/\/tv-hasloch.de\/?attachment_id=1146\" class=\"wp-image-1146\" srcset=\"https:\/\/tv-hasloch.de\/wp-content\/uploads\/2019\/12\/2019_\u00dcbungsleiterasisstenten-2-1024x768.jpg 1024w, https:\/\/tv-hasloch.de\/wp-content\/uploads\/2019\/12\/2019_\u00dcbungsleiterasisstenten-2-300x225.jpg 300w, https:\/\/tv-hasloch.de\/wp-content\/uploads\/2019\/12\/2019_\u00dcbungsleiterasisstenten-2-768x576.jpg 768w, https:\/\/tv-hasloch.de\/wp-content\/uploads\/2019\/12\/2019_\u00dcbungsleiterasisstenten-2-1536x1152.jpg 1536w, https:\/\/tv-hasloch.de\/wp-content\/uploads\/2019\/12\/2019_\u00dcbungsleiterasisstenten-2-200x150.jpg 200w, https:\/\/tv-hasloch.de\/wp-content\/uploads\/2019\/12\/2019_\u00dcbungsleiterasisstenten-2-150x113.jpg 150w, https:\/\/tv-hasloch.de\/wp-content\/uploads\/2019\/12\/2019_\u00dcbungsleiterasisstenten-2.jpg 1920w\" sizes=\"(max-width: 1024px) 100vw, 1024px\" \/><\/figure><\/li><\/ul><\/figure>\n","protected":false},"excerpt":{"rendered":"<p>Heute konnte J\u00fcrgen Dosch (Vorsitzender Sport) auch im Namen des Turngaues Main-Spessart 27 Teilnehmern zu ihrer bestandenen Pr\u00fcfung zum Trainerassistenten gratulieren. Sie absolvierten an zwei Wochenenden einen 30-st\u00fcndigen Lehrgang in Hasloch in der Haseltalhalle. Vom TV Hasloch nahmen teil Mia Frazzitta, Alina Sauer, Hanna Gast, Mona Kirchner, Victoria Trabold, Marie\u2026 <a class=\"continue-reading-link\" href=\"https:\/\/tv-hasloch.de\/?page_id=1144\">Continue reading<\/a><\/p>\n","protected":false},"author":1,"featured_media":0,"parent":32,"menu_order":22,"comment_status":"closed","ping_status":"closed","template":"templates\/template-twocolumns-right.php","meta":{"footnotes":""},"class_list":["post-1144","page","type-page","status-publish","hentry"],"_links":{"self":[{"href":"https:\/\/tv-hasloch.de\/index.php?rest_route=\/wp\/v2\/pages\/1144","targetHints":{"allow":["GET"]}}],"collection":[{"href":"https:\/\/tv-hasloch.de\/index.php?rest_route=\/wp\/v2\/pages"}],"about":[{"href":"https:\/\/tv-hasloch.de\/index.php?rest_route=\/wp\/v2\/types\/page"}],"author":[{"embeddable":true,"href":"https:\/\/tv-hasloch.de\/index.php?rest_route=\/wp\/v2\/users\/1"}],"replies":[{"embeddable":true,"href":"https:\/\/tv-hasloch.de\/index.php?rest_route=%2Fwp%2Fv2%2Fcomments&post=1144"}],"version-history":[{"count":1,"href":"https:\/\/tv-hasloch.de\/index.php?rest_route=\/wp\/v2\/pages\/1144\/revisions"}],"predecessor-version":[{"id":1149,"href":"https:\/\/tv-hasloch.de\/index.php?rest_route=\/wp\/v2\/pages\/1144\/revisions\/1149"}],"up":[{"embeddable":true,"href":"https:\/\/tv-hasloch.de\/index.php?rest_route=\/wp\/v2\/pages\/32"}],"wp:attachment":[{"href":"https:\/\/tv-hasloch.de\/index.php?rest_route=%2Fwp%2Fv2%2Fmedia&parent=1144"}],"curies":[{"name":"wp","href":"https:\/\/api.w.org\/{rel}","templated":true}]}}