{"id":1124,"date":"2019-12-31T16:04:36","date_gmt":"2019-12-31T14:04:36","guid":{"rendered":"http:\/\/tv-hasloch.de\/?page_id=1124"},"modified":"2019-12-31T16:05:51","modified_gmt":"2019-12-31T14:05:51","slug":"weihnachtsfeier-2019","status":"publish","type":"page","link":"https:\/\/tv-hasloch.de\/?page_id=1124","title":{"rendered":"Weihnachtsfeier 2019"},"content":{"rendered":"\n<p>Wie jedes Jahr stellt die\nWeihnachtsfeier den H\u00f6hepunkt f\u00fcr die meisten Gruppen des TV Hasloch dar. Zu\nBeginn jedoch lie\u00df Kathrin Trabold, Vorsitzende Verwaltung, in Ihrer Ansprache\ndas Vereinsjahr Revue passieren. Ein gro\u00dfer H\u00f6hepunkt f\u00fcr die Turner dieses\nJahr war das Bayrische Landesturnfest in Schweinfurt, bei dem Robin Hirsch und\nBernd Koch jeweils einen der ersten Pl\u00e4tze in ihrer Altersklasse belegten.\nStolz verk\u00fcndete Frau Trabold, dass es ab Januar 2020 wieder eine Gruppe\n\u201eBreitensport m\u00e4nnlich\u201c geben wird, womit das sportliche Angebot des TVH weiter\nausgebaut wird. Im Anschluss wurden Sabrina Werner, Susanne Hollensteiner,\nErich Dre\u00dfler und Verena Wei\u00df, die in diesem Jahr aus der Vorstandschaft\nausschieden, f\u00fcr ihre langj\u00e4hrigen Dienste geehrt.<\/p>\n\n\n\n<div class=\"wp-block-image\"><figure class=\"aligncenter size-large is-resized\"><img fetchpriority=\"high\" decoding=\"async\" src=\"http:\/\/tv-hasloch.de\/wp-content\/uploads\/2019\/12\/2019_Weihnachtsfeier-2-1024x461.jpg\" alt=\"\" class=\"wp-image-1125\" width=\"512\" height=\"231\" srcset=\"https:\/\/tv-hasloch.de\/wp-content\/uploads\/2019\/12\/2019_Weihnachtsfeier-2-1024x461.jpg 1024w, https:\/\/tv-hasloch.de\/wp-content\/uploads\/2019\/12\/2019_Weihnachtsfeier-2-300x135.jpg 300w, https:\/\/tv-hasloch.de\/wp-content\/uploads\/2019\/12\/2019_Weihnachtsfeier-2-768x346.jpg 768w, https:\/\/tv-hasloch.de\/wp-content\/uploads\/2019\/12\/2019_Weihnachtsfeier-2-1536x692.jpg 1536w, https:\/\/tv-hasloch.de\/wp-content\/uploads\/2019\/12\/2019_Weihnachtsfeier-2-250x113.jpg 250w, https:\/\/tv-hasloch.de\/wp-content\/uploads\/2019\/12\/2019_Weihnachtsfeier-2-150x68.jpg 150w, https:\/\/tv-hasloch.de\/wp-content\/uploads\/2019\/12\/2019_Weihnachtsfeier-2.jpg 1920w\" sizes=\"(max-width: 512px) 100vw, 512px\" \/><\/figure><\/div>\n\n\n\n<p>Nach einem gemeinsamen Lied aller\nKinder und Trainer\/innen begannen die Vorf\u00fchrungen der einzelnen Gruppen, die\nsich f\u00fcr die Weihnachtsfeier wie immer etwas besonders einfallen lie\u00dfen.\nBesonders sch\u00f6n war das in diesem Jahr wieder neu zustande gekommene\nEltern-Kind Turnen, das sofort Anklang fand und mit einigen Teilnehmern\naufwartete. <\/p>\n\n\n\n<div class=\"wp-block-image\"><figure class=\"aligncenter size-large is-resized\"><img decoding=\"async\" src=\"http:\/\/tv-hasloch.de\/wp-content\/uploads\/2019\/12\/2019_Weihnachtsfeier-5-1024x675.jpg\" alt=\"\" class=\"wp-image-1126\" width=\"512\" height=\"338\" srcset=\"https:\/\/tv-hasloch.de\/wp-content\/uploads\/2019\/12\/2019_Weihnachtsfeier-5-1024x675.jpg 1024w, https:\/\/tv-hasloch.de\/wp-content\/uploads\/2019\/12\/2019_Weihnachtsfeier-5-300x198.jpg 300w, https:\/\/tv-hasloch.de\/wp-content\/uploads\/2019\/12\/2019_Weihnachtsfeier-5-768x506.jpg 768w, https:\/\/tv-hasloch.de\/wp-content\/uploads\/2019\/12\/2019_Weihnachtsfeier-5-1536x1013.jpg 1536w, https:\/\/tv-hasloch.de\/wp-content\/uploads\/2019\/12\/2019_Weihnachtsfeier-5-227x150.jpg 227w, https:\/\/tv-hasloch.de\/wp-content\/uploads\/2019\/12\/2019_Weihnachtsfeier-5-150x99.jpg 150w, https:\/\/tv-hasloch.de\/wp-content\/uploads\/2019\/12\/2019_Weihnachtsfeier-5.jpg 1920w\" sizes=\"(max-width: 512px) 100vw, 512px\" \/><\/figure><\/div>\n\n\n\n<p>Nach den Kleinsten des\nTurnvereins zeigten diverse Gruppen des Breitensport ihr K\u00f6nnen. Danach folgte\ndas Leistungsturnen der Jungs am Boden und der M\u00e4dchen am Stufenbarren. F\u00fcr die\ngute Stimmung in der Halle sorgten wie immer die \u201eJederm\u00e4nner der Neuzeit\u201c mit\nGymnastikb\u00e4llen und B\u00e4ndertanz. Danach zeigten die m\u00e4nnlichen Leistungsturner\nam St\u00fctzreck und Hochreck ihr gelerntes. Den vorl\u00e4ufigen Schlusspunkt des\nAbends setzen danach die Damen mit einer fabelhaften Auff\u00fchrung am\nSchwebebalken.<\/p>\n\n\n\n<div class=\"wp-block-image is-style-default\"><figure class=\"aligncenter size-large is-resized\"><img decoding=\"async\" src=\"http:\/\/tv-hasloch.de\/wp-content\/uploads\/2019\/12\/2019_Weihnachtsfeier-10-1024x779.jpg\" alt=\"\" class=\"wp-image-1127\" width=\"512\" height=\"390\" srcset=\"https:\/\/tv-hasloch.de\/wp-content\/uploads\/2019\/12\/2019_Weihnachtsfeier-10-1024x779.jpg 1024w, https:\/\/tv-hasloch.de\/wp-content\/uploads\/2019\/12\/2019_Weihnachtsfeier-10-300x228.jpg 300w, https:\/\/tv-hasloch.de\/wp-content\/uploads\/2019\/12\/2019_Weihnachtsfeier-10-768x584.jpg 768w, https:\/\/tv-hasloch.de\/wp-content\/uploads\/2019\/12\/2019_Weihnachtsfeier-10-1536x1169.jpg 1536w, https:\/\/tv-hasloch.de\/wp-content\/uploads\/2019\/12\/2019_Weihnachtsfeier-10-197x150.jpg 197w, https:\/\/tv-hasloch.de\/wp-content\/uploads\/2019\/12\/2019_Weihnachtsfeier-10-150x114.jpg 150w, https:\/\/tv-hasloch.de\/wp-content\/uploads\/2019\/12\/2019_Weihnachtsfeier-10.jpg 1802w\" sizes=\"(max-width: 512px) 100vw, 512px\" \/><\/figure><\/div>\n\n\n\n<p>Der H\u00f6hepunkt f\u00fcr alle Kinder war wie immer der Besuch des Nikolaus, der mit dem gemeinsam gesungenen Lied \u201eLasst uns froh und munter sein\u201c begr\u00fc\u00dft wurde. Nat\u00fcrlich hatte er auch f\u00fcr alle Kinder ein kleines Geschenk dabei. Damit endete das offizielle Programm der Weihnachtsfeier.<\/p>\n","protected":false},"excerpt":{"rendered":"<p>Wie jedes Jahr stellt die Weihnachtsfeier den H\u00f6hepunkt f\u00fcr die meisten Gruppen des TV Hasloch dar. Zu Beginn jedoch lie\u00df Kathrin Trabold, Vorsitzende Verwaltung, in Ihrer Ansprache das Vereinsjahr Revue passieren. Ein gro\u00dfer H\u00f6hepunkt f\u00fcr die Turner dieses Jahr war das Bayrische Landesturnfest in Schweinfurt, bei dem Robin Hirsch und\u2026 <a class=\"continue-reading-link\" href=\"https:\/\/tv-hasloch.de\/?page_id=1124\">Continue reading<\/a><\/p>\n","protected":false},"author":1,"featured_media":0,"parent":32,"menu_order":21,"comment_status":"closed","ping_status":"closed","template":"templates\/template-twocolumns-right.php","meta":{"footnotes":""},"class_list":["post-1124","page","type-page","status-publish","hentry"],"_links":{"self":[{"href":"https:\/\/tv-hasloch.de\/index.php?rest_route=\/wp\/v2\/pages\/1124","targetHints":{"allow":["GET"]}}],"collection":[{"href":"https:\/\/tv-hasloch.de\/index.php?rest_route=\/wp\/v2\/pages"}],"about":[{"href":"https:\/\/tv-hasloch.de\/index.php?rest_route=\/wp\/v2\/types\/page"}],"author":[{"embeddable":true,"href":"https:\/\/tv-hasloch.de\/index.php?rest_route=\/wp\/v2\/users\/1"}],"replies":[{"embeddable":true,"href":"https:\/\/tv-hasloch.de\/index.php?rest_route=%2Fwp%2Fv2%2Fcomments&post=1124"}],"version-history":[{"count":4,"href":"https:\/\/tv-hasloch.de\/index.php?rest_route=\/wp\/v2\/pages\/1124\/revisions"}],"predecessor-version":[{"id":1336,"href":"https:\/\/tv-hasloch.de\/index.php?rest_route=\/wp\/v2\/pages\/1124\/revisions\/1336"}],"up":[{"embeddable":true,"href":"https:\/\/tv-hasloch.de\/index.php?rest_route=\/wp\/v2\/pages\/32"}],"wp:attachment":[{"href":"https:\/\/tv-hasloch.de\/index.php?rest_route=%2Fwp%2Fv2%2Fmedia&parent=1124"}],"curies":[{"name":"wp","href":"https:\/\/api.w.org\/{rel}","templated":true}]}}