{"id":1050,"date":"2019-07-15T21:22:06","date_gmt":"2019-07-15T19:22:06","guid":{"rendered":"http:\/\/tv-hasloch.de\/?page_id=1050"},"modified":"2019-07-15T21:30:36","modified_gmt":"2019-07-15T19:30:36","slug":"sommerfest-2019","status":"publish","type":"page","link":"https:\/\/tv-hasloch.de\/?page_id=1050","title":{"rendered":"Sommerfest 2019"},"content":{"rendered":"\n<p>TV Hasloch Sommerfest &#8211; Sportlich erfolgreich und musikalisch stimmungsvoll<\/p>\n\n\n\n<p>Am\nSamstag, den 06.Juli 2019 fanden am Vormittag die TVH-Vereinsmeisterschaften\nder Leistungsturner und \u2013 Turnerinnen in der Haseltalhalle in\nHasloch statt. <\/p>\n\n\n\n<p>Die\nTurnerinnen turnten am Barren, Balken, Boden und Sprung. In der Altersklasse F\n(5-7 Jahre) siegte Ellen Hock vor Lina Koch. In der Altersklasse E (8-9 Jahre)\nerturnte sich Romy Korver den ersten Platz. Den zweiten Platz erreichte Hannah\nDre\u00dfler, 3te wurde Julia Stang. Bei den M\u00e4dchen D (10-11 Jahre) wurde von zehn\nTurnerinnen erste Siegerin Marilyn Endres 2te wurde Leni H\u00f6rst, den dritten\nRang erreichte Anna Sacher. In der Altersklasse C (12-13 Jahre) wurde von f\u00fcnf\nTurnerinnen 1. Laura Hilf, 2. Elisa Schneider und 3. Helena Wolf. In der Klasse\nA\/B (14-17Jahre) turnten sechs Turnerinnen. 1. wurde Victoria Trabold, 2. Marie\nD\u00fcrr, 3. Alina Sauer. Bei den aktiven Turnerinnen 18 +wurde erste Siegerin\nPatricia Trabold.<\/p>\n\n\n\n<div class=\"wp-block-image\"><figure class=\"aligncenter\"><img fetchpriority=\"high\" decoding=\"async\" width=\"300\" height=\"242\" src=\"http:\/\/tv-hasloch.de\/wp-content\/uploads\/2019\/07\/Sommerfest-2019-11-300x242.jpg\" alt=\"\" class=\"wp-image-1022\" srcset=\"https:\/\/tv-hasloch.de\/wp-content\/uploads\/2019\/07\/Sommerfest-2019-11-300x242.jpg 300w, https:\/\/tv-hasloch.de\/wp-content\/uploads\/2019\/07\/Sommerfest-2019-11-768x619.jpg 768w, https:\/\/tv-hasloch.de\/wp-content\/uploads\/2019\/07\/Sommerfest-2019-11-1024x826.jpg 1024w, https:\/\/tv-hasloch.de\/wp-content\/uploads\/2019\/07\/Sommerfest-2019-11-186x150.jpg 186w, https:\/\/tv-hasloch.de\/wp-content\/uploads\/2019\/07\/Sommerfest-2019-11-150x121.jpg 150w, https:\/\/tv-hasloch.de\/wp-content\/uploads\/2019\/07\/Sommerfest-2019-11.jpg 1920w\" sizes=\"(max-width: 300px) 100vw, 300px\" \/><\/figure><\/div>\n\n\n\n<p>Die\nTurner turnen ihre Wettk\u00e4mpfe am Boden, Seitpferd, Ringe, Sprung, Barren und\nReck. Bei den Buben F (6-7 Jahre) wurde erster Sieger Jonah May. Bei den Buben\nder Altersklasse E (8-9Jahre) wurde 1. Jan Sacher, 2. Madjan Abbas, 3. Luca\nSaalm\u00fcller. Die Altersklasse D (10-11 Jahre) gewann Timo Holzheimer vor Julius\nWei\u00df. In der Altersklasse C (12-13 Jahre) siegte Bastian Bannwarth vor Daniel\nH\u00e4ge und Konstantin Wei\u00df. Bei der Jugend A\/B (14-17 Jahre) wurde Sieger Oliver\nJucht vor Max D\u00fcrr, Jonas Roos und Felix Kirchner. Bei den Aktiven 18+ wurde auch\ndieses Jahr Robin Hirsch Vereinsmeister vor Bernd Koch, Julius Spielmann und\nLukas Roos.<\/p>\n\n\n\n<div class=\"wp-block-image\"><figure class=\"aligncenter\"><img decoding=\"async\" width=\"200\" height=\"300\" src=\"http:\/\/tv-hasloch.de\/wp-content\/uploads\/2019\/07\/Sommerfest-2019-23-200x300.jpg\" alt=\"\" class=\"wp-image-1034\" srcset=\"https:\/\/tv-hasloch.de\/wp-content\/uploads\/2019\/07\/Sommerfest-2019-23-200x300.jpg 200w, https:\/\/tv-hasloch.de\/wp-content\/uploads\/2019\/07\/Sommerfest-2019-23-768x1152.jpg 768w, https:\/\/tv-hasloch.de\/wp-content\/uploads\/2019\/07\/Sommerfest-2019-23-683x1024.jpg 683w, https:\/\/tv-hasloch.de\/wp-content\/uploads\/2019\/07\/Sommerfest-2019-23-512x768.jpg 512w, https:\/\/tv-hasloch.de\/wp-content\/uploads\/2019\/07\/Sommerfest-2019-23-100x150.jpg 100w, https:\/\/tv-hasloch.de\/wp-content\/uploads\/2019\/07\/Sommerfest-2019-23.jpg 1280w\" sizes=\"(max-width: 200px) 100vw, 200px\" \/><\/figure><\/div>\n\n\n\n<p>Weiter ging es am Nachmittag mit einem\nBasketballturnier das ebenfalls gro\u00dfen Zuspruch fand, genauso wie die\nSpa\u00dfwettbewerbe im Steinsto\u00dfen und Schleuderball. Auch die Herren\nTennis-Vereinsmeisterschaften wurden am Samstag unter der Leitung von Andreas B\u00f6kle erfolgreich ausgetragen. <\/p>\n\n\n\n<p>Bei\nder anschlie\u00dfenden Siegerehrung wurden\ndie Leistungsturner des TV Hasloch geehrt. Der vierzehnj\u00e4hrigen Viktoria\nTrabold wurde der Karl-Wiegand-Ged\u00e4chtnispokal \u00fcberreicht. Diese Ehrung wird\nj\u00e4hrlich an einen Jugendturner, f\u00fcr besondere Leistungen und besonderen\nTrainingsflei\u00df, erteilt. <\/p>\n\n\n\n<div class=\"wp-block-image\"><figure class=\"aligncenter\"><img decoding=\"async\" width=\"200\" height=\"300\" src=\"http:\/\/tv-hasloch.de\/wp-content\/uploads\/2019\/07\/Sommerfest-2019-24-200x300.jpg\" alt=\"\" class=\"wp-image-1035\" srcset=\"https:\/\/tv-hasloch.de\/wp-content\/uploads\/2019\/07\/Sommerfest-2019-24-200x300.jpg 200w, https:\/\/tv-hasloch.de\/wp-content\/uploads\/2019\/07\/Sommerfest-2019-24-768x1152.jpg 768w, https:\/\/tv-hasloch.de\/wp-content\/uploads\/2019\/07\/Sommerfest-2019-24-683x1024.jpg 683w, https:\/\/tv-hasloch.de\/wp-content\/uploads\/2019\/07\/Sommerfest-2019-24-512x768.jpg 512w, https:\/\/tv-hasloch.de\/wp-content\/uploads\/2019\/07\/Sommerfest-2019-24-100x150.jpg 100w, https:\/\/tv-hasloch.de\/wp-content\/uploads\/2019\/07\/Sommerfest-2019-24.jpg 1280w\" sizes=\"(max-width: 200px) 100vw, 200px\" \/><\/figure><\/div>\n\n\n\n<p>Auch\nf\u00fcr die Unterhaltung der Kinder wurde bestens gesorgt. Eine H\u00fcpfburg und eine\nWasserrutsche wurden angeboten, die bei den sommerlichen Temperaturen am\nSamstag gerne genutzt wurden.<\/p>\n\n\n\n<p>Am Abend unterhielt die Band, \u201eMir 2w\u00e4 und Band\u201c, wie immer\nperfekt mit ihrer unverwechselbaren Live\nMusik die vielen G\u00e4ste und sorgten f\u00fcr eine tolle\nStimmung. Selbst ein pl\u00f6tzlicher Regenschauer konnte die gute Stimmung nicht\ntr\u00fcben und die Band spielte bis weit nach Mitternacht vor begeistertem\nPublikum. <\/p>\n\n\n\n<p>Der\nSonntagvormittag begann mit einem Fr\u00fchschoppen. Leider war am Sonntag das\nWetter dem TVH nicht immer gewogen. Deshalb mussten nach dem Mittagstisch die\nVorf\u00fchrungen der verschiedenen Turn- und Tanzgruppen des TVH wegen dem\nregnerischen Wetter in die Haseltalhalle verlegt werden. <\/p>\n\n\n\n<div class=\"wp-block-image\"><figure class=\"aligncenter\"><img loading=\"lazy\" decoding=\"async\" width=\"300\" height=\"200\" src=\"http:\/\/tv-hasloch.de\/wp-content\/uploads\/2019\/07\/Sommerfest-2019-28-300x200.jpg\" alt=\"\" class=\"wp-image-1039\" srcset=\"https:\/\/tv-hasloch.de\/wp-content\/uploads\/2019\/07\/Sommerfest-2019-28-300x200.jpg 300w, https:\/\/tv-hasloch.de\/wp-content\/uploads\/2019\/07\/Sommerfest-2019-28-768x512.jpg 768w, https:\/\/tv-hasloch.de\/wp-content\/uploads\/2019\/07\/Sommerfest-2019-28-1024x683.jpg 1024w, https:\/\/tv-hasloch.de\/wp-content\/uploads\/2019\/07\/Sommerfest-2019-28-225x150.jpg 225w, https:\/\/tv-hasloch.de\/wp-content\/uploads\/2019\/07\/Sommerfest-2019-28-150x100.jpg 150w, https:\/\/tv-hasloch.de\/wp-content\/uploads\/2019\/07\/Sommerfest-2019-28.jpg 1920w\" sizes=\"(max-width: 300px) 100vw, 300px\" \/><\/figure><\/div>\n\n\n\n<p>Begonnen wurde mit den kleinen M\u00e4dchen und Buben von 3 \u2013 6 Jahren an Bank und Kasten, die mit gro\u00dfem Stolz ihre Geschicklichkeit zeigten. Weiter ging es mit der M\u00e4dchen-Breitensportgruppe, sie zeigten voller Eifer Spr\u00fcnge am Trampolin und Turnen am Boden. Die Zumba Gruppe f\u00fcr Erwachsene konnte ihr ganzes K\u00f6nnen dem zahlreichen Publikum wieder drau\u00dfen auf dem Turnplatz zeigen.  Das offizielle Programm wurde von den weiblichen und m\u00e4nnlichen Leistungsturnern des TVH, die eine eindrucksvolle Turnshow mit vielen akrobatischen Spr\u00fcngen, W\u00fcrfen und Hebe\u00fcbungen zeigten, beendet. F\u00fcr die unterschiedlichen Turngruppen sparten die vielen Zuschauer nicht mit ihrem Applaus. <\/p>\n\n\n\n<div class=\"wp-block-image\"><figure class=\"alignleft\"><img loading=\"lazy\" decoding=\"async\" width=\"300\" height=\"198\" src=\"http:\/\/tv-hasloch.de\/wp-content\/uploads\/2019\/07\/Sommerfest-2019-1-300x198.jpg\" alt=\"\" class=\"wp-image-1012\" srcset=\"https:\/\/tv-hasloch.de\/wp-content\/uploads\/2019\/07\/Sommerfest-2019-1-300x198.jpg 300w, https:\/\/tv-hasloch.de\/wp-content\/uploads\/2019\/07\/Sommerfest-2019-1-768x506.jpg 768w, https:\/\/tv-hasloch.de\/wp-content\/uploads\/2019\/07\/Sommerfest-2019-1-1024x674.jpg 1024w, https:\/\/tv-hasloch.de\/wp-content\/uploads\/2019\/07\/Sommerfest-2019-1-228x150.jpg 228w, https:\/\/tv-hasloch.de\/wp-content\/uploads\/2019\/07\/Sommerfest-2019-1-150x99.jpg 150w, https:\/\/tv-hasloch.de\/wp-content\/uploads\/2019\/07\/Sommerfest-2019-1.jpg 1920w\" sizes=\"(max-width: 300px) 100vw, 300px\" \/><\/figure><\/div>\n\n\n\n<div class=\"wp-block-image\"><figure class=\"alignright\"><img loading=\"lazy\" decoding=\"async\" width=\"200\" height=\"300\" src=\"http:\/\/tv-hasloch.de\/wp-content\/uploads\/2019\/07\/Sommerfest-2019-29-200x300.jpg\" alt=\"\" class=\"wp-image-1040\" srcset=\"https:\/\/tv-hasloch.de\/wp-content\/uploads\/2019\/07\/Sommerfest-2019-29-200x300.jpg 200w, https:\/\/tv-hasloch.de\/wp-content\/uploads\/2019\/07\/Sommerfest-2019-29-768x1152.jpg 768w, https:\/\/tv-hasloch.de\/wp-content\/uploads\/2019\/07\/Sommerfest-2019-29-683x1024.jpg 683w, https:\/\/tv-hasloch.de\/wp-content\/uploads\/2019\/07\/Sommerfest-2019-29-512x768.jpg 512w, https:\/\/tv-hasloch.de\/wp-content\/uploads\/2019\/07\/Sommerfest-2019-29-100x150.jpg 100w, https:\/\/tv-hasloch.de\/wp-content\/uploads\/2019\/07\/Sommerfest-2019-29.jpg 1280w\" sizes=\"(max-width: 200px) 100vw, 200px\" \/><\/figure><\/div>\n","protected":false},"excerpt":{"rendered":"<p>TV Hasloch Sommerfest &#8211; Sportlich erfolgreich und musikalisch stimmungsvoll Am Samstag, den 06.Juli 2019 fanden am Vormittag die TVH-Vereinsmeisterschaften der Leistungsturner und \u2013 Turnerinnen in der Haseltalhalle in Hasloch statt. Die Turnerinnen turnten am Barren, Balken, Boden und Sprung. In der Altersklasse F (5-7 Jahre) siegte Ellen Hock vor Lina\u2026 <a class=\"continue-reading-link\" href=\"https:\/\/tv-hasloch.de\/?page_id=1050\">Continue reading<\/a><\/p>\n","protected":false},"author":1,"featured_media":0,"parent":32,"menu_order":15,"comment_status":"closed","ping_status":"closed","template":"templates\/template-twocolumns-right.php","meta":{"footnotes":""},"class_list":["post-1050","page","type-page","status-publish","hentry"],"_links":{"self":[{"href":"https:\/\/tv-hasloch.de\/index.php?rest_route=\/wp\/v2\/pages\/1050","targetHints":{"allow":["GET"]}}],"collection":[{"href":"https:\/\/tv-hasloch.de\/index.php?rest_route=\/wp\/v2\/pages"}],"about":[{"href":"https:\/\/tv-hasloch.de\/index.php?rest_route=\/wp\/v2\/types\/page"}],"author":[{"embeddable":true,"href":"https:\/\/tv-hasloch.de\/index.php?rest_route=\/wp\/v2\/users\/1"}],"replies":[{"embeddable":true,"href":"https:\/\/tv-hasloch.de\/index.php?rest_route=%2Fwp%2Fv2%2Fcomments&post=1050"}],"version-history":[{"count":9,"href":"https:\/\/tv-hasloch.de\/index.php?rest_route=\/wp\/v2\/pages\/1050\/revisions"}],"predecessor-version":[{"id":1061,"href":"https:\/\/tv-hasloch.de\/index.php?rest_route=\/wp\/v2\/pages\/1050\/revisions\/1061"}],"up":[{"embeddable":true,"href":"https:\/\/tv-hasloch.de\/index.php?rest_route=\/wp\/v2\/pages\/32"}],"wp:attachment":[{"href":"https:\/\/tv-hasloch.de\/index.php?rest_route=%2Fwp%2Fv2%2Fmedia&parent=1050"}],"curies":[{"name":"wp","href":"https:\/\/api.w.org\/{rel}","templated":true}]}}